{"id":1848,"date":"2018-07-11T23:27:27","date_gmt":"2018-07-11T22:27:27","guid":{"rendered":"https:\/\/www.smartb2b.eu\/preisgestaltung\/"},"modified":"2021-02-11T13:43:59","modified_gmt":"2021-02-11T12:43:59","slug":"preisgestaltung","status":"publish","type":"page","link":"https:\/\/www.smartb2b.eu\/de\/preisgestaltung\/","title":{"rendered":"Preise"},"content":{"rendered":"\n<style type=\"text\/css\" data-created_by=\"avia_inline_auto\" id=\"style-css-av-fikvy8-59b44eb01ef20ffdc7110a7c7646cd75\">\n.avia-section.av-fikvy8-59b44eb01ef20ffdc7110a7c7646cd75{\nbackground-color:#1a237e;\nbackground-image:unset;\n}\n<\/style>\n<div id='av_section_1'  class='avia-section av-fikvy8-59b44eb01ef20ffdc7110a7c7646cd75 main_color avia-section-default avia-no-shadow  avia-builder-el-0  el_before_av_textblock  avia-builder-el-first  avia-bg-style-scroll container_wrap fullsize'  ><div class='container av-section-cont-open' ><main  role=\"main\" itemprop=\"mainContentOfPage\"  class='template-page content  av-content-full alpha units'><div class='post-entry post-entry-type-page post-entry-1848'><div class='entry-content-wrapper clearfix'>\n\n<style type=\"text\/css\" data-created_by=\"avia_inline_auto\" id=\"style-css-av-1jaqv4-d33eee9eb4a4e0621bc15306175d5d14\">\n#top .av-special-heading.av-1jaqv4-d33eee9eb4a4e0621bc15306175d5d14{\npadding-bottom:10px;\ncolor:#ffffff;\nfont-size:54px;\n}\nbody .av-special-heading.av-1jaqv4-d33eee9eb4a4e0621bc15306175d5d14 .av-special-heading-tag .heading-char{\nfont-size:25px;\n}\n#top #wrap_all .av-special-heading.av-1jaqv4-d33eee9eb4a4e0621bc15306175d5d14 .av-special-heading-tag{\nfont-size:54px;\n}\n.av-special-heading.av-1jaqv4-d33eee9eb4a4e0621bc15306175d5d14 .special-heading-inner-border{\nborder-color:#ffffff;\n}\n.av-special-heading.av-1jaqv4-d33eee9eb4a4e0621bc15306175d5d14 .av-subheading{\nfont-size:15px;\n}\n\n@media only screen and (min-width: 480px) and (max-width: 767px){ \n#top #wrap_all .av-special-heading.av-1jaqv4-d33eee9eb4a4e0621bc15306175d5d14 .av-special-heading-tag{\nfont-size:0.8em;\n}\n}\n\n@media only screen and (max-width: 479px){ \n#top #wrap_all .av-special-heading.av-1jaqv4-d33eee9eb4a4e0621bc15306175d5d14 .av-special-heading-tag{\nfont-size:0.8em;\n}\n}\n<\/style>\n<div  class='av-special-heading av-1jaqv4-d33eee9eb4a4e0621bc15306175d5d14 av-special-heading-h1 custom-color-heading blockquote modern-quote  avia-builder-el-1  avia-builder-el-no-sibling  av-inherit-size'><h1 class='av-special-heading-tag'  itemprop=\"headline\"  >Preise<\/h1><div class=\"special-heading-border\"><div class=\"special-heading-inner-border\"><\/div><\/div><\/div>\n<\/div><\/div><\/main><!-- close content main element --><\/div><\/div><div id='after_section_1'  class='main_color av_default_container_wrap container_wrap fullsize'  ><div class='container av-section-cont-open' ><div class='template-page content  av-content-full alpha units'><div class='post-entry post-entry-type-page post-entry-1848'><div class='entry-content-wrapper clearfix'>\n<section  class='av_textblock_section av-f7h4qw-56395fd9b91a5ef48e145bc7d5feb590 '   itemscope=\"itemscope\" itemtype=\"https:\/\/schema.org\/CreativeWork\" ><div class='avia_textblock'  itemprop=\"text\" ><p>SMARTB2B ist eine selbstverwaltete L\u00f6sung, die als Software-as-a-Service (SAAS) f\u00fcr monatliche Geb\u00fchren erh\u00e4ltlich ist, deren H\u00f6he von den verf\u00fcgbaren Funktionen, Speicher usw abh\u00e4ngt. Wir stellen die Software, Speicher, Einf\u00fchrungstraining, Unterst\u00fctzung, Behebung von Fehlern, Entwicklung von neuen Funktionen zur Verf\u00fcgung, w\u00e4hrend Sie Produkte, Dateien, Kunden und alle in Ihrem Kundenportal gespeicherten Inhalte verwalten.<\/p>\n<p>Wir bieten auch einen kostenpflichtigen Service f\u00fcr die Verwaltung Ihres Kundenportals mit Monats- oder Tagesabrechnung an, die Sie das ganze Jahr \u00fcber oder nur in kritischen Momenten nutzen k\u00f6nnen, wenn Sie neue Produkte einf\u00fchren, Preislisten \u00e4ndern oder viele neue Dateien ver\u00f6ffentlichen m\u00f6chten.<\/p>\n<\/div><\/section>\n<div  class='avia-table av-f0mesw-65b579fd0896d5b6d040ac0e04b252c0 main_color avia-pricing-table-container avia_show_empty_cells avia_pricing_minimal  avia-builder-el-3  el_after_av_textblock  el_before_av_heading  avia-table-1'  itemscope=\"itemscope\" itemtype=\"https:\/\/schema.org\/Table\" ><div class=\"pricing-table-wrap\"><ul class='pricing-table avia-desc-col'><li class='avia-pricing-row empty-table-cell'><div class='first-table-item'><span class='fallback-table-val'>S<\/p>\n<div style=\"font-size: 14px;\">f\u00fcr Distributoren und Gro\u00dfh\u00e4ndler<\/div>\n<p><\/span><\/div><span class='pricing-extra'><\/span><\/li><li class=' empty-table-cell'><span class='fallback-table-val'>200\u20ac \/ Monat<\/span><\/li><li class=''>Sprachen<\/li><li class=''>Unterst\u00fctzung<\/li><li class=''>W\u00e4hrungen<\/li><li class=''>Speicherplatz f\u00fcr Bilder und Dateien<\/li><li class=''>Anzahl der Produkte<\/li><li class=''>Anzahl der Nutzer<\/li><li class=''>Anzahl der Bestellungen<\/li><\/ul><\/div><div class=\"pricing-table-wrap\"><ul class='pricing-table avia-center-col'><li class='avia-pricing-row'><div class='first-table-item'>S<\/p>\n<div style=\"font-size: 14px;\">f\u00fcr Distributoren und Gro\u00dfh\u00e4ndler<\/div>\n<p><\/div><span class='pricing-extra'><\/span><\/li><li class=''>200\u20ac \/ Monat<\/li><li class=''>1<\/li><li class=''>E-Mail<\/li><li class=''>1<\/li><li class=''>50 GB<\/li><li class=''>unbegrenzt<\/li><li class=''>unbegrenzt<\/li><li class=''>unbegrenzt<\/li><\/ul><\/div><div class=\"pricing-table-wrap\"><ul class='pricing-table avia-center-col'><li class='avia-pricing-row'><div class='first-table-item'>M<\/p>\n<div style=\"font-size: 14px;\">f\u00fcr Exporteure<\/div>\n<p><\/div><span class='pricing-extra'><\/span><\/li><li class=''>500\u20ac \/ Monat<\/li><li class=''>Alle<\/li><li class=''>E-Mail + Telefon<\/li><li class=''>Alle<\/li><li class=''>500 GB<\/li><li class=''>unbegrenzt<\/li><li class=''>unbegrenzt<\/li><li class=''>unbegrenzt<\/li><\/ul><\/div><div class=\"pricing-table-wrap\"><ul class='pricing-table avia-center-col'><li class='avia-pricing-row'><div class='first-table-item'>L<\/p>\n<div style=\"font-size: 14px;\">f\u00fcr alle, die Alles ben\u00f6tigen<\/div>\n<p><\/div><span class='pricing-extra'><\/span><\/li><li class=''>1000\u20ac \/ Monat<\/li><li class=''>Alle<\/li><li class=''>E-Mail + Telefon<\/li><li class=''>Alle<\/li><li class=''>2000 GB<\/li><li class=''>unbegrenzt<\/li><li class=''>unbegrenzt<\/li><li class=''>unbegrenzt<\/li><\/ul><\/div><\/div>\n\n<style type=\"text\/css\" data-created_by=\"avia_inline_auto\" id=\"style-css-av-7z6xk-c4db1617625a4dd7bea76d5ac3cddb94\">\n#top .av-special-heading.av-7z6xk-c4db1617625a4dd7bea76d5ac3cddb94{\npadding-bottom:0;\n}\nbody .av-special-heading.av-7z6xk-c4db1617625a4dd7bea76d5ac3cddb94 .av-special-heading-tag .heading-char{\nfont-size:25px;\n}\n.av-special-heading.av-7z6xk-c4db1617625a4dd7bea76d5ac3cddb94 .av-subheading{\nfont-size:15px;\n}\n<\/style>\n<div  class='av-special-heading av-7z6xk-c4db1617625a4dd7bea76d5ac3cddb94 av-special-heading-h3 blockquote modern-quote  avia-builder-el-4  el_after_av_table  el_before_av_table '><h3 class='av-special-heading-tag'  itemprop=\"headline\"  >Kern Module<\/h3><div class=\"special-heading-border\"><div class=\"special-heading-inner-border\"><\/div><\/div><\/div>\n<div  class='avia-table av-78yyk8-5608e83f2547e3d15e17235975d33a79 main_color avia-pricing-table-container avia_show_empty_cells avia_pricing_minimal  avia-builder-el-5  el_after_av_heading  avia-builder-el-last  avia-table-2'  itemscope=\"itemscope\" itemtype=\"https:\/\/schema.org\/Table\" ><div class=\"pricing-table-wrap\"><ul class='pricing-table avia-desc-col'><li class=''><div class='first-table-item'>B2B Online-Vertrieb<\/div><span class='pricing-extra'><\/span><\/li><li class=''>Portal f\u00fcr Selbstbedienung<\/li><li class=''>Medien &amp; Datenbank<\/li><\/ul><\/div><div class=\"pricing-table-wrap\"><ul class='pricing-table avia-center-col'><li class=''><div class='first-table-item'>ja<\/div><span class='pricing-extra'><\/span><\/li><li class=''>ja<\/li><li class=''>ja<\/li><\/ul><\/div><div class=\"pricing-table-wrap\"><ul class='pricing-table avia-center-col'><li class=''><div class='first-table-item'>ja<\/div><span class='pricing-extra'><\/span><\/li><li class=''>ja<\/li><li class=''>ja<\/li><\/ul><\/div><div class=\"pricing-table-wrap\"><ul class='pricing-table avia-center-col'><li class=''><div class='first-table-item'>ja<\/div><span class='pricing-extra'><\/span><\/li><li class=''>ja<\/li><li class=''>ja<\/li><\/ul><\/div><\/div>\n","protected":false},"excerpt":{"rendered":"","protected":false},"author":1,"featured_media":0,"parent":0,"menu_order":2,"comment_status":"closed","ping_status":"closed","template":"","meta":{"footnotes":""},"yoast_head":"<!-- This site is optimized with the Yoast SEO plugin v22.6 - https:\/\/yoast.com\/wordpress\/plugins\/seo\/ -->\n<title>Preise - SmartB2B<\/title>\n<meta name=\"robots\" content=\"index, follow, max-snippet:-1, max-image-preview:large, max-video-preview:-1\" \/>\n<link rel=\"canonical\" href=\"https:\/\/www.smartb2b.eu\/de\/preisgestaltung\/\" \/>\n<meta property=\"og:locale\" content=\"de_DE\" \/>\n<meta property=\"og:type\" content=\"article\" \/>\n<meta property=\"og:title\" content=\"Preise - SmartB2B\" \/>\n<meta property=\"og:url\" content=\"https:\/\/www.smartb2b.eu\/de\/preisgestaltung\/\" \/>\n<meta property=\"og:site_name\" content=\"SmartB2B\" \/>\n<meta property=\"article:modified_time\" content=\"2021-02-11T12:43:59+00:00\" \/>\n<meta name=\"twitter:card\" content=\"summary_large_image\" \/>\n<meta name=\"twitter:label1\" content=\"Gesch\u00e4tzte Lesezeit\" \/>\n\t<meta name=\"twitter:data1\" content=\"6\u00a0Minuten\" \/>\n<script type=\"application\/ld+json\" class=\"yoast-schema-graph\">{\"@context\":\"https:\/\/schema.org\",\"@graph\":[{\"@type\":\"WebPage\",\"@id\":\"https:\/\/www.smartb2b.eu\/de\/preisgestaltung\/\",\"url\":\"https:\/\/www.smartb2b.eu\/de\/preisgestaltung\/\",\"name\":\"Preise - SmartB2B\",\"isPartOf\":{\"@id\":\"https:\/\/www.smartb2b.eu\/#website\"},\"datePublished\":\"2018-07-11T22:27:27+00:00\",\"dateModified\":\"2021-02-11T12:43:59+00:00\",\"breadcrumb\":{\"@id\":\"https:\/\/www.smartb2b.eu\/de\/preisgestaltung\/#breadcrumb\"},\"inLanguage\":\"de\",\"potentialAction\":[{\"@type\":\"ReadAction\",\"target\":[\"https:\/\/www.smartb2b.eu\/de\/preisgestaltung\/\"]}]},{\"@type\":\"BreadcrumbList\",\"@id\":\"https:\/\/www.smartb2b.eu\/de\/preisgestaltung\/#breadcrumb\",\"itemListElement\":[{\"@type\":\"ListItem\",\"position\":1,\"name\":\"Home\",\"item\":\"https:\/\/www.smartb2b.eu\/\"},{\"@type\":\"ListItem\",\"position\":2,\"name\":\"Preise\"}]},{\"@type\":\"WebSite\",\"@id\":\"https:\/\/www.smartb2b.eu\/#website\",\"url\":\"https:\/\/www.smartb2b.eu\/\",\"name\":\"SmartB2B\",\"description\":\"advanced customer portal and more\",\"potentialAction\":[{\"@type\":\"SearchAction\",\"target\":{\"@type\":\"EntryPoint\",\"urlTemplate\":\"https:\/\/www.smartb2b.eu\/?s={search_term_string}\"},\"query-input\":\"required name=search_term_string\"}],\"inLanguage\":\"de\"}]}<\/script>\n<!-- \/ Yoast SEO plugin. -->","yoast_head_json":{"title":"Preise - SmartB2B","robots":{"index":"index","follow":"follow","max-snippet":"max-snippet:-1","max-image-preview":"max-image-preview:large","max-video-preview":"max-video-preview:-1"},"canonical":"https:\/\/www.smartb2b.eu\/de\/preisgestaltung\/","og_locale":"de_DE","og_type":"article","og_title":"Preise - SmartB2B","og_url":"https:\/\/www.smartb2b.eu\/de\/preisgestaltung\/","og_site_name":"SmartB2B","article_modified_time":"2021-02-11T12:43:59+00:00","twitter_card":"summary_large_image","twitter_misc":{"Gesch\u00e4tzte Lesezeit":"6\u00a0Minuten"},"schema":{"@context":"https:\/\/schema.org","@graph":[{"@type":"WebPage","@id":"https:\/\/www.smartb2b.eu\/de\/preisgestaltung\/","url":"https:\/\/www.smartb2b.eu\/de\/preisgestaltung\/","name":"Preise - SmartB2B","isPartOf":{"@id":"https:\/\/www.smartb2b.eu\/#website"},"datePublished":"2018-07-11T22:27:27+00:00","dateModified":"2021-02-11T12:43:59+00:00","breadcrumb":{"@id":"https:\/\/www.smartb2b.eu\/de\/preisgestaltung\/#breadcrumb"},"inLanguage":"de","potentialAction":[{"@type":"ReadAction","target":["https:\/\/www.smartb2b.eu\/de\/preisgestaltung\/"]}]},{"@type":"BreadcrumbList","@id":"https:\/\/www.smartb2b.eu\/de\/preisgestaltung\/#breadcrumb","itemListElement":[{"@type":"ListItem","position":1,"name":"Home","item":"https:\/\/www.smartb2b.eu\/"},{"@type":"ListItem","position":2,"name":"Preise"}]},{"@type":"WebSite","@id":"https:\/\/www.smartb2b.eu\/#website","url":"https:\/\/www.smartb2b.eu\/","name":"SmartB2B","description":"advanced customer portal and more","potentialAction":[{"@type":"SearchAction","target":{"@type":"EntryPoint","urlTemplate":"https:\/\/www.smartb2b.eu\/?s={search_term_string}"},"query-input":"required name=search_term_string"}],"inLanguage":"de"}]}},"_links":{"self":[{"href":"https:\/\/www.smartb2b.eu\/de\/wp-json\/wp\/v2\/pages\/1848"}],"collection":[{"href":"https:\/\/www.smartb2b.eu\/de\/wp-json\/wp\/v2\/pages"}],"about":[{"href":"https:\/\/www.smartb2b.eu\/de\/wp-json\/wp\/v2\/types\/page"}],"author":[{"embeddable":true,"href":"https:\/\/www.smartb2b.eu\/de\/wp-json\/wp\/v2\/users\/1"}],"replies":[{"embeddable":true,"href":"https:\/\/www.smartb2b.eu\/de\/wp-json\/wp\/v2\/comments?post=1848"}],"version-history":[{"count":54,"href":"https:\/\/www.smartb2b.eu\/de\/wp-json\/wp\/v2\/pages\/1848\/revisions"}],"predecessor-version":[{"id":2266,"href":"https:\/\/www.smartb2b.eu\/de\/wp-json\/wp\/v2\/pages\/1848\/revisions\/2266"}],"wp:attachment":[{"href":"https:\/\/www.smartb2b.eu\/de\/wp-json\/wp\/v2\/media?parent=1848"}],"curies":[{"name":"wp","href":"https:\/\/api.w.org\/{rel}","templated":true}]}}