{"id":1888,"date":"2018-07-13T22:51:29","date_gmt":"2018-07-13T21:51:29","guid":{"rendered":"https:\/\/www.smartb2b.eu\/eigenschaften\/b2b-online-vertrieb\/"},"modified":"2018-08-06T15:28:27","modified_gmt":"2018-08-06T14:28:27","slug":"b2b-online-vertrieb","status":"publish","type":"page","link":"https:\/\/www.smartb2b.eu\/de\/eigenschaften\/b2b-online-vertrieb\/","title":{"rendered":"B2B Online-Vertrieb"},"content":{"rendered":"\n<style type=\"text\/css\" data-created_by=\"avia_inline_auto\" id=\"style-css-av-2haroj-13837ee65e6813cebe43e6d125772a56\">\n.avia-section.av-2haroj-13837ee65e6813cebe43e6d125772a56{\nbackground-color:#6a1b9a;\nbackground-image:unset;\n}\n<\/style>\n<div id='av_section_1'  class='avia-section av-2haroj-13837ee65e6813cebe43e6d125772a56 main_color avia-section-default avia-no-shadow  avia-builder-el-0  el_before_av_section  avia-builder-el-first  avia-bg-style-fixed container_wrap fullsize'  ><div class='container av-section-cont-open' ><main  role=\"main\" itemprop=\"mainContentOfPage\"  class='template-page content  av-content-full alpha units'><div class='post-entry post-entry-type-page post-entry-1888'><div class='entry-content-wrapper clearfix'>\n\n<style type=\"text\/css\" data-created_by=\"avia_inline_auto\" id=\"style-css-av-2612qr-02990358320fb793027f8ea4d8055bc7\">\n#top .av-special-heading.av-2612qr-02990358320fb793027f8ea4d8055bc7{\npadding-bottom:10px;\ncolor:#ffffff;\nfont-size:54px;\n}\nbody .av-special-heading.av-2612qr-02990358320fb793027f8ea4d8055bc7 .av-special-heading-tag .heading-char{\nfont-size:25px;\n}\n#top #wrap_all .av-special-heading.av-2612qr-02990358320fb793027f8ea4d8055bc7 .av-special-heading-tag{\nfont-size:54px;\n}\n.av-special-heading.av-2612qr-02990358320fb793027f8ea4d8055bc7 .special-heading-inner-border{\nborder-color:#ffffff;\n}\n.av-special-heading.av-2612qr-02990358320fb793027f8ea4d8055bc7 .av-subheading{\nfont-size:20px;\n}\n\n@media only screen and (min-width: 480px) and (max-width: 767px){ \n#top #wrap_all .av-special-heading.av-2612qr-02990358320fb793027f8ea4d8055bc7 .av-special-heading-tag{\nfont-size:0.8em;\n}\n}\n\n@media only screen and (max-width: 479px){ \n#top #wrap_all .av-special-heading.av-2612qr-02990358320fb793027f8ea4d8055bc7 .av-special-heading-tag{\nfont-size:0.8em;\n}\n}\n<\/style>\n<div  class='av-special-heading av-2612qr-02990358320fb793027f8ea4d8055bc7 av-special-heading-h1 custom-color-heading blockquote modern-quote  avia-builder-el-1  avia-builder-el-no-sibling  av-inherit-size'><h1 class='av-special-heading-tag'  itemprop=\"headline\"  >B2B Online-Vertrieb<\/h1><div class='av_custom_color av-subheading av-subheading_below'><p>Kern des Kundenportals<\/p>\n<\/div><div class=\"special-heading-border\"><div class=\"special-heading-inner-border\"><\/div><\/div><\/div>\n\n<\/div><\/div><\/main><!-- close content main element --><\/div><\/div>\n<style type=\"text\/css\" data-created_by=\"avia_inline_auto\" id=\"style-css-av-21w1rv-afb05fa015b22a384f9b3093d8e89ea7\">\n.avia-section.av-21w1rv-afb05fa015b22a384f9b3093d8e89ea7{\nbackground-color:#ffffff;\nbackground-image:unset;\n}\n<\/style>\n<div id='av_section_2'  class='avia-section av-21w1rv-afb05fa015b22a384f9b3093d8e89ea7 main_color avia-section-default avia-no-shadow  avia-builder-el-2  el_after_av_section  el_before_av_section  avia-bg-style-scroll container_wrap fullsize'  ><div class='container av-section-cont-open' ><div class='template-page content  av-content-full alpha units'><div class='post-entry post-entry-type-page post-entry-1888'><div class='entry-content-wrapper clearfix'>\n\n<style type=\"text\/css\" data-created_by=\"avia_inline_auto\" id=\"style-css-av-1uvyxf-65df8e2d6f6a0382c4efe08190dc6368\">\n.flex_column.av-1uvyxf-65df8e2d6f6a0382c4efe08190dc6368{\nborder-radius:0px 0px 0px 0px;\npadding:0 0 0 0;\n}\n<\/style>\n<div  class='flex_column av-1uvyxf-65df8e2d6f6a0382c4efe08190dc6368 av_one_full  avia-builder-el-3  avia-builder-el-no-sibling  first flex_column_div av-zero-column-padding  '     ><p>\n<style type=\"text\/css\" data-created_by=\"avia_inline_auto\" id=\"style-css-av-1k8w3-9461a8eda37fa90c4bf662e3acd3adf9\">\n#top .av-special-heading.av-1k8w3-9461a8eda37fa90c4bf662e3acd3adf9{\npadding-bottom:10px;\n}\nbody .av-special-heading.av-1k8w3-9461a8eda37fa90c4bf662e3acd3adf9 .av-special-heading-tag .heading-char{\nfont-size:25px;\n}\n.av-special-heading.av-1k8w3-9461a8eda37fa90c4bf662e3acd3adf9 .av-subheading{\nfont-size:15px;\n}\n<\/style>\n<div  class='av-special-heading av-1k8w3-9461a8eda37fa90c4bf662e3acd3adf9 av-special-heading-h1 blockquote modern-quote  avia-builder-el-4  el_before_av_textblock  avia-builder-el-first '><h1 class='av-special-heading-tag'  itemprop=\"headline\"  >Online Produktkatalog<\/h1><div class=\"special-heading-border\"><div class=\"special-heading-inner-border\"><\/div><\/div><\/div><br \/>\n<section  class='av_textblock_section av-1ja59f-620f506e392432cedb1347bf45faea8b '   itemscope=\"itemscope\" itemtype=\"https:\/\/schema.org\/CreativeWork\" ><div class='avia_textblock'  itemprop=\"text\" ><p>Genau wie Ihre Produkte der Kern Ihres Gesch\u00e4fts sind, so ist der Produktkatalog das Hauptmodul des SMARTB2B.<br \/>\nEs ist eine Zentralstelle zum Managen von Kunden und Ihnen alle wesentlichen Informationen bez\u00fcglich Ihres Sortiments vorzustellen.<\/p>\n<p>Wir haben vordefinierte Felder mit Standarddaten vorbereitet &#8211; Name, Sortiment, Beschreibung, Verpackung (mit mehreren Verpackungseinheiten, Abmessungen und Gewichten f\u00fcr jeden Verpackungstyp, mehrere EAN-Codes), Garantieinformationen, Tarifcode und Ursprungsland. Der Produktkatalog kann so erweitert werden, dass er alle Produkteigenschaften enth\u00e4lt, die f\u00fcr Ihre Produkte spezifisch sind.<\/p>\n<p>Alle Texte &#8211; Namen und Beschreibungen &#8211; k\u00f6nnen in mehrere Sprachen \u00fcbersetzt werden und SMARTB2B wird Ihren Kunden allen Informationen in der am besten geeigneten Sprache pr\u00e4sentieren.<\/p>\n<p>Alle Produkte in SMARTB2B sind in mehrstufigen Kategorien angeordnet, die die Hierarchie der Produkte in Ihren eigenen Katalogen und Preislisten widerspiegelt. Alle Produkte k\u00f6nnen mehreren Kategorien zugeordnet werden und durch Festlegen von Zugangsberechtigungen f\u00fcr jede Kategorie, k\u00f6nnen Sie den Zugang Ihrer Kunden nur auf den Teil Ihres Sortiments beschr\u00e4nken, das in ihren Handelsbedingungen enthalten ist.<\/p>\n<\/div><\/section><br \/>\n<div  class='hr av-1du1uj-630b87059221c6c60cfb5c1735d40835 hr-default  avia-builder-el-6  el_after_av_textblock  el_before_av_heading '><span class='hr-inner '><span class=\"hr-inner-style\"><\/span><\/span><\/div><br \/>\n\n<style type=\"text\/css\" data-created_by=\"avia_inline_auto\" id=\"style-css-av-as5yr-95d2288bb0bda0152df5bfabebe76e11\">\n#top .av-special-heading.av-as5yr-95d2288bb0bda0152df5bfabebe76e11{\npadding-bottom:10px;\n}\nbody .av-special-heading.av-as5yr-95d2288bb0bda0152df5bfabebe76e11 .av-special-heading-tag .heading-char{\nfont-size:25px;\n}\n.av-special-heading.av-as5yr-95d2288bb0bda0152df5bfabebe76e11 .av-subheading{\nfont-size:15px;\n}\n<\/style>\n<div  class='av-special-heading av-as5yr-95d2288bb0bda0152df5bfabebe76e11 av-special-heading-h1 blockquote modern-quote  avia-builder-el-7  el_after_av_hr  el_before_av_textblock '><h1 class='av-special-heading-tag'  itemprop=\"headline\"  >Auftragsaufnahme-System<\/h1><div class=\"special-heading-border\"><div class=\"special-heading-inner-border\"><\/div><\/div><\/div><br \/>\n<section  class='av_textblock_section av-11sh1v-f2189ae36ef05bc8af8883238d2ec734 '   itemscope=\"itemscope\" itemtype=\"https:\/\/schema.org\/CreativeWork\" ><div class='avia_textblock'  itemprop=\"text\" ><p>Das SMARTB2B Auftragsaufnahme-System ist eine Zentralstelle an der Ihr Vertrieb stattfindet.<\/p>\n<h3>F\u00fcr Ihre Kunden<\/h3>\n<p>F\u00fcr Ihre Kunden ist es eine Verbindung von L\u00f6sungen, die in modernen, benutzerfreundlichen Online-Shops vorgefunden werden mit Funktionen, die f\u00fcr das Gewerbe entwickelt wurden &#8211; alles das tr\u00e4gt zum System bei, das sehr bequem zu nutzen ist und alle notwendigen Informationen enth\u00e4lt, die f\u00fcr die Erteilung von Bestellung ben\u00f6tigt werden.<\/p>\n<p>Statt mit vielen Dokumenten zu arbeiten, die Sie fr\u00fcher vorbereitet haben &#8211; Ihren Katalog, Information \u00fcber Lagerbestand, Logistikinformation f\u00fcr Produkte &#8211; finden Ihre Kunden alle diese Informationen an einem Ort vor, damit sind Ihren Kunden sofort Ihre Einkaufspreise (einschlie\u00dflich aller m\u00f6glichen Rabatte), die Lieferbarkeit der Produkte und das Gewicht und Volumen der Bestellung bekannt.<\/p>\n<p>F\u00fcr Kunden im Ausland &#8211; abgesehen von den Preisen, die Sie angeben &#8211; zeigen wir einen gesch\u00e4tzten Preis in ihrer lokalen W\u00e4hrung an, der anhand t\u00e4glich aktualisierter Umrechnungskurse berechnet wird, damit sie den Wert oder die Kosten f\u00fcr jedes Produkt oder jede Bestellung leicht absch\u00e4tzen k\u00f6nnen.<\/p>\n<h3>F\u00fcr Sie<\/h3>\n<p>F\u00fcr Sie ist das Bestellsystem eine Plattform, auf der Sie alle Preislisten und Rabatte verwalten k\u00f6nnen.<\/p>\n<p>Wir haben das System so flexibel wie m\u00f6glich gestaltet, Sie k\u00f6nnen in ihm die Handelsbedingungen Ihrer Kunden auf alle m\u00f6glichen Weisen zusammenstellen. Alle m\u00f6glichen Kombinationen von Preislisten und Rabatten wurden ber\u00fccksichtigt &#8211; einfache Preislisten, Preislisten basierend auf SRP mit festem Rabatt, degressive Preislisten mit Preisen, die auf bestellter Menge basieren.<\/p>\n<p>Werbekampagnen k\u00f6nnen mit Nettopreisen oder einem Rabatt auf aktuelle Einkaufspreise mit Bedingungen f\u00fcr den anzuwendenden Rabatt eingerichtet werden.<\/p>\n<p>Wenn Ihr ERP-System nicht so flexibel ist, k\u00f6nnen Sie SMARTB2B zum Einrichten von Kampagnen verwenden und Kunden, die Bestellungen eingeben, erhalten alle anwendbaren Rabatte, die Sie ihnen im Kundenportal zuweisen.<\/p>\n<p>Sie k\u00f6nnen f\u00fcr jeden Kunden bis zu drei Preise festlegen &#8211; neben dem Einkaufspreis k\u00f6nnen Sie zus\u00e4tzliche Preise anzeigen, wie zum Beispiel empfohlene Verkaufspreise oder die ab Werk FOB Preise. Jeder dieser Preise kann in einer anderen W\u00e4hrung angegeben werden. Wenn Sie also im Ausland verkaufen, k\u00f6nnen Sie die Preise Ihren Kunden f\u00fcr ihren lokalen Markt in ihrer lokalen W\u00e4hrung vorschlagen.<\/p>\n<p>Wenn Ihre Kunden verpflichtet sind bestimmten Einheiten wie volle Kartons, Mindestmengen oder Mindestbestellwert einzuhalten, wird unser System f\u00fcr die Einhaltung aller Regeln sorgen.<\/p>\n<\/div><\/section><\/p><\/div><\/div><\/div><\/div><!-- close content main div --><\/div><\/div><div id='av_section_3'  class='avia-section av-byr7-ba91ce86558350dee89314f909615c12 alternate_color avia-section-default avia-no-shadow  avia-builder-el-9  el_after_av_section  avia-builder-el-last  avia-bg-style-scroll container_wrap fullsize'  ><div class='container av-section-cont-open' ><div class='template-page content  av-content-full alpha units'><div class='post-entry post-entry-type-page post-entry-1888'><div class='entry-content-wrapper clearfix'>\n\n<style type=\"text\/css\" data-created_by=\"avia_inline_auto\" id=\"style-css-av-swk2r-b3677a387b14dd5723ef599b6d3b8fe2\">\n#top .av-special-heading.av-swk2r-b3677a387b14dd5723ef599b6d3b8fe2{\npadding-bottom:10px;\n}\nbody .av-special-heading.av-swk2r-b3677a387b14dd5723ef599b6d3b8fe2 .av-special-heading-tag .heading-char{\nfont-size:25px;\n}\n.av-special-heading.av-swk2r-b3677a387b14dd5723ef599b6d3b8fe2 .av-subheading{\nfont-size:15px;\n}\n<\/style>\n<div  class='av-special-heading av-swk2r-b3677a387b14dd5723ef599b6d3b8fe2 av-special-heading-h2 blockquote modern-quote  avia-builder-el-10  el_before_av_textblock  avia-builder-el-first '><h2 class='av-special-heading-tag'  itemprop=\"headline\"  >ERP Schnittstelle<\/h2><div class=\"special-heading-border\"><div class=\"special-heading-inner-border\"><\/div><\/div><\/div>\n<section  class='av_textblock_section av-iybgz-572f6a75536a48c71380d97b4eb00a3f '   itemscope=\"itemscope\" itemtype=\"https:\/\/schema.org\/CreativeWork\" ><div class='avia_textblock'  itemprop=\"text\" ><p>SMARTB2B kann mit oder ohne Kommunikation zu Ihrem ERP-System arbeiten, w\u00e4hrend die meisten Funktionen erhalten bleiben.<\/p>\n<p>Wenn Sie ohne Datenaustausch arbeiten, m\u00fcssen Sie alle Produktdaten einpflegen, indem Sie sie ins SMARTB2B eingeben oder XLS-Dateien importieren. Bestellungen Ihrer Kunden werden Ihnen per E-Mail zugestellt.<br \/>\nLagerbest\u00e4nde m\u00fcssen manuell aktualisiert werden, indem XLS Dateien importiert werden, die Sie aus Ihrem ERP exportieren. Der Prozessverlauf und das ben\u00f6tigte Format der Datei werden so abgestimmt, damit der Prozess schnell abl\u00e4uft.<\/p>\n<p>Lagerbest\u00e4nde m\u00fcssen manuell aktualisiert werden, indem Sie XLS-Dateien hochgeladen, die aus Ihrem ERP exportiert werden. Der Workflow und das Austauschformat der Datei werden speziell so vorbereitet, dass der Prozess m\u00f6glichst schnell verl\u00e4uft.<\/p>\n<p>Ein einfaches &#8211; Read-Only &#8211; Interface erg\u00e4nzt automatisch die Updates des Produktkatalogs mit Informationen aus Ihrem Computersystem. Die Lagerbest\u00e4nde werden mehrfach pro Stunde aktualisiert, und alle neuen Produkte erscheinen automatisch f\u00fcr den Systembetreiber, um sie in die richtigen Kategorien einzuordnen.<\/p>\n<p>Die vollst\u00e4ndige Anbindung an den Schreibzugriff auf Ihr Computersystem exportiert alle erteilten Bestellungen als Kundenauftr\u00e4ge zur weiteren Bearbeitung direkt in Ihr ERP-System.<\/p>\n<\/div><\/section>\n\n<style type=\"text\/css\" data-created_by=\"avia_inline_auto\" id=\"style-css-av-gm6x7-f7b517e6bb3355b858f2527f6cde1c71\">\n#top .av-special-heading.av-gm6x7-f7b517e6bb3355b858f2527f6cde1c71{\npadding-bottom:10px;\n}\nbody .av-special-heading.av-gm6x7-f7b517e6bb3355b858f2527f6cde1c71 .av-special-heading-tag .heading-char{\nfont-size:25px;\n}\n.av-special-heading.av-gm6x7-f7b517e6bb3355b858f2527f6cde1c71 .av-subheading{\nfont-size:15px;\n}\n<\/style>\n<div  class='av-special-heading av-gm6x7-f7b517e6bb3355b858f2527f6cde1c71 av-special-heading-h2 blockquote modern-quote  avia-builder-el-12  el_after_av_textblock  el_before_av_textblock '><h2 class='av-special-heading-tag'  itemprop=\"headline\"  >API Schnittstelle<\/h2><div class=\"special-heading-border\"><div class=\"special-heading-inner-border\"><\/div><\/div><\/div>\n<section  class='av_textblock_section av-7xh7f-948607743438b09fa62cb0069ee5f343 '   itemscope=\"itemscope\" itemtype=\"https:\/\/schema.org\/CreativeWork\" ><div class='avia_textblock'  itemprop=\"text\" ><p>Die API-Schnittstelle erm\u00f6glicht den Computersystemen Ihrer Kunden eine direkte Kommunikation mit SMARTB2B, das automatische Abrufen von Produktdaten, das Aktualisieren der Verf\u00fcgbarkeit von Produkten im Online-Shop des Kunden erm\u00f6glicht usw.<\/p>\n<\/div><\/section>\n<\/p>\n","protected":false},"excerpt":{"rendered":"","protected":false},"author":1,"featured_media":0,"parent":1557,"menu_order":0,"comment_status":"closed","ping_status":"closed","template":"","meta":{"footnotes":""},"yoast_head":"<!-- This site is optimized with the Yoast SEO plugin v22.6 - https:\/\/yoast.com\/wordpress\/plugins\/seo\/ -->\n<title>B2B Online-Vertrieb - SmartB2B<\/title>\n<meta name=\"robots\" content=\"index, follow, max-snippet:-1, max-image-preview:large, max-video-preview:-1\" \/>\n<link rel=\"canonical\" href=\"https:\/\/www.smartb2b.eu\/de\/eigenschaften\/b2b-online-vertrieb\/\" \/>\n<meta property=\"og:locale\" content=\"de_DE\" \/>\n<meta property=\"og:type\" content=\"article\" \/>\n<meta property=\"og:title\" content=\"B2B Online-Vertrieb - SmartB2B\" \/>\n<meta property=\"og:url\" content=\"https:\/\/www.smartb2b.eu\/de\/eigenschaften\/b2b-online-vertrieb\/\" \/>\n<meta property=\"og:site_name\" content=\"SmartB2B\" \/>\n<meta property=\"article:modified_time\" content=\"2018-08-06T14:28:27+00:00\" \/>\n<meta name=\"twitter:card\" content=\"summary_large_image\" \/>\n<meta name=\"twitter:label1\" content=\"Gesch\u00e4tzte Lesezeit\" \/>\n\t<meta name=\"twitter:data1\" content=\"8\u00a0Minuten\" \/>\n<script type=\"application\/ld+json\" class=\"yoast-schema-graph\">{\"@context\":\"https:\/\/schema.org\",\"@graph\":[{\"@type\":\"WebPage\",\"@id\":\"https:\/\/www.smartb2b.eu\/de\/eigenschaften\/b2b-online-vertrieb\/\",\"url\":\"https:\/\/www.smartb2b.eu\/de\/eigenschaften\/b2b-online-vertrieb\/\",\"name\":\"B2B Online-Vertrieb - SmartB2B\",\"isPartOf\":{\"@id\":\"https:\/\/www.smartb2b.eu\/#website\"},\"datePublished\":\"2018-07-13T21:51:29+00:00\",\"dateModified\":\"2018-08-06T14:28:27+00:00\",\"breadcrumb\":{\"@id\":\"https:\/\/www.smartb2b.eu\/de\/eigenschaften\/b2b-online-vertrieb\/#breadcrumb\"},\"inLanguage\":\"de\",\"potentialAction\":[{\"@type\":\"ReadAction\",\"target\":[\"https:\/\/www.smartb2b.eu\/de\/eigenschaften\/b2b-online-vertrieb\/\"]}]},{\"@type\":\"BreadcrumbList\",\"@id\":\"https:\/\/www.smartb2b.eu\/de\/eigenschaften\/b2b-online-vertrieb\/#breadcrumb\",\"itemListElement\":[{\"@type\":\"ListItem\",\"position\":1,\"name\":\"Home\",\"item\":\"https:\/\/www.smartb2b.eu\/\"},{\"@type\":\"ListItem\",\"position\":2,\"name\":\"Funktionen\",\"item\":\"https:\/\/www.smartb2b.eu\/de\/eigenschaften\/\"},{\"@type\":\"ListItem\",\"position\":3,\"name\":\"B2B Online-Vertrieb\"}]},{\"@type\":\"WebSite\",\"@id\":\"https:\/\/www.smartb2b.eu\/#website\",\"url\":\"https:\/\/www.smartb2b.eu\/\",\"name\":\"SmartB2B\",\"description\":\"advanced customer portal and more\",\"potentialAction\":[{\"@type\":\"SearchAction\",\"target\":{\"@type\":\"EntryPoint\",\"urlTemplate\":\"https:\/\/www.smartb2b.eu\/?s={search_term_string}\"},\"query-input\":\"required name=search_term_string\"}],\"inLanguage\":\"de\"}]}<\/script>\n<!-- \/ Yoast SEO plugin. -->","yoast_head_json":{"title":"B2B Online-Vertrieb - SmartB2B","robots":{"index":"index","follow":"follow","max-snippet":"max-snippet:-1","max-image-preview":"max-image-preview:large","max-video-preview":"max-video-preview:-1"},"canonical":"https:\/\/www.smartb2b.eu\/de\/eigenschaften\/b2b-online-vertrieb\/","og_locale":"de_DE","og_type":"article","og_title":"B2B Online-Vertrieb - SmartB2B","og_url":"https:\/\/www.smartb2b.eu\/de\/eigenschaften\/b2b-online-vertrieb\/","og_site_name":"SmartB2B","article_modified_time":"2018-08-06T14:28:27+00:00","twitter_card":"summary_large_image","twitter_misc":{"Gesch\u00e4tzte Lesezeit":"8\u00a0Minuten"},"schema":{"@context":"https:\/\/schema.org","@graph":[{"@type":"WebPage","@id":"https:\/\/www.smartb2b.eu\/de\/eigenschaften\/b2b-online-vertrieb\/","url":"https:\/\/www.smartb2b.eu\/de\/eigenschaften\/b2b-online-vertrieb\/","name":"B2B Online-Vertrieb - SmartB2B","isPartOf":{"@id":"https:\/\/www.smartb2b.eu\/#website"},"datePublished":"2018-07-13T21:51:29+00:00","dateModified":"2018-08-06T14:28:27+00:00","breadcrumb":{"@id":"https:\/\/www.smartb2b.eu\/de\/eigenschaften\/b2b-online-vertrieb\/#breadcrumb"},"inLanguage":"de","potentialAction":[{"@type":"ReadAction","target":["https:\/\/www.smartb2b.eu\/de\/eigenschaften\/b2b-online-vertrieb\/"]}]},{"@type":"BreadcrumbList","@id":"https:\/\/www.smartb2b.eu\/de\/eigenschaften\/b2b-online-vertrieb\/#breadcrumb","itemListElement":[{"@type":"ListItem","position":1,"name":"Home","item":"https:\/\/www.smartb2b.eu\/"},{"@type":"ListItem","position":2,"name":"Funktionen","item":"https:\/\/www.smartb2b.eu\/de\/eigenschaften\/"},{"@type":"ListItem","position":3,"name":"B2B Online-Vertrieb"}]},{"@type":"WebSite","@id":"https:\/\/www.smartb2b.eu\/#website","url":"https:\/\/www.smartb2b.eu\/","name":"SmartB2B","description":"advanced customer portal and more","potentialAction":[{"@type":"SearchAction","target":{"@type":"EntryPoint","urlTemplate":"https:\/\/www.smartb2b.eu\/?s={search_term_string}"},"query-input":"required name=search_term_string"}],"inLanguage":"de"}]}},"_links":{"self":[{"href":"https:\/\/www.smartb2b.eu\/de\/wp-json\/wp\/v2\/pages\/1888"}],"collection":[{"href":"https:\/\/www.smartb2b.eu\/de\/wp-json\/wp\/v2\/pages"}],"about":[{"href":"https:\/\/www.smartb2b.eu\/de\/wp-json\/wp\/v2\/types\/page"}],"author":[{"embeddable":true,"href":"https:\/\/www.smartb2b.eu\/de\/wp-json\/wp\/v2\/users\/1"}],"replies":[{"embeddable":true,"href":"https:\/\/www.smartb2b.eu\/de\/wp-json\/wp\/v2\/comments?post=1888"}],"version-history":[{"count":65,"href":"https:\/\/www.smartb2b.eu\/de\/wp-json\/wp\/v2\/pages\/1888\/revisions"}],"predecessor-version":[{"id":2183,"href":"https:\/\/www.smartb2b.eu\/de\/wp-json\/wp\/v2\/pages\/1888\/revisions\/2183"}],"up":[{"embeddable":true,"href":"https:\/\/www.smartb2b.eu\/de\/wp-json\/wp\/v2\/pages\/1557"}],"wp:attachment":[{"href":"https:\/\/www.smartb2b.eu\/de\/wp-json\/wp\/v2\/media?parent=1888"}],"curies":[{"name":"wp","href":"https:\/\/api.w.org\/{rel}","templated":true}]}}