{"id":1900,"date":"2018-07-14T16:50:31","date_gmt":"2018-07-14T15:50:31","guid":{"rendered":"https:\/\/www.smartb2b.eu\/eigenschaften\/medien-dateibibliothek\/"},"modified":"2018-08-06T15:42:06","modified_gmt":"2018-08-06T14:42:06","slug":"medien-dateibibliothek","status":"publish","type":"page","link":"https:\/\/www.smartb2b.eu\/de\/eigenschaften\/medien-dateibibliothek\/","title":{"rendered":"Medien- &amp; Dateibibliothek"},"content":{"rendered":"\n<style type=\"text\/css\" data-created_by=\"avia_inline_auto\" id=\"style-css-av-v0zmo-ee1a055edc4c48c3e628df90ed642baa\">\n.avia-section.av-v0zmo-ee1a055edc4c48c3e628df90ed642baa{\nbackground-color:#00695c;\nbackground-image:unset;\n}\n<\/style>\n<div id='av_section_1'  class='avia-section av-v0zmo-ee1a055edc4c48c3e628df90ed642baa main_color avia-section-default avia-no-shadow  avia-builder-el-0  el_before_av_section  avia-builder-el-first  avia-bg-style-scroll container_wrap fullsize'  ><div class='container av-section-cont-open' ><main  role=\"main\" itemprop=\"mainContentOfPage\"  class='template-page content  av-content-full alpha units'><div class='post-entry post-entry-type-page post-entry-1900'><div class='entry-content-wrapper clearfix'>\n\n<style type=\"text\/css\" data-created_by=\"avia_inline_auto\" id=\"style-css-av-tczwo-2558d37cba4ccd44a7c2eaba13c3cf01\">\n#top .av-special-heading.av-tczwo-2558d37cba4ccd44a7c2eaba13c3cf01{\npadding-bottom:10px;\ncolor:#ffffff;\nfont-size:54px;\n}\nbody .av-special-heading.av-tczwo-2558d37cba4ccd44a7c2eaba13c3cf01 .av-special-heading-tag .heading-char{\nfont-size:25px;\n}\n#top #wrap_all .av-special-heading.av-tczwo-2558d37cba4ccd44a7c2eaba13c3cf01 .av-special-heading-tag{\nfont-size:54px;\n}\n.av-special-heading.av-tczwo-2558d37cba4ccd44a7c2eaba13c3cf01 .special-heading-inner-border{\nborder-color:#ffffff;\n}\n.av-special-heading.av-tczwo-2558d37cba4ccd44a7c2eaba13c3cf01 .av-subheading{\nfont-size:15px;\n}\n\n@media only screen and (min-width: 480px) and (max-width: 767px){ \n#top #wrap_all .av-special-heading.av-tczwo-2558d37cba4ccd44a7c2eaba13c3cf01 .av-special-heading-tag{\nfont-size:0.8em;\n}\n}\n\n@media only screen and (max-width: 479px){ \n#top #wrap_all .av-special-heading.av-tczwo-2558d37cba4ccd44a7c2eaba13c3cf01 .av-special-heading-tag{\nfont-size:0.8em;\n}\n}\n<\/style>\n<div  class='av-special-heading av-tczwo-2558d37cba4ccd44a7c2eaba13c3cf01 av-special-heading-h1 custom-color-heading blockquote modern-quote  avia-builder-el-1  avia-builder-el-no-sibling  av-inherit-size'><h1 class='av-special-heading-tag'  itemprop=\"headline\"  >Medien- <span class='special_amp'>&amp;<\/span> Dateibibliothek<\/h1><div class=\"special-heading-border\"><div class=\"special-heading-inner-border\"><\/div><\/div><\/div>\n<\/div><\/div><\/main><!-- close content main element --><\/div><\/div>\n<style type=\"text\/css\" data-created_by=\"avia_inline_auto\" id=\"style-css-av-ijt3s-d6452b195f40f6cc43b7ecd6122ddc64\">\n.avia-section.av-ijt3s-d6452b195f40f6cc43b7ecd6122ddc64{\nbackground-color:#ffffff;\nbackground-image:unset;\n}\n<\/style>\n<div id='av_section_2'  class='avia-section av-ijt3s-d6452b195f40f6cc43b7ecd6122ddc64 main_color avia-section-default avia-no-shadow  avia-builder-el-2  el_after_av_section  avia-builder-el-last  avia-bg-style-scroll container_wrap fullsize'  ><div class='container av-section-cont-open' ><div class='template-page content  av-content-full alpha units'><div class='post-entry post-entry-type-page post-entry-1900'><div class='entry-content-wrapper clearfix'>\n\n<style type=\"text\/css\" data-created_by=\"avia_inline_auto\" id=\"style-css-av-ekb7k-b465d88d9c1ce771345638e357689935\">\n.flex_column.av-ekb7k-b465d88d9c1ce771345638e357689935{\nborder-radius:0px 0px 0px 0px;\npadding:0 0 0 0;\n}\n<\/style>\n<div  class='flex_column av-ekb7k-b465d88d9c1ce771345638e357689935 av_one_full  avia-builder-el-3  avia-builder-el-no-sibling  first flex_column_div av-zero-column-padding  '     ><section  class='av_textblock_section av-72baw-939dc19a23a6281773d2ce1cb459ea5a '   itemscope=\"itemscope\" itemtype=\"https:\/\/schema.org\/CreativeWork\" ><div class='avia_textblock'  itemprop=\"text\" ><p>Das Verschicken von CDs mit Fotos, \u00dcbergeben von USB-Sticks bei Treffen mit Kunden, Versenden von Links zu Online-Ordnern per E-Mail, die schnell ihre G\u00fcltigkeit verlieren, sind keine guten L\u00f6sungen, Bilder, Videos, PDFs und andere Dateien an Ihre Kunden zu verteilen. SMARTB2B richtet eine Austauschplattform ein, an der Ihre Kunden alles finden k\u00f6nnen, von Fotos, \u00fcber Zertifikate und Bedienungsanleitungen von Produkten, Kataloge bis hin zu gebrauchsf\u00e4higen Bannern f\u00fcr ihre Webseiten.<\/p>\n<p>Der produktorientierte Ansatz erm\u00f6glicht Ihnen eine einfache Verwaltung Ihrer Dateisammlung und zeigt den Kunden nur die f\u00fcr sie bestimmten Dateien an. Neue Fotos werden unmittelbar nach der Ank\u00fcndigung des neuen Produkts angezeigt und verschwinden aus der Datenbank, sobald das Produkt seinen Lebenszyklus beendet hat.<\/p>\n<\/div><\/section><\/div>\n<\/p>\n","protected":false},"excerpt":{"rendered":"","protected":false},"author":1,"featured_media":0,"parent":1557,"menu_order":2,"comment_status":"closed","ping_status":"closed","template":"","meta":{"footnotes":""},"yoast_head":"<!-- This site is optimized with the Yoast SEO plugin v22.6 - https:\/\/yoast.com\/wordpress\/plugins\/seo\/ -->\n<title>Medien- &amp; Dateibibliothek - SmartB2B<\/title>\n<meta name=\"robots\" content=\"index, follow, max-snippet:-1, max-image-preview:large, max-video-preview:-1\" \/>\n<link rel=\"canonical\" href=\"https:\/\/www.smartb2b.eu\/de\/eigenschaften\/medien-dateibibliothek\/\" \/>\n<meta property=\"og:locale\" content=\"de_DE\" \/>\n<meta property=\"og:type\" content=\"article\" \/>\n<meta property=\"og:title\" content=\"Medien- &amp; Dateibibliothek - SmartB2B\" \/>\n<meta property=\"og:url\" content=\"https:\/\/www.smartb2b.eu\/de\/eigenschaften\/medien-dateibibliothek\/\" \/>\n<meta property=\"og:site_name\" content=\"SmartB2B\" \/>\n<meta property=\"article:modified_time\" content=\"2018-08-06T14:42:06+00:00\" \/>\n<meta name=\"twitter:card\" content=\"summary_large_image\" \/>\n<meta name=\"twitter:label1\" content=\"Gesch\u00e4tzte Lesezeit\" \/>\n\t<meta name=\"twitter:data1\" content=\"2\u00a0Minuten\" \/>\n<script type=\"application\/ld+json\" class=\"yoast-schema-graph\">{\"@context\":\"https:\/\/schema.org\",\"@graph\":[{\"@type\":\"WebPage\",\"@id\":\"https:\/\/www.smartb2b.eu\/de\/eigenschaften\/medien-dateibibliothek\/\",\"url\":\"https:\/\/www.smartb2b.eu\/de\/eigenschaften\/medien-dateibibliothek\/\",\"name\":\"Medien- &amp; Dateibibliothek - SmartB2B\",\"isPartOf\":{\"@id\":\"https:\/\/www.smartb2b.eu\/#website\"},\"datePublished\":\"2018-07-14T15:50:31+00:00\",\"dateModified\":\"2018-08-06T14:42:06+00:00\",\"breadcrumb\":{\"@id\":\"https:\/\/www.smartb2b.eu\/de\/eigenschaften\/medien-dateibibliothek\/#breadcrumb\"},\"inLanguage\":\"de\",\"potentialAction\":[{\"@type\":\"ReadAction\",\"target\":[\"https:\/\/www.smartb2b.eu\/de\/eigenschaften\/medien-dateibibliothek\/\"]}]},{\"@type\":\"BreadcrumbList\",\"@id\":\"https:\/\/www.smartb2b.eu\/de\/eigenschaften\/medien-dateibibliothek\/#breadcrumb\",\"itemListElement\":[{\"@type\":\"ListItem\",\"position\":1,\"name\":\"Home\",\"item\":\"https:\/\/www.smartb2b.eu\/\"},{\"@type\":\"ListItem\",\"position\":2,\"name\":\"Funktionen\",\"item\":\"https:\/\/www.smartb2b.eu\/de\/eigenschaften\/\"},{\"@type\":\"ListItem\",\"position\":3,\"name\":\"Medien- &amp; Dateibibliothek\"}]},{\"@type\":\"WebSite\",\"@id\":\"https:\/\/www.smartb2b.eu\/#website\",\"url\":\"https:\/\/www.smartb2b.eu\/\",\"name\":\"SmartB2B\",\"description\":\"advanced customer portal and more\",\"potentialAction\":[{\"@type\":\"SearchAction\",\"target\":{\"@type\":\"EntryPoint\",\"urlTemplate\":\"https:\/\/www.smartb2b.eu\/?s={search_term_string}\"},\"query-input\":\"required name=search_term_string\"}],\"inLanguage\":\"de\"}]}<\/script>\n<!-- \/ Yoast SEO plugin. -->","yoast_head_json":{"title":"Medien- &amp; Dateibibliothek - SmartB2B","robots":{"index":"index","follow":"follow","max-snippet":"max-snippet:-1","max-image-preview":"max-image-preview:large","max-video-preview":"max-video-preview:-1"},"canonical":"https:\/\/www.smartb2b.eu\/de\/eigenschaften\/medien-dateibibliothek\/","og_locale":"de_DE","og_type":"article","og_title":"Medien- &amp; Dateibibliothek - SmartB2B","og_url":"https:\/\/www.smartb2b.eu\/de\/eigenschaften\/medien-dateibibliothek\/","og_site_name":"SmartB2B","article_modified_time":"2018-08-06T14:42:06+00:00","twitter_card":"summary_large_image","twitter_misc":{"Gesch\u00e4tzte Lesezeit":"2\u00a0Minuten"},"schema":{"@context":"https:\/\/schema.org","@graph":[{"@type":"WebPage","@id":"https:\/\/www.smartb2b.eu\/de\/eigenschaften\/medien-dateibibliothek\/","url":"https:\/\/www.smartb2b.eu\/de\/eigenschaften\/medien-dateibibliothek\/","name":"Medien- &amp; Dateibibliothek - SmartB2B","isPartOf":{"@id":"https:\/\/www.smartb2b.eu\/#website"},"datePublished":"2018-07-14T15:50:31+00:00","dateModified":"2018-08-06T14:42:06+00:00","breadcrumb":{"@id":"https:\/\/www.smartb2b.eu\/de\/eigenschaften\/medien-dateibibliothek\/#breadcrumb"},"inLanguage":"de","potentialAction":[{"@type":"ReadAction","target":["https:\/\/www.smartb2b.eu\/de\/eigenschaften\/medien-dateibibliothek\/"]}]},{"@type":"BreadcrumbList","@id":"https:\/\/www.smartb2b.eu\/de\/eigenschaften\/medien-dateibibliothek\/#breadcrumb","itemListElement":[{"@type":"ListItem","position":1,"name":"Home","item":"https:\/\/www.smartb2b.eu\/"},{"@type":"ListItem","position":2,"name":"Funktionen","item":"https:\/\/www.smartb2b.eu\/de\/eigenschaften\/"},{"@type":"ListItem","position":3,"name":"Medien- &amp; Dateibibliothek"}]},{"@type":"WebSite","@id":"https:\/\/www.smartb2b.eu\/#website","url":"https:\/\/www.smartb2b.eu\/","name":"SmartB2B","description":"advanced customer portal and more","potentialAction":[{"@type":"SearchAction","target":{"@type":"EntryPoint","urlTemplate":"https:\/\/www.smartb2b.eu\/?s={search_term_string}"},"query-input":"required name=search_term_string"}],"inLanguage":"de"}]}},"_links":{"self":[{"href":"https:\/\/www.smartb2b.eu\/de\/wp-json\/wp\/v2\/pages\/1900"}],"collection":[{"href":"https:\/\/www.smartb2b.eu\/de\/wp-json\/wp\/v2\/pages"}],"about":[{"href":"https:\/\/www.smartb2b.eu\/de\/wp-json\/wp\/v2\/types\/page"}],"author":[{"embeddable":true,"href":"https:\/\/www.smartb2b.eu\/de\/wp-json\/wp\/v2\/users\/1"}],"replies":[{"embeddable":true,"href":"https:\/\/www.smartb2b.eu\/de\/wp-json\/wp\/v2\/comments?post=1900"}],"version-history":[{"count":19,"href":"https:\/\/www.smartb2b.eu\/de\/wp-json\/wp\/v2\/pages\/1900\/revisions"}],"predecessor-version":[{"id":2199,"href":"https:\/\/www.smartb2b.eu\/de\/wp-json\/wp\/v2\/pages\/1900\/revisions\/2199"}],"up":[{"embeddable":true,"href":"https:\/\/www.smartb2b.eu\/de\/wp-json\/wp\/v2\/pages\/1557"}],"wp:attachment":[{"href":"https:\/\/www.smartb2b.eu\/de\/wp-json\/wp\/v2\/media?parent=1900"}],"curies":[{"name":"wp","href":"https:\/\/api.w.org\/{rel}","templated":true}]}}