{"id":1906,"date":"2018-07-14T17:58:20","date_gmt":"2018-07-14T16:58:20","guid":{"rendered":"https:\/\/www.smartb2b.eu\/eigenschaften\/portal-zur-selbstbedienung\/"},"modified":"2018-08-06T15:52:22","modified_gmt":"2018-08-06T14:52:22","slug":"portal-zur-selbstbedienung","status":"publish","type":"page","link":"https:\/\/www.smartb2b.eu\/de\/eigenschaften\/portal-zur-selbstbedienung\/","title":{"rendered":"Portal f\u00fcr Selbstbedienung"},"content":{"rendered":"\n<style type=\"text\/css\" data-created_by=\"avia_inline_auto\" id=\"style-css-av-1oj0nr-dfbb538a132531527428ec80a601cfe9\">\n.avia-section.av-1oj0nr-dfbb538a132531527428ec80a601cfe9{\nbackground-color:#c62828;\nbackground-image:unset;\n}\n<\/style>\n<div id='av_section_1'  class='avia-section av-1oj0nr-dfbb538a132531527428ec80a601cfe9 main_color avia-section-default avia-no-shadow  avia-builder-el-0  el_before_av_section  avia-builder-el-first  avia-bg-style-scroll container_wrap fullsize'  ><div class='container av-section-cont-open' ><main  role=\"main\" itemprop=\"mainContentOfPage\"  class='template-page content  av-content-full alpha units'><div class='post-entry post-entry-type-page post-entry-1906'><div class='entry-content-wrapper clearfix'>\n\n<style type=\"text\/css\" data-created_by=\"avia_inline_auto\" id=\"style-css-av-1k3idj-bf60ac5de6fafd27b73638f38f92a465\">\n#top .av-special-heading.av-1k3idj-bf60ac5de6fafd27b73638f38f92a465{\npadding-bottom:10px;\ncolor:#ffffff;\nfont-size:54px;\n}\nbody .av-special-heading.av-1k3idj-bf60ac5de6fafd27b73638f38f92a465 .av-special-heading-tag .heading-char{\nfont-size:25px;\n}\n#top #wrap_all .av-special-heading.av-1k3idj-bf60ac5de6fafd27b73638f38f92a465 .av-special-heading-tag{\nfont-size:54px;\n}\n.av-special-heading.av-1k3idj-bf60ac5de6fafd27b73638f38f92a465 .special-heading-inner-border{\nborder-color:#ffffff;\n}\n.av-special-heading.av-1k3idj-bf60ac5de6fafd27b73638f38f92a465 .av-subheading{\nfont-size:15px;\n}\n\n@media only screen and (min-width: 480px) and (max-width: 767px){ \n#top #wrap_all .av-special-heading.av-1k3idj-bf60ac5de6fafd27b73638f38f92a465 .av-special-heading-tag{\nfont-size:0.8em;\n}\n}\n\n@media only screen and (max-width: 479px){ \n#top #wrap_all .av-special-heading.av-1k3idj-bf60ac5de6fafd27b73638f38f92a465 .av-special-heading-tag{\nfont-size:0.8em;\n}\n}\n<\/style>\n<div  class='av-special-heading av-1k3idj-bf60ac5de6fafd27b73638f38f92a465 av-special-heading-h1 custom-color-heading blockquote modern-quote  avia-builder-el-1  avia-builder-el-no-sibling  av-inherit-size'><h1 class='av-special-heading-tag'  itemprop=\"headline\"  >Portal f\u00fcr Selbstbedienung <\/h1><div class=\"special-heading-border\"><div class=\"special-heading-inner-border\"><\/div><\/div><\/div>\n\n<\/div><\/div><\/main><!-- close content main element --><\/div><\/div>\n<style type=\"text\/css\" data-created_by=\"avia_inline_auto\" id=\"style-css-av-1g3o4v-f934cd0080abd10a904e2e7017ee18e4\">\n.avia-section.av-1g3o4v-f934cd0080abd10a904e2e7017ee18e4{\nbackground-color:#ffffff;\nbackground-image:unset;\n}\n<\/style>\n<div id='av_section_2'  class='avia-section av-1g3o4v-f934cd0080abd10a904e2e7017ee18e4 main_color avia-section-default avia-no-shadow  avia-builder-el-2  el_after_av_section  el_before_av_section  avia-bg-style-scroll container_wrap fullsize'  ><div class='container av-section-cont-open' ><div class='template-page content  av-content-full alpha units'><div class='post-entry post-entry-type-page post-entry-1906'><div class='entry-content-wrapper clearfix'>\n\n<style type=\"text\/css\" data-created_by=\"avia_inline_auto\" id=\"style-css-av-171cg7-c83d844fc9f85bedf766957cb1e2899e\">\n.flex_column.av-171cg7-c83d844fc9f85bedf766957cb1e2899e{\nborder-radius:0px 0px 0px 0px;\npadding:0 0 0 0;\n}\n<\/style>\n<div  class='flex_column av-171cg7-c83d844fc9f85bedf766957cb1e2899e av_one_full  avia-builder-el-3  avia-builder-el-no-sibling  first flex_column_div av-zero-column-padding  '     ><p><section  class='av_textblock_section av-10mygv-59c53f9af999ab7b9b4f71c3dba22a59 '   itemscope=\"itemscope\" itemtype=\"https:\/\/schema.org\/CreativeWork\" ><div class='avia_textblock'  itemprop=\"text\" ><p>Geben Sie Ihren Kunden durch das Portal f\u00fcr Selbstbedienung einen Einblick auf ihren Konten in die Vorg\u00e4nge in Ihrem Unternehmen.<\/p>\n<p>Erteilte Bestellungen, nachbestellte Produkte, ausgestellte Rechnungen und Gutschriften, erhaltene Zahlungen, Kreditlimits, ausgelieferte Bestellungen (mit Sendeschein-Nummer) sowie deren detaillierte Handelsbedingungen, Lieferadressen und vieles mehr &#8211; Ihre Kunden werden sofort \u00fcber Informationen verf\u00fcgen, ohne da\u00df Ihre Mitarbeiter engagiert werden, um auf die E-Mails der Kunden zu antworten.<\/p>\n<p>Verlorene Rechnungen werden nicht l\u00e4nger als Ausrede f\u00fcr versp\u00e4tete Zahlungen vorgeschoben und aufgebrauchte Kreditlimits werden keine Lieferungen mehr blockieren.<\/p>\n<p>Wir k\u00f6nnen sogar Au\u00dfenst\u00e4nde einfordern, indem wir Ihre Kunden diplomatisch an offene Rechnungen erinnern (oder ihnen schroff den Zugang zu allem Funktionen au\u00dfer zu den Abrechnungen sperren, wenn Sie sich f\u00fcr diese L\u00f6sung entscheiden).<\/p>\n<\/div><\/section><br \/>\n\n<style type=\"text\/css\" data-created_by=\"avia_inline_auto\" id=\"style-css-av-zj1qn-db57330e4b3e74cb53c76d89aef874aa\">\n#top .av-special-heading.av-zj1qn-db57330e4b3e74cb53c76d89aef874aa{\npadding-bottom:10px;\n}\nbody .av-special-heading.av-zj1qn-db57330e4b3e74cb53c76d89aef874aa .av-special-heading-tag .heading-char{\nfont-size:25px;\n}\n.av-special-heading.av-zj1qn-db57330e4b3e74cb53c76d89aef874aa .av-subheading{\nfont-size:15px;\n}\n<\/style>\n<div  class='av-special-heading av-zj1qn-db57330e4b3e74cb53c76d89aef874aa av-special-heading-h1 blockquote modern-quote  avia-builder-el-5  el_after_av_textblock  el_before_av_textblock '><h1 class='av-special-heading-tag'  itemprop=\"headline\"  >Privatsph\u00e4re und Sicherheit<\/h1><div class=\"special-heading-border\"><div class=\"special-heading-inner-border\"><\/div><\/div><\/div><br \/>\n<section  class='av_textblock_section av-2gz5b-a5ca99d9af04bf295c0ba804d997eadc '   itemscope=\"itemscope\" itemtype=\"https:\/\/schema.org\/CreativeWork\" ><div class='avia_textblock'  itemprop=\"text\" ><p>Rechnungen, Zahlungen und andere Dokumente, die \u00fcber das Portal f\u00fcr Selbstbedienung verf\u00fcgbar sind, werden von uns als kritische Informationen behandelt und nicht auf unseren Servern gespeichert.<\/p>\n<p>F\u00fcr Kunden sind sie genauso wie andere Informationen im SMARTB2B verf\u00fcgbar, jedoch werden sie jedes Mal von Ihrem System heruntergeladen, wenn der Kunde eine Liste von Rechnungen \u00f6ffnet oder Abrechnungen pr\u00fcft.<\/p>\n<\/div><\/section><\/p><\/div>\n\n<\/div><\/div><\/div><!-- close content main div --><\/div><\/div><div id='av_section_3'  class='avia-section av-kpiy7-3f5042e1a8c9c52b2f1d7b7d004f4b74 alternate_color avia-section-default avia-no-shadow  avia-builder-el-7  el_after_av_section  avia-builder-el-last  avia-bg-style-scroll container_wrap fullsize'  ><div class='container av-section-cont-open' ><div class='template-page content  av-content-full alpha units'><div class='post-entry post-entry-type-page post-entry-1906'><div class='entry-content-wrapper clearfix'>\n\n<style type=\"text\/css\" data-created_by=\"avia_inline_auto\" id=\"style-css-av-ea02n-861dc0a49d2283da4d89b8a3cb421042\">\n#top .av-special-heading.av-ea02n-861dc0a49d2283da4d89b8a3cb421042{\npadding-bottom:10px;\n}\nbody .av-special-heading.av-ea02n-861dc0a49d2283da4d89b8a3cb421042 .av-special-heading-tag .heading-char{\nfont-size:25px;\n}\n.av-special-heading.av-ea02n-861dc0a49d2283da4d89b8a3cb421042 .av-subheading{\nfont-size:15px;\n}\n<\/style>\n<div  class='av-special-heading av-ea02n-861dc0a49d2283da4d89b8a3cb421042 av-special-heading-h2 blockquote modern-quote  avia-builder-el-8  el_before_av_textblock  avia-builder-el-first '><h2 class='av-special-heading-tag'  itemprop=\"headline\"  >ERP Schnittstelle<\/h2><div class=\"special-heading-border\"><div class=\"special-heading-inner-border\"><\/div><\/div><\/div>\n<section  class='av_textblock_section av-8xogn-6a6ef7be211d377eea298a438755bf36 '   itemscope=\"itemscope\" itemtype=\"https:\/\/schema.org\/CreativeWork\" ><div class='avia_textblock'  itemprop=\"text\" ><p>Das Portal f\u00fcr Selbstbedienung ist auf eine vollst\u00e4ndige Integration mit Ihren ERP-Systemen angewiesen und die verf\u00fcgbaren Funktionen h\u00e4ngen von den verf\u00fcgbaren Informationen ab.<\/p>\n<\/div><\/section>\n\n","protected":false},"excerpt":{"rendered":"","protected":false},"author":1,"featured_media":0,"parent":1557,"menu_order":4,"comment_status":"closed","ping_status":"closed","template":"","meta":{"footnotes":""},"yoast_head":"<!-- This site is optimized with the Yoast SEO plugin v22.6 - https:\/\/yoast.com\/wordpress\/plugins\/seo\/ -->\n<title>Portal f\u00fcr Selbstbedienung - SmartB2B<\/title>\n<meta name=\"robots\" content=\"index, follow, max-snippet:-1, max-image-preview:large, max-video-preview:-1\" \/>\n<link rel=\"canonical\" href=\"https:\/\/www.smartb2b.eu\/de\/eigenschaften\/portal-zur-selbstbedienung\/\" \/>\n<meta property=\"og:locale\" content=\"de_DE\" \/>\n<meta property=\"og:type\" content=\"article\" \/>\n<meta property=\"og:title\" content=\"Portal f\u00fcr Selbstbedienung - SmartB2B\" \/>\n<meta property=\"og:url\" content=\"https:\/\/www.smartb2b.eu\/de\/eigenschaften\/portal-zur-selbstbedienung\/\" \/>\n<meta property=\"og:site_name\" content=\"SmartB2B\" \/>\n<meta property=\"article:modified_time\" content=\"2018-08-06T14:52:22+00:00\" \/>\n<meta name=\"twitter:card\" content=\"summary_large_image\" \/>\n<meta name=\"twitter:label1\" content=\"Gesch\u00e4tzte Lesezeit\" \/>\n\t<meta name=\"twitter:data1\" content=\"4\u00a0Minuten\" \/>\n<script type=\"application\/ld+json\" class=\"yoast-schema-graph\">{\"@context\":\"https:\/\/schema.org\",\"@graph\":[{\"@type\":\"WebPage\",\"@id\":\"https:\/\/www.smartb2b.eu\/de\/eigenschaften\/portal-zur-selbstbedienung\/\",\"url\":\"https:\/\/www.smartb2b.eu\/de\/eigenschaften\/portal-zur-selbstbedienung\/\",\"name\":\"Portal f\u00fcr Selbstbedienung - SmartB2B\",\"isPartOf\":{\"@id\":\"https:\/\/www.smartb2b.eu\/#website\"},\"datePublished\":\"2018-07-14T16:58:20+00:00\",\"dateModified\":\"2018-08-06T14:52:22+00:00\",\"breadcrumb\":{\"@id\":\"https:\/\/www.smartb2b.eu\/de\/eigenschaften\/portal-zur-selbstbedienung\/#breadcrumb\"},\"inLanguage\":\"de\",\"potentialAction\":[{\"@type\":\"ReadAction\",\"target\":[\"https:\/\/www.smartb2b.eu\/de\/eigenschaften\/portal-zur-selbstbedienung\/\"]}]},{\"@type\":\"BreadcrumbList\",\"@id\":\"https:\/\/www.smartb2b.eu\/de\/eigenschaften\/portal-zur-selbstbedienung\/#breadcrumb\",\"itemListElement\":[{\"@type\":\"ListItem\",\"position\":1,\"name\":\"Home\",\"item\":\"https:\/\/www.smartb2b.eu\/\"},{\"@type\":\"ListItem\",\"position\":2,\"name\":\"Funktionen\",\"item\":\"https:\/\/www.smartb2b.eu\/de\/eigenschaften\/\"},{\"@type\":\"ListItem\",\"position\":3,\"name\":\"Portal f\u00fcr Selbstbedienung\"}]},{\"@type\":\"WebSite\",\"@id\":\"https:\/\/www.smartb2b.eu\/#website\",\"url\":\"https:\/\/www.smartb2b.eu\/\",\"name\":\"SmartB2B\",\"description\":\"advanced customer portal and more\",\"potentialAction\":[{\"@type\":\"SearchAction\",\"target\":{\"@type\":\"EntryPoint\",\"urlTemplate\":\"https:\/\/www.smartb2b.eu\/?s={search_term_string}\"},\"query-input\":\"required name=search_term_string\"}],\"inLanguage\":\"de\"}]}<\/script>\n<!-- \/ Yoast SEO plugin. -->","yoast_head_json":{"title":"Portal f\u00fcr Selbstbedienung - SmartB2B","robots":{"index":"index","follow":"follow","max-snippet":"max-snippet:-1","max-image-preview":"max-image-preview:large","max-video-preview":"max-video-preview:-1"},"canonical":"https:\/\/www.smartb2b.eu\/de\/eigenschaften\/portal-zur-selbstbedienung\/","og_locale":"de_DE","og_type":"article","og_title":"Portal f\u00fcr Selbstbedienung - SmartB2B","og_url":"https:\/\/www.smartb2b.eu\/de\/eigenschaften\/portal-zur-selbstbedienung\/","og_site_name":"SmartB2B","article_modified_time":"2018-08-06T14:52:22+00:00","twitter_card":"summary_large_image","twitter_misc":{"Gesch\u00e4tzte Lesezeit":"4\u00a0Minuten"},"schema":{"@context":"https:\/\/schema.org","@graph":[{"@type":"WebPage","@id":"https:\/\/www.smartb2b.eu\/de\/eigenschaften\/portal-zur-selbstbedienung\/","url":"https:\/\/www.smartb2b.eu\/de\/eigenschaften\/portal-zur-selbstbedienung\/","name":"Portal f\u00fcr Selbstbedienung - SmartB2B","isPartOf":{"@id":"https:\/\/www.smartb2b.eu\/#website"},"datePublished":"2018-07-14T16:58:20+00:00","dateModified":"2018-08-06T14:52:22+00:00","breadcrumb":{"@id":"https:\/\/www.smartb2b.eu\/de\/eigenschaften\/portal-zur-selbstbedienung\/#breadcrumb"},"inLanguage":"de","potentialAction":[{"@type":"ReadAction","target":["https:\/\/www.smartb2b.eu\/de\/eigenschaften\/portal-zur-selbstbedienung\/"]}]},{"@type":"BreadcrumbList","@id":"https:\/\/www.smartb2b.eu\/de\/eigenschaften\/portal-zur-selbstbedienung\/#breadcrumb","itemListElement":[{"@type":"ListItem","position":1,"name":"Home","item":"https:\/\/www.smartb2b.eu\/"},{"@type":"ListItem","position":2,"name":"Funktionen","item":"https:\/\/www.smartb2b.eu\/de\/eigenschaften\/"},{"@type":"ListItem","position":3,"name":"Portal f\u00fcr Selbstbedienung"}]},{"@type":"WebSite","@id":"https:\/\/www.smartb2b.eu\/#website","url":"https:\/\/www.smartb2b.eu\/","name":"SmartB2B","description":"advanced customer portal and more","potentialAction":[{"@type":"SearchAction","target":{"@type":"EntryPoint","urlTemplate":"https:\/\/www.smartb2b.eu\/?s={search_term_string}"},"query-input":"required name=search_term_string"}],"inLanguage":"de"}]}},"_links":{"self":[{"href":"https:\/\/www.smartb2b.eu\/de\/wp-json\/wp\/v2\/pages\/1906"}],"collection":[{"href":"https:\/\/www.smartb2b.eu\/de\/wp-json\/wp\/v2\/pages"}],"about":[{"href":"https:\/\/www.smartb2b.eu\/de\/wp-json\/wp\/v2\/types\/page"}],"author":[{"embeddable":true,"href":"https:\/\/www.smartb2b.eu\/de\/wp-json\/wp\/v2\/users\/1"}],"replies":[{"embeddable":true,"href":"https:\/\/www.smartb2b.eu\/de\/wp-json\/wp\/v2\/comments?post=1906"}],"version-history":[{"count":17,"href":"https:\/\/www.smartb2b.eu\/de\/wp-json\/wp\/v2\/pages\/1906\/revisions"}],"predecessor-version":[{"id":2206,"href":"https:\/\/www.smartb2b.eu\/de\/wp-json\/wp\/v2\/pages\/1906\/revisions\/2206"}],"up":[{"embeddable":true,"href":"https:\/\/www.smartb2b.eu\/de\/wp-json\/wp\/v2\/pages\/1557"}],"wp:attachment":[{"href":"https:\/\/www.smartb2b.eu\/de\/wp-json\/wp\/v2\/media?parent=1906"}],"curies":[{"name":"wp","href":"https:\/\/api.w.org\/{rel}","templated":true}]}}