{"id":1925,"date":"2018-07-14T18:41:34","date_gmt":"2018-07-14T17:41:34","guid":{"rendered":"https:\/\/www.smartb2b.eu\/eigenschaften\/e-mail-marketing\/"},"modified":"2018-08-06T15:59:40","modified_gmt":"2018-08-06T14:59:40","slug":"e-mail-marketing","status":"publish","type":"page","link":"https:\/\/www.smartb2b.eu\/de\/eigenschaften\/e-mail-marketing\/","title":{"rendered":"E-Mail Marketing"},"content":{"rendered":"\n<style type=\"text\/css\" data-created_by=\"avia_inline_auto\" id=\"style-css-av-1hjk7r-95c1cd50987b7c3eaf7f523392457f6b\">\n.avia-section.av-1hjk7r-95c1cd50987b7c3eaf7f523392457f6b{\nbackground-color:#d84315;\nbackground-image:unset;\n}\n<\/style>\n<div id='av_section_1'  class='avia-section av-1hjk7r-95c1cd50987b7c3eaf7f523392457f6b main_color avia-section-default avia-no-shadow  avia-builder-el-0  el_before_av_section  avia-builder-el-first  avia-bg-style-scroll container_wrap fullsize'  ><div class='container av-section-cont-open' ><main  role=\"main\" itemprop=\"mainContentOfPage\"  class='template-page content  av-content-full alpha units'><div class='post-entry post-entry-type-page post-entry-1925'><div class='entry-content-wrapper clearfix'>\n\n<style type=\"text\/css\" data-created_by=\"avia_inline_auto\" id=\"style-css-av-1aohxb-564b4beaeb8d04f4f51fb64703ac4e74\">\n#top .av-special-heading.av-1aohxb-564b4beaeb8d04f4f51fb64703ac4e74{\npadding-bottom:10px;\ncolor:#ffffff;\nfont-size:54px;\n}\nbody .av-special-heading.av-1aohxb-564b4beaeb8d04f4f51fb64703ac4e74 .av-special-heading-tag .heading-char{\nfont-size:25px;\n}\n#top #wrap_all .av-special-heading.av-1aohxb-564b4beaeb8d04f4f51fb64703ac4e74 .av-special-heading-tag{\nfont-size:54px;\n}\n.av-special-heading.av-1aohxb-564b4beaeb8d04f4f51fb64703ac4e74 .special-heading-inner-border{\nborder-color:#ffffff;\n}\n.av-special-heading.av-1aohxb-564b4beaeb8d04f4f51fb64703ac4e74 .av-subheading{\nfont-size:15px;\n}\n\n@media only screen and (min-width: 480px) and (max-width: 767px){ \n#top #wrap_all .av-special-heading.av-1aohxb-564b4beaeb8d04f4f51fb64703ac4e74 .av-special-heading-tag{\nfont-size:0.8em;\n}\n}\n\n@media only screen and (max-width: 479px){ \n#top #wrap_all .av-special-heading.av-1aohxb-564b4beaeb8d04f4f51fb64703ac4e74 .av-special-heading-tag{\nfont-size:0.8em;\n}\n}\n<\/style>\n<div  class='av-special-heading av-1aohxb-564b4beaeb8d04f4f51fb64703ac4e74 av-special-heading-h1 custom-color-heading blockquote modern-quote  avia-builder-el-1  avia-builder-el-no-sibling  av-inherit-size'><h1 class='av-special-heading-tag'  itemprop=\"headline\"  >E-Mail Marketing<\/h1><div class=\"special-heading-border\"><div class=\"special-heading-inner-border\"><\/div><\/div><\/div>\n\n<\/div><\/div><\/main><!-- close content main element --><\/div><\/div>\n<style type=\"text\/css\" data-created_by=\"avia_inline_auto\" id=\"style-css-av-10q8jr-23d019405b057fafc0547eaa989fe493\">\n.avia-section.av-10q8jr-23d019405b057fafc0547eaa989fe493{\nbackground-color:#ffffff;\nbackground-image:unset;\n}\n<\/style>\n<div id='av_section_2'  class='avia-section av-10q8jr-23d019405b057fafc0547eaa989fe493 main_color avia-section-default avia-no-shadow  avia-builder-el-2  el_after_av_section  avia-builder-el-last  avia-bg-style-scroll container_wrap fullsize'  ><div class='container av-section-cont-open' ><div class='template-page content  av-content-full alpha units'><div class='post-entry post-entry-type-page post-entry-1925'><div class='entry-content-wrapper clearfix'>\n\n<style type=\"text\/css\" data-created_by=\"avia_inline_auto\" id=\"style-css-av-v5vl3-d88d2ffd065a8ae88befe655647c35a6\">\n.flex_column.av-v5vl3-d88d2ffd065a8ae88befe655647c35a6{\nborder-radius:0px 0px 0px 0px;\npadding:0 0 0 0;\n}\n<\/style>\n<div  class='flex_column av-v5vl3-d88d2ffd065a8ae88befe655647c35a6 av_one_full  avia-builder-el-3  avia-builder-el-no-sibling  first flex_column_div av-zero-column-padding  '     ><p><section  class='av_textblock_section av-scwjz-62ba6fd3f9e1658b64d43f5139a76a02 '   itemscope=\"itemscope\" itemtype=\"https:\/\/schema.org\/CreativeWork\" ><div class='avia_textblock'  itemprop=\"text\" ><p>SMARTB2B enth\u00e4lt ein spezialisiertes E-Mail-Marketing-Tool, um professionelle Newsletter mit Produktank\u00fcndigungen, spezielle Kampagnen usw. vorzubereiten und zu versenden.<\/p>\n<p>Dadurch, da\u00df alle Informationen zu Produkten, Kunden, Preislisten &#8230; an einem einzigen Ort gespeichert sind, k\u00f6nnen wir sie zusammenstellen, um schnell E-Mail-Nachrichten zu erstellen, die auf bestimmte Kundengruppen ausgerichtet sind und Informationen enthalten, die auf ihren Gesch\u00e4ftsbedingungen oder dem verf\u00fcgbaren Sortiment basieren.<\/p>\n<\/div><\/section><br \/>\n<div  class='hr av-lw5p3-b2fa9bdf6cbf9aacd81684efc3653a8b hr-default  avia-builder-el-5  el_after_av_textblock  el_before_av_heading '><span class='hr-inner '><span class=\"hr-inner-style\"><\/span><\/span><\/div><br \/>\n\n<style type=\"text\/css\" data-created_by=\"avia_inline_auto\" id=\"style-css-av-1lvkn-559cae39ab3817d162e8fcc458324573\">\n#top .av-special-heading.av-1lvkn-559cae39ab3817d162e8fcc458324573{\npadding-bottom:10px;\n}\nbody .av-special-heading.av-1lvkn-559cae39ab3817d162e8fcc458324573 .av-special-heading-tag .heading-char{\nfont-size:25px;\n}\n.av-special-heading.av-1lvkn-559cae39ab3817d162e8fcc458324573 .av-subheading{\nfont-size:15px;\n}\n<\/style>\n<div  class='av-special-heading av-1lvkn-559cae39ab3817d162e8fcc458324573 av-special-heading-h1 blockquote modern-quote  avia-builder-el-6  el_after_av_hr  el_before_av_textblock '><h1 class='av-special-heading-tag'  itemprop=\"headline\"  >Visueller Editor<\/h1><div class=\"special-heading-border\"><div class=\"special-heading-inner-border\"><\/div><\/div><\/div><br \/>\n<section  class='av_textblock_section av-a9azr-0bca20f3f5575fb02e3e63891e8f2219 '   itemscope=\"itemscope\" itemtype=\"https:\/\/schema.org\/CreativeWork\" ><div class='avia_textblock'  itemprop=\"text\" ><p>Dank dem Visuellen Editor ist das Erstellen ansprechender Nachrichten sehr einfach, da sie aus vordefinierten Bl\u00f6cken bestehen, die Texte, Bilder, Trennzeichen, Links zu Produkten und verbunden Dateien enthalten, die in SMARTB2B gespeichert sind, die Sie durch Drag &amp; Drop anordnen. Wir k\u00fcmmern uns um die Erstellung der rohen E-Mail-Nachricht, die m\u00f6glichst \u00e4hnlich Ihren E-Mail Nachrichten in der meisten E-Mail-Software sehen, die von Ihren Kunden heute genutzt wird.<\/p>\n<p>Alle Elemente k\u00f6nnen in einer Bibliothek gespeichert werden, damit Sie sie problemlos wiederverwenden k\u00f6nnen, wenn Sie allgemeine Elemente wie die Kopf- und Fu\u00dfnoten Ihres Unternehmens erstellen. Ihr Marketing-Team kann auch komplette Layouts f\u00fcr verschiedene Anl\u00e4sse in der Bibliothek erstellen und speichern, so da\u00df Ihr Vertriebsteam Produktank\u00fcndigungen erstellen oder Informationen \u00fcber neue Werbekampagnen immer in einer einheitlichen, visuell ansprechenden Form vorbereiten kann.<\/p>\n<\/div><\/section><\/p><\/div>\n","protected":false},"excerpt":{"rendered":"","protected":false},"author":1,"featured_media":0,"parent":1557,"menu_order":6,"comment_status":"closed","ping_status":"closed","template":"","meta":{"footnotes":""},"yoast_head":"<!-- This site is optimized with the Yoast SEO plugin v22.6 - https:\/\/yoast.com\/wordpress\/plugins\/seo\/ -->\n<title>E-Mail Marketing - SmartB2B<\/title>\n<meta name=\"robots\" content=\"index, follow, max-snippet:-1, max-image-preview:large, max-video-preview:-1\" \/>\n<link rel=\"canonical\" href=\"https:\/\/www.smartb2b.eu\/de\/eigenschaften\/e-mail-marketing\/\" \/>\n<meta property=\"og:locale\" content=\"de_DE\" \/>\n<meta property=\"og:type\" content=\"article\" \/>\n<meta property=\"og:title\" content=\"E-Mail Marketing - SmartB2B\" \/>\n<meta property=\"og:url\" content=\"https:\/\/www.smartb2b.eu\/de\/eigenschaften\/e-mail-marketing\/\" \/>\n<meta property=\"og:site_name\" content=\"SmartB2B\" \/>\n<meta property=\"article:modified_time\" content=\"2018-08-06T14:59:40+00:00\" \/>\n<meta name=\"twitter:card\" content=\"summary_large_image\" \/>\n<meta name=\"twitter:label1\" content=\"Gesch\u00e4tzte Lesezeit\" \/>\n\t<meta name=\"twitter:data1\" content=\"3\u00a0Minuten\" \/>\n<script type=\"application\/ld+json\" class=\"yoast-schema-graph\">{\"@context\":\"https:\/\/schema.org\",\"@graph\":[{\"@type\":\"WebPage\",\"@id\":\"https:\/\/www.smartb2b.eu\/de\/eigenschaften\/e-mail-marketing\/\",\"url\":\"https:\/\/www.smartb2b.eu\/de\/eigenschaften\/e-mail-marketing\/\",\"name\":\"E-Mail Marketing - SmartB2B\",\"isPartOf\":{\"@id\":\"https:\/\/www.smartb2b.eu\/#website\"},\"datePublished\":\"2018-07-14T17:41:34+00:00\",\"dateModified\":\"2018-08-06T14:59:40+00:00\",\"breadcrumb\":{\"@id\":\"https:\/\/www.smartb2b.eu\/de\/eigenschaften\/e-mail-marketing\/#breadcrumb\"},\"inLanguage\":\"de\",\"potentialAction\":[{\"@type\":\"ReadAction\",\"target\":[\"https:\/\/www.smartb2b.eu\/de\/eigenschaften\/e-mail-marketing\/\"]}]},{\"@type\":\"BreadcrumbList\",\"@id\":\"https:\/\/www.smartb2b.eu\/de\/eigenschaften\/e-mail-marketing\/#breadcrumb\",\"itemListElement\":[{\"@type\":\"ListItem\",\"position\":1,\"name\":\"Home\",\"item\":\"https:\/\/www.smartb2b.eu\/\"},{\"@type\":\"ListItem\",\"position\":2,\"name\":\"Funktionen\",\"item\":\"https:\/\/www.smartb2b.eu\/de\/eigenschaften\/\"},{\"@type\":\"ListItem\",\"position\":3,\"name\":\"E-Mail Marketing\"}]},{\"@type\":\"WebSite\",\"@id\":\"https:\/\/www.smartb2b.eu\/#website\",\"url\":\"https:\/\/www.smartb2b.eu\/\",\"name\":\"SmartB2B\",\"description\":\"advanced customer portal and more\",\"potentialAction\":[{\"@type\":\"SearchAction\",\"target\":{\"@type\":\"EntryPoint\",\"urlTemplate\":\"https:\/\/www.smartb2b.eu\/?s={search_term_string}\"},\"query-input\":\"required name=search_term_string\"}],\"inLanguage\":\"de\"}]}<\/script>\n<!-- \/ Yoast SEO plugin. -->","yoast_head_json":{"title":"E-Mail Marketing - SmartB2B","robots":{"index":"index","follow":"follow","max-snippet":"max-snippet:-1","max-image-preview":"max-image-preview:large","max-video-preview":"max-video-preview:-1"},"canonical":"https:\/\/www.smartb2b.eu\/de\/eigenschaften\/e-mail-marketing\/","og_locale":"de_DE","og_type":"article","og_title":"E-Mail Marketing - SmartB2B","og_url":"https:\/\/www.smartb2b.eu\/de\/eigenschaften\/e-mail-marketing\/","og_site_name":"SmartB2B","article_modified_time":"2018-08-06T14:59:40+00:00","twitter_card":"summary_large_image","twitter_misc":{"Gesch\u00e4tzte Lesezeit":"3\u00a0Minuten"},"schema":{"@context":"https:\/\/schema.org","@graph":[{"@type":"WebPage","@id":"https:\/\/www.smartb2b.eu\/de\/eigenschaften\/e-mail-marketing\/","url":"https:\/\/www.smartb2b.eu\/de\/eigenschaften\/e-mail-marketing\/","name":"E-Mail Marketing - SmartB2B","isPartOf":{"@id":"https:\/\/www.smartb2b.eu\/#website"},"datePublished":"2018-07-14T17:41:34+00:00","dateModified":"2018-08-06T14:59:40+00:00","breadcrumb":{"@id":"https:\/\/www.smartb2b.eu\/de\/eigenschaften\/e-mail-marketing\/#breadcrumb"},"inLanguage":"de","potentialAction":[{"@type":"ReadAction","target":["https:\/\/www.smartb2b.eu\/de\/eigenschaften\/e-mail-marketing\/"]}]},{"@type":"BreadcrumbList","@id":"https:\/\/www.smartb2b.eu\/de\/eigenschaften\/e-mail-marketing\/#breadcrumb","itemListElement":[{"@type":"ListItem","position":1,"name":"Home","item":"https:\/\/www.smartb2b.eu\/"},{"@type":"ListItem","position":2,"name":"Funktionen","item":"https:\/\/www.smartb2b.eu\/de\/eigenschaften\/"},{"@type":"ListItem","position":3,"name":"E-Mail Marketing"}]},{"@type":"WebSite","@id":"https:\/\/www.smartb2b.eu\/#website","url":"https:\/\/www.smartb2b.eu\/","name":"SmartB2B","description":"advanced customer portal and more","potentialAction":[{"@type":"SearchAction","target":{"@type":"EntryPoint","urlTemplate":"https:\/\/www.smartb2b.eu\/?s={search_term_string}"},"query-input":"required name=search_term_string"}],"inLanguage":"de"}]}},"_links":{"self":[{"href":"https:\/\/www.smartb2b.eu\/de\/wp-json\/wp\/v2\/pages\/1925"}],"collection":[{"href":"https:\/\/www.smartb2b.eu\/de\/wp-json\/wp\/v2\/pages"}],"about":[{"href":"https:\/\/www.smartb2b.eu\/de\/wp-json\/wp\/v2\/types\/page"}],"author":[{"embeddable":true,"href":"https:\/\/www.smartb2b.eu\/de\/wp-json\/wp\/v2\/users\/1"}],"replies":[{"embeddable":true,"href":"https:\/\/www.smartb2b.eu\/de\/wp-json\/wp\/v2\/comments?post=1925"}],"version-history":[{"count":29,"href":"https:\/\/www.smartb2b.eu\/de\/wp-json\/wp\/v2\/pages\/1925\/revisions"}],"predecessor-version":[{"id":2217,"href":"https:\/\/www.smartb2b.eu\/de\/wp-json\/wp\/v2\/pages\/1925\/revisions\/2217"}],"up":[{"embeddable":true,"href":"https:\/\/www.smartb2b.eu\/de\/wp-json\/wp\/v2\/pages\/1557"}],"wp:attachment":[{"href":"https:\/\/www.smartb2b.eu\/de\/wp-json\/wp\/v2\/media?parent=1925"}],"curies":[{"name":"wp","href":"https:\/\/api.w.org\/{rel}","templated":true}]}}