{"id":1930,"date":"2018-07-14T19:07:19","date_gmt":"2018-07-14T18:07:19","guid":{"rendered":"https:\/\/www.smartb2b.eu\/eigenschaften\/verfolgung-von-reklamationen-und-beschwerden\/"},"modified":"2018-08-06T15:54:13","modified_gmt":"2018-08-06T14:54:13","slug":"verfolgung-von-reklamationen-und-beschwerden","status":"publish","type":"page","link":"https:\/\/www.smartb2b.eu\/de\/eigenschaften\/verfolgung-von-reklamationen-und-beschwerden\/","title":{"rendered":"Reklamationen &amp; Beschwerden Verfolgung"},"content":{"rendered":"\n<style type=\"text\/css\" data-created_by=\"avia_inline_auto\" id=\"style-css-av-ybxab-dc74af42ca0dffcd854b067414759dd5\">\n.avia-section.av-ybxab-dc74af42ca0dffcd854b067414759dd5{\nbackground-color:#ef6c00;\nbackground-image:unset;\n}\n<\/style>\n<div id='av_section_1'  class='avia-section av-ybxab-dc74af42ca0dffcd854b067414759dd5 main_color avia-section-default avia-no-shadow  avia-builder-el-0  el_before_av_section  avia-builder-el-first  avia-bg-style-scroll container_wrap fullsize'  ><div class='container av-section-cont-open' ><main  role=\"main\" itemprop=\"mainContentOfPage\"  class='template-page content  av-content-full alpha units'><div class='post-entry post-entry-type-page post-entry-1930'><div class='entry-content-wrapper clearfix'>\n\n<style type=\"text\/css\" data-created_by=\"avia_inline_auto\" id=\"style-css-av-tfz6j-d6e74accf1883b45f3a39756d0fc0a9e\">\n#top .av-special-heading.av-tfz6j-d6e74accf1883b45f3a39756d0fc0a9e{\npadding-bottom:10px;\ncolor:#ffffff;\nfont-size:54px;\n}\nbody .av-special-heading.av-tfz6j-d6e74accf1883b45f3a39756d0fc0a9e .av-special-heading-tag .heading-char{\nfont-size:25px;\n}\n#top #wrap_all .av-special-heading.av-tfz6j-d6e74accf1883b45f3a39756d0fc0a9e .av-special-heading-tag{\nfont-size:54px;\n}\n.av-special-heading.av-tfz6j-d6e74accf1883b45f3a39756d0fc0a9e .special-heading-inner-border{\nborder-color:#ffffff;\n}\n.av-special-heading.av-tfz6j-d6e74accf1883b45f3a39756d0fc0a9e .av-subheading{\nfont-size:20px;\n}\n\n@media only screen and (min-width: 480px) and (max-width: 767px){ \n#top #wrap_all .av-special-heading.av-tfz6j-d6e74accf1883b45f3a39756d0fc0a9e .av-special-heading-tag{\nfont-size:0.8em;\n}\n}\n\n@media only screen and (max-width: 479px){ \n#top #wrap_all .av-special-heading.av-tfz6j-d6e74accf1883b45f3a39756d0fc0a9e .av-special-heading-tag{\nfont-size:0.8em;\n}\n}\n<\/style>\n<div  class='av-special-heading av-tfz6j-d6e74accf1883b45f3a39756d0fc0a9e av-special-heading-h1 custom-color-heading blockquote modern-quote  avia-builder-el-1  avia-builder-el-no-sibling  av-inherit-size'><h1 class='av-special-heading-tag'  itemprop=\"headline\"  >Reklamationen <span class='special_amp'>&amp;<\/span> Beschwerden Verfolgung<\/h1><div class='av_custom_color av-subheading av-subheading_below'><p>im Aufbau<\/p>\n<\/div><div class=\"special-heading-border\"><div class=\"special-heading-inner-border\"><\/div><\/div><\/div>\n<\/div><\/div><\/main><!-- close content main element --><\/div><\/div>\n<style type=\"text\/css\" data-created_by=\"avia_inline_auto\" id=\"style-css-av-nqux7-ae5d71180a4994bf0820657601ecaedf\">\n.avia-section.av-nqux7-ae5d71180a4994bf0820657601ecaedf{\nbackground-color:#ffffff;\nbackground-image:unset;\n}\n<\/style>\n<div id='av_section_2'  class='avia-section av-nqux7-ae5d71180a4994bf0820657601ecaedf main_color avia-section-default avia-no-shadow  avia-builder-el-2  el_after_av_section  avia-builder-el-last  avia-bg-style-scroll container_wrap fullsize'  ><div class='container av-section-cont-open' ><div class='template-page content  av-content-full alpha units'><div class='post-entry post-entry-type-page post-entry-1930'><div class='entry-content-wrapper clearfix'>\n\n<style type=\"text\/css\" data-created_by=\"avia_inline_auto\" id=\"style-css-av-gpyr7-891a591ff5eb77518b8226590eaa6238\">\n.flex_column.av-gpyr7-891a591ff5eb77518b8226590eaa6238{\nborder-radius:0px 0px 0px 0px;\npadding:0 0 0 0;\n}\n<\/style>\n<div  class='flex_column av-gpyr7-891a591ff5eb77518b8226590eaa6238 av_one_full  avia-builder-el-3  avia-builder-el-no-sibling  first flex_column_div av-zero-column-padding  '     ><section  class='av_textblock_section av-aorb7-fe2174ec22bd06838f8aa446ee144a69 '   itemscope=\"itemscope\" itemtype=\"https:\/\/schema.org\/CreativeWork\" ><div class='avia_textblock'  itemprop=\"text\" ><p>Die gesamte Kommunikation mit den Kunden bez\u00fcglich Reklamationen \u00fcber defekte Produkte, Garantieanspr\u00fcche und Abweichungen bei Lieferungen erfolgt auf eine organisierte Art und Weise.<\/p>\n<\/div><\/section><\/div>\n<\/p>\n","protected":false},"excerpt":{"rendered":"","protected":false},"author":1,"featured_media":0,"parent":1557,"menu_order":5,"comment_status":"closed","ping_status":"closed","template":"","meta":{"footnotes":""},"yoast_head":"<!-- This site is optimized with the Yoast SEO plugin v22.6 - https:\/\/yoast.com\/wordpress\/plugins\/seo\/ -->\n<title>Reklamationen &amp; Beschwerden Verfolgung - SmartB2B<\/title>\n<meta name=\"robots\" content=\"index, follow, max-snippet:-1, max-image-preview:large, max-video-preview:-1\" \/>\n<link rel=\"canonical\" href=\"https:\/\/www.smartb2b.eu\/de\/eigenschaften\/verfolgung-von-reklamationen-und-beschwerden\/\" \/>\n<meta property=\"og:locale\" content=\"de_DE\" \/>\n<meta property=\"og:type\" content=\"article\" \/>\n<meta property=\"og:title\" content=\"Reklamationen &amp; Beschwerden Verfolgung - SmartB2B\" \/>\n<meta property=\"og:url\" content=\"https:\/\/www.smartb2b.eu\/de\/eigenschaften\/verfolgung-von-reklamationen-und-beschwerden\/\" \/>\n<meta property=\"og:site_name\" content=\"SmartB2B\" \/>\n<meta property=\"article:modified_time\" content=\"2018-08-06T14:54:13+00:00\" \/>\n<meta name=\"twitter:card\" content=\"summary_large_image\" \/>\n<meta name=\"twitter:label1\" content=\"Gesch\u00e4tzte Lesezeit\" \/>\n\t<meta name=\"twitter:data1\" content=\"2\u00a0Minuten\" \/>\n<script type=\"application\/ld+json\" class=\"yoast-schema-graph\">{\"@context\":\"https:\/\/schema.org\",\"@graph\":[{\"@type\":\"WebPage\",\"@id\":\"https:\/\/www.smartb2b.eu\/de\/eigenschaften\/verfolgung-von-reklamationen-und-beschwerden\/\",\"url\":\"https:\/\/www.smartb2b.eu\/de\/eigenschaften\/verfolgung-von-reklamationen-und-beschwerden\/\",\"name\":\"Reklamationen &amp; Beschwerden Verfolgung - SmartB2B\",\"isPartOf\":{\"@id\":\"https:\/\/www.smartb2b.eu\/#website\"},\"datePublished\":\"2018-07-14T18:07:19+00:00\",\"dateModified\":\"2018-08-06T14:54:13+00:00\",\"breadcrumb\":{\"@id\":\"https:\/\/www.smartb2b.eu\/de\/eigenschaften\/verfolgung-von-reklamationen-und-beschwerden\/#breadcrumb\"},\"inLanguage\":\"de\",\"potentialAction\":[{\"@type\":\"ReadAction\",\"target\":[\"https:\/\/www.smartb2b.eu\/de\/eigenschaften\/verfolgung-von-reklamationen-und-beschwerden\/\"]}]},{\"@type\":\"BreadcrumbList\",\"@id\":\"https:\/\/www.smartb2b.eu\/de\/eigenschaften\/verfolgung-von-reklamationen-und-beschwerden\/#breadcrumb\",\"itemListElement\":[{\"@type\":\"ListItem\",\"position\":1,\"name\":\"Home\",\"item\":\"https:\/\/www.smartb2b.eu\/\"},{\"@type\":\"ListItem\",\"position\":2,\"name\":\"Funktionen\",\"item\":\"https:\/\/www.smartb2b.eu\/de\/eigenschaften\/\"},{\"@type\":\"ListItem\",\"position\":3,\"name\":\"Reklamationen &amp; Beschwerden Verfolgung\"}]},{\"@type\":\"WebSite\",\"@id\":\"https:\/\/www.smartb2b.eu\/#website\",\"url\":\"https:\/\/www.smartb2b.eu\/\",\"name\":\"SmartB2B\",\"description\":\"advanced customer portal and more\",\"potentialAction\":[{\"@type\":\"SearchAction\",\"target\":{\"@type\":\"EntryPoint\",\"urlTemplate\":\"https:\/\/www.smartb2b.eu\/?s={search_term_string}\"},\"query-input\":\"required name=search_term_string\"}],\"inLanguage\":\"de\"}]}<\/script>\n<!-- \/ Yoast SEO plugin. -->","yoast_head_json":{"title":"Reklamationen &amp; Beschwerden Verfolgung - SmartB2B","robots":{"index":"index","follow":"follow","max-snippet":"max-snippet:-1","max-image-preview":"max-image-preview:large","max-video-preview":"max-video-preview:-1"},"canonical":"https:\/\/www.smartb2b.eu\/de\/eigenschaften\/verfolgung-von-reklamationen-und-beschwerden\/","og_locale":"de_DE","og_type":"article","og_title":"Reklamationen &amp; Beschwerden Verfolgung - SmartB2B","og_url":"https:\/\/www.smartb2b.eu\/de\/eigenschaften\/verfolgung-von-reklamationen-und-beschwerden\/","og_site_name":"SmartB2B","article_modified_time":"2018-08-06T14:54:13+00:00","twitter_card":"summary_large_image","twitter_misc":{"Gesch\u00e4tzte Lesezeit":"2\u00a0Minuten"},"schema":{"@context":"https:\/\/schema.org","@graph":[{"@type":"WebPage","@id":"https:\/\/www.smartb2b.eu\/de\/eigenschaften\/verfolgung-von-reklamationen-und-beschwerden\/","url":"https:\/\/www.smartb2b.eu\/de\/eigenschaften\/verfolgung-von-reklamationen-und-beschwerden\/","name":"Reklamationen &amp; Beschwerden Verfolgung - SmartB2B","isPartOf":{"@id":"https:\/\/www.smartb2b.eu\/#website"},"datePublished":"2018-07-14T18:07:19+00:00","dateModified":"2018-08-06T14:54:13+00:00","breadcrumb":{"@id":"https:\/\/www.smartb2b.eu\/de\/eigenschaften\/verfolgung-von-reklamationen-und-beschwerden\/#breadcrumb"},"inLanguage":"de","potentialAction":[{"@type":"ReadAction","target":["https:\/\/www.smartb2b.eu\/de\/eigenschaften\/verfolgung-von-reklamationen-und-beschwerden\/"]}]},{"@type":"BreadcrumbList","@id":"https:\/\/www.smartb2b.eu\/de\/eigenschaften\/verfolgung-von-reklamationen-und-beschwerden\/#breadcrumb","itemListElement":[{"@type":"ListItem","position":1,"name":"Home","item":"https:\/\/www.smartb2b.eu\/"},{"@type":"ListItem","position":2,"name":"Funktionen","item":"https:\/\/www.smartb2b.eu\/de\/eigenschaften\/"},{"@type":"ListItem","position":3,"name":"Reklamationen &amp; Beschwerden Verfolgung"}]},{"@type":"WebSite","@id":"https:\/\/www.smartb2b.eu\/#website","url":"https:\/\/www.smartb2b.eu\/","name":"SmartB2B","description":"advanced customer portal and more","potentialAction":[{"@type":"SearchAction","target":{"@type":"EntryPoint","urlTemplate":"https:\/\/www.smartb2b.eu\/?s={search_term_string}"},"query-input":"required name=search_term_string"}],"inLanguage":"de"}]}},"_links":{"self":[{"href":"https:\/\/www.smartb2b.eu\/de\/wp-json\/wp\/v2\/pages\/1930"}],"collection":[{"href":"https:\/\/www.smartb2b.eu\/de\/wp-json\/wp\/v2\/pages"}],"about":[{"href":"https:\/\/www.smartb2b.eu\/de\/wp-json\/wp\/v2\/types\/page"}],"author":[{"embeddable":true,"href":"https:\/\/www.smartb2b.eu\/de\/wp-json\/wp\/v2\/users\/1"}],"replies":[{"embeddable":true,"href":"https:\/\/www.smartb2b.eu\/de\/wp-json\/wp\/v2\/comments?post=1930"}],"version-history":[{"count":11,"href":"https:\/\/www.smartb2b.eu\/de\/wp-json\/wp\/v2\/pages\/1930\/revisions"}],"predecessor-version":[{"id":2210,"href":"https:\/\/www.smartb2b.eu\/de\/wp-json\/wp\/v2\/pages\/1930\/revisions\/2210"}],"up":[{"embeddable":true,"href":"https:\/\/www.smartb2b.eu\/de\/wp-json\/wp\/v2\/pages\/1557"}],"wp:attachment":[{"href":"https:\/\/www.smartb2b.eu\/de\/wp-json\/wp\/v2\/media?parent=1930"}],"curies":[{"name":"wp","href":"https:\/\/api.w.org\/{rel}","templated":true}]}}