{"id":2010,"date":"2018-07-20T20:18:21","date_gmt":"2018-07-20T19:18:21","guid":{"rendered":"https:\/\/www.smartb2b.eu\/eigenschaften\/auftragsaufnahme-system\/"},"modified":"2018-08-06T16:01:05","modified_gmt":"2018-08-06T15:01:05","slug":"auftragsaufnahme-system","status":"publish","type":"page","link":"https:\/\/www.smartb2b.eu\/de\/eigenschaften\/auftragsaufnahme-system\/","title":{"rendered":"Auftragsaufnahme-System"},"content":{"rendered":"\n<style type=\"text\/css\" data-created_by=\"avia_inline_auto\" id=\"style-css-av-121nj8-199e55ff6785a7063bcd236be4188e2f\">\n.avia-section.av-121nj8-199e55ff6785a7063bcd236be4188e2f{\nbackground-color:#558b2f;\nbackground-image:unset;\n}\n<\/style>\n<div id='av_section_1'  class='avia-section av-121nj8-199e55ff6785a7063bcd236be4188e2f main_color avia-section-default avia-no-shadow  avia-builder-el-0  el_before_av_section  avia-builder-el-first  avia-bg-style-scroll container_wrap fullsize'  ><div class='container av-section-cont-open' ><main  role=\"main\" itemprop=\"mainContentOfPage\"  class='template-page content  av-content-full alpha units'><div class='post-entry post-entry-type-page post-entry-2010'><div class='entry-content-wrapper clearfix'>\n\n<style type=\"text\/css\" data-created_by=\"avia_inline_auto\" id=\"style-css-av-y3ulg-5c633917879ebf5e4da5361bbaee0d6d\">\n#top .av-special-heading.av-y3ulg-5c633917879ebf5e4da5361bbaee0d6d{\npadding-bottom:10px;\ncolor:#ffffff;\nfont-size:54px;\n}\nbody .av-special-heading.av-y3ulg-5c633917879ebf5e4da5361bbaee0d6d .av-special-heading-tag .heading-char{\nfont-size:25px;\n}\n#top #wrap_all .av-special-heading.av-y3ulg-5c633917879ebf5e4da5361bbaee0d6d .av-special-heading-tag{\nfont-size:54px;\n}\n.av-special-heading.av-y3ulg-5c633917879ebf5e4da5361bbaee0d6d .special-heading-inner-border{\nborder-color:#ffffff;\n}\n.av-special-heading.av-y3ulg-5c633917879ebf5e4da5361bbaee0d6d .av-subheading{\nfont-size:15px;\n}\n\n@media only screen and (min-width: 480px) and (max-width: 767px){ \n#top #wrap_all .av-special-heading.av-y3ulg-5c633917879ebf5e4da5361bbaee0d6d .av-special-heading-tag{\nfont-size:0.8em;\n}\n}\n\n@media only screen and (max-width: 479px){ \n#top #wrap_all .av-special-heading.av-y3ulg-5c633917879ebf5e4da5361bbaee0d6d .av-special-heading-tag{\nfont-size:0.8em;\n}\n}\n<\/style>\n<div  class='av-special-heading av-y3ulg-5c633917879ebf5e4da5361bbaee0d6d av-special-heading-h1 custom-color-heading blockquote modern-quote  avia-builder-el-1  avia-builder-el-no-sibling  av-inherit-size'><h1 class='av-special-heading-tag'  itemprop=\"headline\"  >Auftragsaufnahme-System <\/h1><div class='av_custom_color av-subheading av-subheading_below'><p>Im Aufbau<\/p>\n<\/div><div class=\"special-heading-border\"><div class=\"special-heading-inner-border\"><\/div><\/div><\/div>\n\n<\/div><\/div><\/main><!-- close content main element --><\/div><\/div>\n<style type=\"text\/css\" data-created_by=\"avia_inline_auto\" id=\"style-css-av-rnpcc-d264748d6be016ad5f32271b1700846b\">\n.avia-section.av-rnpcc-d264748d6be016ad5f32271b1700846b{\nbackground-color:#ffffff;\nbackground-image:unset;\n}\n<\/style>\n<div id='av_section_2'  class='avia-section av-rnpcc-d264748d6be016ad5f32271b1700846b main_color avia-section-default avia-no-shadow  avia-builder-el-2  el_after_av_section  avia-builder-el-last  avia-bg-style-scroll container_wrap fullsize'  ><div class='container av-section-cont-open' ><div class='template-page content  av-content-full alpha units'><div class='post-entry post-entry-type-page post-entry-2010'><div class='entry-content-wrapper clearfix'>\n\n<style type=\"text\/css\" data-created_by=\"avia_inline_auto\" id=\"style-css-av-m5ib8-15fcde763f28aff1e354cead32823ff3\">\n.flex_column.av-m5ib8-15fcde763f28aff1e354cead32823ff3{\nborder-radius:0px 0px 0px 0px;\npadding:0 0 0 0;\n}\n<\/style>\n<div  class='flex_column av-m5ib8-15fcde763f28aff1e354cead32823ff3 av_one_full  avia-builder-el-3  avia-builder-el-no-sibling  first flex_column_div av-zero-column-padding  '     ><p>\n<style type=\"text\/css\" data-created_by=\"avia_inline_auto\" id=\"style-css-av-hh31g-c5497171467ca6845872bf6a70e963b9\">\n#top .av-special-heading.av-hh31g-c5497171467ca6845872bf6a70e963b9{\npadding-bottom:10px;\n}\nbody .av-special-heading.av-hh31g-c5497171467ca6845872bf6a70e963b9 .av-special-heading-tag .heading-char{\nfont-size:25px;\n}\n.av-special-heading.av-hh31g-c5497171467ca6845872bf6a70e963b9 .av-subheading{\nfont-size:15px;\n}\n<\/style>\n<div  class='av-special-heading av-hh31g-c5497171467ca6845872bf6a70e963b9 av-special-heading-h1 blockquote modern-quote  avia-builder-el-4  el_before_av_textblock  avia-builder-el-first '><h1 class='av-special-heading-tag'  itemprop=\"headline\"  >Offline Modus<\/h1><div class=\"special-heading-border\"><div class=\"special-heading-inner-border\"><\/div><\/div><\/div><br \/>\n<section  class='av_textblock_section av-anv3w-e02410567b586d76ba54ca6384ef4921 '   itemscope=\"itemscope\" itemtype=\"https:\/\/schema.org\/CreativeWork\" ><div class='avia_textblock'  itemprop=\"text\" ><p>SMARTB2B kann von Ihren Vertretern und Verk\u00e4ufern als ein elektronischer Katalog und Auftragsannahme-System genutzt werden, wenn sie Kunden besuchen oder auf Messen mit Kunden sprechen.<\/p>\n<p>Um die h\u00f6chste Zuverl\u00e4ssigkeit zu bieten, kann der Benutzer den Offline Modus aktivieren, bei dem der vollst\u00e4ndige Katalog auf dem Laptop oder Tablett gespeichert wird. Selbst wenn der Kunde sich im tiefsten Keller befindet, oder eine Ausstellung in einer Metallhalle statt findet, wird fehlende Internetverbindung kein Hinderungsgrund f\u00fcr die Vorbereitung eines Angebots oder f\u00fcr die Aufnahme von Auftr\u00e4gen sein.<\/p>\n<p>Alle Auftr\u00e4ge und Notizen von Kundengensprechen werden automatisch ins System eingespielt, sobald die Kommunikation mit dem SMARTB2B Server m\u00f6glich ist.<\/p>\n<\/div><\/section><\/p><\/div>\n\n","protected":false},"excerpt":{"rendered":"","protected":false},"author":1,"featured_media":0,"parent":1557,"menu_order":7,"comment_status":"closed","ping_status":"closed","template":"","meta":{"footnotes":""},"yoast_head":"<!-- This site is optimized with the Yoast SEO plugin v22.6 - https:\/\/yoast.com\/wordpress\/plugins\/seo\/ -->\n<title>Auftragsaufnahme-System - SmartB2B<\/title>\n<meta name=\"robots\" content=\"index, follow, max-snippet:-1, max-image-preview:large, max-video-preview:-1\" \/>\n<link rel=\"canonical\" href=\"https:\/\/www.smartb2b.eu\/de\/eigenschaften\/auftragsaufnahme-system\/\" \/>\n<meta property=\"og:locale\" content=\"de_DE\" \/>\n<meta property=\"og:type\" content=\"article\" \/>\n<meta property=\"og:title\" content=\"Auftragsaufnahme-System - SmartB2B\" \/>\n<meta property=\"og:url\" content=\"https:\/\/www.smartb2b.eu\/de\/eigenschaften\/auftragsaufnahme-system\/\" \/>\n<meta property=\"og:site_name\" content=\"SmartB2B\" \/>\n<meta property=\"article:modified_time\" content=\"2018-08-06T15:01:05+00:00\" \/>\n<meta name=\"twitter:card\" content=\"summary_large_image\" \/>\n<meta name=\"twitter:label1\" content=\"Gesch\u00e4tzte Lesezeit\" \/>\n\t<meta name=\"twitter:data1\" content=\"3\u00a0Minuten\" \/>\n<script type=\"application\/ld+json\" class=\"yoast-schema-graph\">{\"@context\":\"https:\/\/schema.org\",\"@graph\":[{\"@type\":\"WebPage\",\"@id\":\"https:\/\/www.smartb2b.eu\/de\/eigenschaften\/auftragsaufnahme-system\/\",\"url\":\"https:\/\/www.smartb2b.eu\/de\/eigenschaften\/auftragsaufnahme-system\/\",\"name\":\"Auftragsaufnahme-System - SmartB2B\",\"isPartOf\":{\"@id\":\"https:\/\/www.smartb2b.eu\/#website\"},\"datePublished\":\"2018-07-20T19:18:21+00:00\",\"dateModified\":\"2018-08-06T15:01:05+00:00\",\"breadcrumb\":{\"@id\":\"https:\/\/www.smartb2b.eu\/de\/eigenschaften\/auftragsaufnahme-system\/#breadcrumb\"},\"inLanguage\":\"de\",\"potentialAction\":[{\"@type\":\"ReadAction\",\"target\":[\"https:\/\/www.smartb2b.eu\/de\/eigenschaften\/auftragsaufnahme-system\/\"]}]},{\"@type\":\"BreadcrumbList\",\"@id\":\"https:\/\/www.smartb2b.eu\/de\/eigenschaften\/auftragsaufnahme-system\/#breadcrumb\",\"itemListElement\":[{\"@type\":\"ListItem\",\"position\":1,\"name\":\"Home\",\"item\":\"https:\/\/www.smartb2b.eu\/\"},{\"@type\":\"ListItem\",\"position\":2,\"name\":\"Funktionen\",\"item\":\"https:\/\/www.smartb2b.eu\/de\/eigenschaften\/\"},{\"@type\":\"ListItem\",\"position\":3,\"name\":\"Auftragsaufnahme-System\"}]},{\"@type\":\"WebSite\",\"@id\":\"https:\/\/www.smartb2b.eu\/#website\",\"url\":\"https:\/\/www.smartb2b.eu\/\",\"name\":\"SmartB2B\",\"description\":\"advanced customer portal and more\",\"potentialAction\":[{\"@type\":\"SearchAction\",\"target\":{\"@type\":\"EntryPoint\",\"urlTemplate\":\"https:\/\/www.smartb2b.eu\/?s={search_term_string}\"},\"query-input\":\"required name=search_term_string\"}],\"inLanguage\":\"de\"}]}<\/script>\n<!-- \/ Yoast SEO plugin. -->","yoast_head_json":{"title":"Auftragsaufnahme-System - SmartB2B","robots":{"index":"index","follow":"follow","max-snippet":"max-snippet:-1","max-image-preview":"max-image-preview:large","max-video-preview":"max-video-preview:-1"},"canonical":"https:\/\/www.smartb2b.eu\/de\/eigenschaften\/auftragsaufnahme-system\/","og_locale":"de_DE","og_type":"article","og_title":"Auftragsaufnahme-System - SmartB2B","og_url":"https:\/\/www.smartb2b.eu\/de\/eigenschaften\/auftragsaufnahme-system\/","og_site_name":"SmartB2B","article_modified_time":"2018-08-06T15:01:05+00:00","twitter_card":"summary_large_image","twitter_misc":{"Gesch\u00e4tzte Lesezeit":"3\u00a0Minuten"},"schema":{"@context":"https:\/\/schema.org","@graph":[{"@type":"WebPage","@id":"https:\/\/www.smartb2b.eu\/de\/eigenschaften\/auftragsaufnahme-system\/","url":"https:\/\/www.smartb2b.eu\/de\/eigenschaften\/auftragsaufnahme-system\/","name":"Auftragsaufnahme-System - SmartB2B","isPartOf":{"@id":"https:\/\/www.smartb2b.eu\/#website"},"datePublished":"2018-07-20T19:18:21+00:00","dateModified":"2018-08-06T15:01:05+00:00","breadcrumb":{"@id":"https:\/\/www.smartb2b.eu\/de\/eigenschaften\/auftragsaufnahme-system\/#breadcrumb"},"inLanguage":"de","potentialAction":[{"@type":"ReadAction","target":["https:\/\/www.smartb2b.eu\/de\/eigenschaften\/auftragsaufnahme-system\/"]}]},{"@type":"BreadcrumbList","@id":"https:\/\/www.smartb2b.eu\/de\/eigenschaften\/auftragsaufnahme-system\/#breadcrumb","itemListElement":[{"@type":"ListItem","position":1,"name":"Home","item":"https:\/\/www.smartb2b.eu\/"},{"@type":"ListItem","position":2,"name":"Funktionen","item":"https:\/\/www.smartb2b.eu\/de\/eigenschaften\/"},{"@type":"ListItem","position":3,"name":"Auftragsaufnahme-System"}]},{"@type":"WebSite","@id":"https:\/\/www.smartb2b.eu\/#website","url":"https:\/\/www.smartb2b.eu\/","name":"SmartB2B","description":"advanced customer portal and more","potentialAction":[{"@type":"SearchAction","target":{"@type":"EntryPoint","urlTemplate":"https:\/\/www.smartb2b.eu\/?s={search_term_string}"},"query-input":"required name=search_term_string"}],"inLanguage":"de"}]}},"_links":{"self":[{"href":"https:\/\/www.smartb2b.eu\/de\/wp-json\/wp\/v2\/pages\/2010"}],"collection":[{"href":"https:\/\/www.smartb2b.eu\/de\/wp-json\/wp\/v2\/pages"}],"about":[{"href":"https:\/\/www.smartb2b.eu\/de\/wp-json\/wp\/v2\/types\/page"}],"author":[{"embeddable":true,"href":"https:\/\/www.smartb2b.eu\/de\/wp-json\/wp\/v2\/users\/1"}],"replies":[{"embeddable":true,"href":"https:\/\/www.smartb2b.eu\/de\/wp-json\/wp\/v2\/comments?post=2010"}],"version-history":[{"count":7,"href":"https:\/\/www.smartb2b.eu\/de\/wp-json\/wp\/v2\/pages\/2010\/revisions"}],"predecessor-version":[{"id":2050,"href":"https:\/\/www.smartb2b.eu\/de\/wp-json\/wp\/v2\/pages\/2010\/revisions\/2050"}],"up":[{"embeddable":true,"href":"https:\/\/www.smartb2b.eu\/de\/wp-json\/wp\/v2\/pages\/1557"}],"wp:attachment":[{"href":"https:\/\/www.smartb2b.eu\/de\/wp-json\/wp\/v2\/media?parent=2010"}],"curies":[{"name":"wp","href":"https:\/\/api.w.org\/{rel}","templated":true}]}}