{"id":1023,"date":"2018-03-03T22:54:38","date_gmt":"2018-03-03T21:54:38","guid":{"rendered":"https:\/\/www.smartb2b.eu\/demo\/"},"modified":"2018-03-03T22:58:37","modified_gmt":"2018-03-03T21:58:37","slug":"demo","status":"publish","type":"page","link":"https:\/\/www.smartb2b.eu\/pl\/demo\/","title":{"rendered":"Demo"},"content":{"rendered":"\n<style type=\"text\/css\" data-created_by=\"avia_inline_auto\" id=\"style-css-av-av_section-648fceecdb68bcee31feb0c72176d304\">\n.avia-section.av-av_section-648fceecdb68bcee31feb0c72176d304{\nbackground-color:#0277bd;\nbackground-image:unset;\n}\n<\/style>\n<div id='av_section_1'  class='avia-section av-av_section-648fceecdb68bcee31feb0c72176d304 main_color avia-section-default avia-no-shadow  avia-builder-el-0  el_before_av_section  avia-builder-el-first  avia-bg-style-scroll container_wrap fullsize'  ><div class='container av-section-cont-open' ><main  role=\"main\" itemprop=\"mainContentOfPage\"  class='template-page content  av-content-full alpha units'><div class='post-entry post-entry-type-page post-entry-1023'><div class='entry-content-wrapper clearfix'>\n\n<style type=\"text\/css\" data-created_by=\"avia_inline_auto\" id=\"style-css-av-av_heading-eed6e1376f05171ffafc1f5da57cf41d\">\n#top .av-special-heading.av-av_heading-eed6e1376f05171ffafc1f5da57cf41d{\npadding-bottom:10px;\ncolor:#ffffff;\nfont-size:54px;\n}\nbody .av-special-heading.av-av_heading-eed6e1376f05171ffafc1f5da57cf41d .av-special-heading-tag .heading-char{\nfont-size:25px;\n}\n#top #wrap_all .av-special-heading.av-av_heading-eed6e1376f05171ffafc1f5da57cf41d .av-special-heading-tag{\nfont-size:54px;\n}\n.av-special-heading.av-av_heading-eed6e1376f05171ffafc1f5da57cf41d .special-heading-inner-border{\nborder-color:#ffffff;\n}\n.av-special-heading.av-av_heading-eed6e1376f05171ffafc1f5da57cf41d .av-subheading{\nfont-size:15px;\n}\n\n@media only screen and (min-width: 480px) and (max-width: 767px){ \n#top #wrap_all .av-special-heading.av-av_heading-eed6e1376f05171ffafc1f5da57cf41d .av-special-heading-tag{\nfont-size:0.8em;\n}\n}\n\n@media only screen and (max-width: 479px){ \n#top #wrap_all .av-special-heading.av-av_heading-eed6e1376f05171ffafc1f5da57cf41d .av-special-heading-tag{\nfont-size:0.8em;\n}\n}\n<\/style>\n<div  class='av-special-heading av-av_heading-eed6e1376f05171ffafc1f5da57cf41d av-special-heading-h1 custom-color-heading blockquote modern-quote  avia-builder-el-1  avia-builder-el-no-sibling  av-inherit-size'><h1 class='av-special-heading-tag'  itemprop=\"headline\"  >Demo<\/h1><div class=\"special-heading-border\"><div class=\"special-heading-inner-border\"><\/div><\/div><\/div>\n\n<\/div><\/div><\/main><!-- close content main element --><\/div><\/div>\n<style type=\"text\/css\" data-created_by=\"avia_inline_auto\" id=\"style-css-av-av_section-82a919514b879e1d42acc377c3ab0410\">\n.avia-section.av-av_section-82a919514b879e1d42acc377c3ab0410{\nbackground-color:#ffffff;\nbackground-image:unset;\n}\n<\/style>\n<div id='av_section_2'  class='avia-section av-av_section-82a919514b879e1d42acc377c3ab0410 main_color avia-section-default avia-no-shadow  avia-builder-el-2  el_after_av_section  avia-builder-el-last  avia-bg-style-scroll container_wrap fullsize'  ><div class='container av-section-cont-open' ><div class='template-page content  av-content-full alpha units'><div class='post-entry post-entry-type-page post-entry-1023'><div class='entry-content-wrapper clearfix'>\n\n<style type=\"text\/css\" data-created_by=\"avia_inline_auto\" id=\"style-css-av-av_one_half-15d750bd1b332b34c6e70b077ebbccdf\">\n.flex_column.av-av_one_half-15d750bd1b332b34c6e70b077ebbccdf{\nborder-radius:0px 0px 0px 0px;\npadding:0px 0px 0px 0px;\n}\n<\/style>\n<div  class='flex_column av-av_one_half-15d750bd1b332b34c6e70b077ebbccdf av_one_half  avia-builder-el-3  el_before_av_one_half  avia-builder-el-first  first flex_column_div av-zero-column-padding  '     ><form action=\"https:\/\/www.smartb2b.eu\/pl\/demo\/\" method=\"post\" data-fields-with-error=\"Found errors in the following field(s):\" class=\"avia_ajax_form av-form-labels-visible   avia-builder-el-4  avia-builder-el-no-sibling   \" data-avia-form-id=\"1\" data-avia-redirect='' ><h3 class=''>Podaj sw\u00f3j adres e-mail, a wy\u015blemy Ci link do wersji demonstracyjnej naszego portalu klienta.<\/h3><fieldset><p class='  first_form  form_element form_fullwidth' id='element_avia_1_1'><label for=\"avia_1_1\">E-Mail <abbr class=\"required\" title=\"required\">*<\/abbr><\/label> <input name=\"avia_1_1\" class=\"text_input is_email\" type=\"text\" id=\"avia_1_1\" value=\"\" \/><\/p><div id='avia_2_1' class='av-form-text'><p>\nNie b\u0119dziemy u\u017cywa\u0107 Twojego adresu e-mail do niczego innego poza wysy\u0142aniem tylko jednej wiadomo\u015bci z linkiem do wersji demo &#8211; \u017cadnego SPAM-u, \u017cadnych ofert specjalnych, \u017cadnego pytania jak Ci si\u0119 spodoba\u0142o.<\/p>\n<\/div><p class=\"hidden\"><input type=\"text\" name=\"avia_3_1\" class=\"hidden \" id=\"avia_3_1\" value=\"\" \/><\/p><p class=\"form_element \"><input type=\"hidden\" value=\"1\" name=\"avia_generated_form1\" \/><input type=\"submit\" value=\"Wy\u015blij\" class=\"button\"  data-sending-label=\"Trwa wysy\u0142anie...\"\/><\/p><\/fieldset><\/form><div id=\"ajaxresponse_1\" class=\"ajaxresponse ajaxresponse_1 hidden\"><\/div><\/div>\n<style type=\"text\/css\" data-created_by=\"avia_inline_auto\" id=\"style-css-av-av_one_half-c8fc129dc35fd1ae2a1e410224d39ea8\">\n.flex_column.av-av_one_half-c8fc129dc35fd1ae2a1e410224d39ea8{\nborder-radius:0px 0px 0px 0px;\npadding:0px 0px 0px 0px;\n}\n<\/style>\n<div  class='flex_column av-av_one_half-c8fc129dc35fd1ae2a1e410224d39ea8 av_one_half  avia-builder-el-5  el_after_av_one_half  avia-builder-el-last  flex_column_div av-zero-column-padding  '     ><style type=\"text\/css\" data-created_by=\"avia_inline_auto\" id=\"style-css-av-av_image-5b02a9dd2ba4392c746a5ada1f99ba92\">\n.avia-image-container.av-av_image-5b02a9dd2ba4392c746a5ada1f99ba92 img.avia_image{\nbox-shadow:none;\n}\n.avia-image-container.av-av_image-5b02a9dd2ba4392c746a5ada1f99ba92 .av-image-caption-overlay-center{\ncolor:#ffffff;\n}\n<\/style>\n<div  class='avia-image-container av-av_image-5b02a9dd2ba4392c746a5ada1f99ba92 av-styling- avia-align-center  avia-builder-el-6  avia-builder-el-no-sibling '   itemprop=\"image\" itemscope=\"itemscope\" itemtype=\"https:\/\/schema.org\/ImageObject\" ><div class=\"avia-image-container-inner\"><div class=\"avia-image-overlay-wrap\"><img fetchpriority=\"high\" class='wp-image-958 avia-img-lazy-loading-not-958 avia_image ' src='https:\/\/www.smartb2b.eu\/wp-content\/uploads\/2018\/02\/imac-demo.png' alt='' title='demo'  height=\"634\" width=\"795\"  itemprop=\"thumbnailUrl\"  \/><\/div><\/div><\/div><\/div>\n","protected":false},"excerpt":{"rendered":"","protected":false},"author":1,"featured_media":0,"parent":0,"menu_order":2,"comment_status":"closed","ping_status":"closed","template":"","meta":{"footnotes":""},"yoast_head":"<!-- This site is optimized with the Yoast SEO plugin v22.6 - https:\/\/yoast.com\/wordpress\/plugins\/seo\/ -->\n<title>Demo - SmartB2B<\/title>\n<meta name=\"robots\" content=\"index, follow, max-snippet:-1, max-image-preview:large, max-video-preview:-1\" \/>\n<link rel=\"canonical\" href=\"https:\/\/www.smartb2b.eu\/pl\/demo\/\" \/>\n<meta property=\"og:locale\" content=\"pl_PL\" \/>\n<meta property=\"og:type\" content=\"article\" \/>\n<meta property=\"og:title\" content=\"Demo - SmartB2B\" \/>\n<meta property=\"og:url\" content=\"https:\/\/www.smartb2b.eu\/pl\/demo\/\" \/>\n<meta property=\"og:site_name\" content=\"SmartB2B\" \/>\n<meta property=\"article:modified_time\" content=\"2018-03-03T21:58:37+00:00\" \/>\n<meta name=\"twitter:card\" content=\"summary_large_image\" \/>\n<meta name=\"twitter:label1\" content=\"Szacowany czas czytania\" \/>\n\t<meta name=\"twitter:data1\" content=\"3 minuty\" \/>\n<script type=\"application\/ld+json\" class=\"yoast-schema-graph\">{\"@context\":\"https:\/\/schema.org\",\"@graph\":[{\"@type\":\"WebPage\",\"@id\":\"https:\/\/www.smartb2b.eu\/pl\/demo\/\",\"url\":\"https:\/\/www.smartb2b.eu\/pl\/demo\/\",\"name\":\"Demo - SmartB2B\",\"isPartOf\":{\"@id\":\"https:\/\/www.smartb2b.eu\/#website\"},\"datePublished\":\"2018-03-03T21:54:38+00:00\",\"dateModified\":\"2018-03-03T21:58:37+00:00\",\"breadcrumb\":{\"@id\":\"https:\/\/www.smartb2b.eu\/pl\/demo\/#breadcrumb\"},\"inLanguage\":\"pl-PL\",\"potentialAction\":[{\"@type\":\"ReadAction\",\"target\":[\"https:\/\/www.smartb2b.eu\/pl\/demo\/\"]}]},{\"@type\":\"BreadcrumbList\",\"@id\":\"https:\/\/www.smartb2b.eu\/pl\/demo\/#breadcrumb\",\"itemListElement\":[{\"@type\":\"ListItem\",\"position\":1,\"name\":\"Home\",\"item\":\"https:\/\/www.smartb2b.eu\/pl\/\"},{\"@type\":\"ListItem\",\"position\":2,\"name\":\"Demo\"}]},{\"@type\":\"WebSite\",\"@id\":\"https:\/\/www.smartb2b.eu\/#website\",\"url\":\"https:\/\/www.smartb2b.eu\/\",\"name\":\"SmartB2B\",\"description\":\"advanced customer portal and more\",\"potentialAction\":[{\"@type\":\"SearchAction\",\"target\":{\"@type\":\"EntryPoint\",\"urlTemplate\":\"https:\/\/www.smartb2b.eu\/?s={search_term_string}\"},\"query-input\":\"required name=search_term_string\"}],\"inLanguage\":\"pl-PL\"}]}<\/script>\n<!-- \/ Yoast SEO plugin. -->","yoast_head_json":{"title":"Demo - SmartB2B","robots":{"index":"index","follow":"follow","max-snippet":"max-snippet:-1","max-image-preview":"max-image-preview:large","max-video-preview":"max-video-preview:-1"},"canonical":"https:\/\/www.smartb2b.eu\/pl\/demo\/","og_locale":"pl_PL","og_type":"article","og_title":"Demo - SmartB2B","og_url":"https:\/\/www.smartb2b.eu\/pl\/demo\/","og_site_name":"SmartB2B","article_modified_time":"2018-03-03T21:58:37+00:00","twitter_card":"summary_large_image","twitter_misc":{"Szacowany czas czytania":"3 minuty"},"schema":{"@context":"https:\/\/schema.org","@graph":[{"@type":"WebPage","@id":"https:\/\/www.smartb2b.eu\/pl\/demo\/","url":"https:\/\/www.smartb2b.eu\/pl\/demo\/","name":"Demo - SmartB2B","isPartOf":{"@id":"https:\/\/www.smartb2b.eu\/#website"},"datePublished":"2018-03-03T21:54:38+00:00","dateModified":"2018-03-03T21:58:37+00:00","breadcrumb":{"@id":"https:\/\/www.smartb2b.eu\/pl\/demo\/#breadcrumb"},"inLanguage":"pl-PL","potentialAction":[{"@type":"ReadAction","target":["https:\/\/www.smartb2b.eu\/pl\/demo\/"]}]},{"@type":"BreadcrumbList","@id":"https:\/\/www.smartb2b.eu\/pl\/demo\/#breadcrumb","itemListElement":[{"@type":"ListItem","position":1,"name":"Home","item":"https:\/\/www.smartb2b.eu\/pl\/"},{"@type":"ListItem","position":2,"name":"Demo"}]},{"@type":"WebSite","@id":"https:\/\/www.smartb2b.eu\/#website","url":"https:\/\/www.smartb2b.eu\/","name":"SmartB2B","description":"advanced customer portal and more","potentialAction":[{"@type":"SearchAction","target":{"@type":"EntryPoint","urlTemplate":"https:\/\/www.smartb2b.eu\/?s={search_term_string}"},"query-input":"required name=search_term_string"}],"inLanguage":"pl-PL"}]}},"_links":{"self":[{"href":"https:\/\/www.smartb2b.eu\/pl\/wp-json\/wp\/v2\/pages\/1023"}],"collection":[{"href":"https:\/\/www.smartb2b.eu\/pl\/wp-json\/wp\/v2\/pages"}],"about":[{"href":"https:\/\/www.smartb2b.eu\/pl\/wp-json\/wp\/v2\/types\/page"}],"author":[{"embeddable":true,"href":"https:\/\/www.smartb2b.eu\/pl\/wp-json\/wp\/v2\/users\/1"}],"replies":[{"embeddable":true,"href":"https:\/\/www.smartb2b.eu\/pl\/wp-json\/wp\/v2\/comments?post=1023"}],"version-history":[{"count":7,"href":"https:\/\/www.smartb2b.eu\/pl\/wp-json\/wp\/v2\/pages\/1023\/revisions"}],"predecessor-version":[{"id":1045,"href":"https:\/\/www.smartb2b.eu\/pl\/wp-json\/wp\/v2\/pages\/1023\/revisions\/1045"}],"wp:attachment":[{"href":"https:\/\/www.smartb2b.eu\/pl\/wp-json\/wp\/v2\/media?parent=1023"}],"curies":[{"name":"wp","href":"https:\/\/api.w.org\/{rel}","templated":true}]}}