{"id":1101,"date":"2018-03-04T00:12:38","date_gmt":"2018-03-03T23:12:38","guid":{"rendered":"https:\/\/www.smartb2b.eu\/funkcje\/b2b-e-commerce\/"},"modified":"2018-07-20T16:33:48","modified_gmt":"2018-07-20T15:33:48","slug":"b2b-e-commerce","status":"publish","type":"page","link":"https:\/\/www.smartb2b.eu\/pl\/funkcje\/b2b-e-commerce\/","title":{"rendered":"B2B e-commerce"},"content":{"rendered":"\n<style type=\"text\/css\" data-created_by=\"avia_inline_auto\" id=\"style-css-av-2haroj-13837ee65e6813cebe43e6d125772a56\">\n.avia-section.av-2haroj-13837ee65e6813cebe43e6d125772a56{\nbackground-color:#6a1b9a;\nbackground-image:unset;\n}\n<\/style>\n<div id='av_section_1'  class='avia-section av-2haroj-13837ee65e6813cebe43e6d125772a56 main_color avia-section-default avia-no-shadow  avia-builder-el-0  el_before_av_section  avia-builder-el-first  avia-bg-style-fixed container_wrap fullsize'  ><div class='container av-section-cont-open' ><main  role=\"main\" itemprop=\"mainContentOfPage\"  class='template-page content  av-content-full alpha units'><div class='post-entry post-entry-type-page post-entry-1101'><div class='entry-content-wrapper clearfix'>\n\n<style type=\"text\/css\" data-created_by=\"avia_inline_auto\" id=\"style-css-av-2612qr-b21ff63367368b394b8bd26349ec0fdb\">\n#top .av-special-heading.av-2612qr-b21ff63367368b394b8bd26349ec0fdb{\npadding-bottom:10px;\ncolor:#ffffff;\nfont-size:54px;\n}\nbody .av-special-heading.av-2612qr-b21ff63367368b394b8bd26349ec0fdb .av-special-heading-tag .heading-char{\nfont-size:25px;\n}\n#top #wrap_all .av-special-heading.av-2612qr-b21ff63367368b394b8bd26349ec0fdb .av-special-heading-tag{\nfont-size:54px;\n}\n.av-special-heading.av-2612qr-b21ff63367368b394b8bd26349ec0fdb .special-heading-inner-border{\nborder-color:#ffffff;\n}\n.av-special-heading.av-2612qr-b21ff63367368b394b8bd26349ec0fdb .av-subheading{\nfont-size:20px;\n}\n\n@media only screen and (min-width: 480px) and (max-width: 767px){ \n#top #wrap_all .av-special-heading.av-2612qr-b21ff63367368b394b8bd26349ec0fdb .av-special-heading-tag{\nfont-size:0.8em;\n}\n}\n\n@media only screen and (max-width: 479px){ \n#top #wrap_all .av-special-heading.av-2612qr-b21ff63367368b394b8bd26349ec0fdb .av-special-heading-tag{\nfont-size:0.8em;\n}\n}\n<\/style>\n<div  class='av-special-heading av-2612qr-b21ff63367368b394b8bd26349ec0fdb av-special-heading-h1 custom-color-heading blockquote modern-quote  avia-builder-el-1  avia-builder-el-no-sibling  av-inherit-size'><h1 class='av-special-heading-tag'  itemprop=\"headline\"  >B2B E-commerce<\/h1><div class='av_custom_color av-subheading av-subheading_below'><p>G\u0142\u00f3wna cz\u0119\u015b\u0107 portalu dla klient\u00f3w<\/p>\n<\/div><div class=\"special-heading-border\"><div class=\"special-heading-inner-border\"><\/div><\/div><\/div>\n\n<\/div><\/div><\/main><!-- close content main element --><\/div><\/div>\n<style type=\"text\/css\" data-created_by=\"avia_inline_auto\" id=\"style-css-av-21w1rv-afb05fa015b22a384f9b3093d8e89ea7\">\n.avia-section.av-21w1rv-afb05fa015b22a384f9b3093d8e89ea7{\nbackground-color:#ffffff;\nbackground-image:unset;\n}\n<\/style>\n<div id='av_section_2'  class='avia-section av-21w1rv-afb05fa015b22a384f9b3093d8e89ea7 main_color avia-section-default avia-no-shadow  avia-builder-el-2  el_after_av_section  el_before_av_section  avia-bg-style-scroll container_wrap fullsize'  ><div class='container av-section-cont-open' ><div class='template-page content  av-content-full alpha units'><div class='post-entry post-entry-type-page post-entry-1101'><div class='entry-content-wrapper clearfix'>\n\n<style type=\"text\/css\" data-created_by=\"avia_inline_auto\" id=\"style-css-av-1uvyxf-65df8e2d6f6a0382c4efe08190dc6368\">\n.flex_column.av-1uvyxf-65df8e2d6f6a0382c4efe08190dc6368{\nborder-radius:0px 0px 0px 0px;\npadding:0 0 0 0;\n}\n<\/style>\n<div  class='flex_column av-1uvyxf-65df8e2d6f6a0382c4efe08190dc6368 av_one_full  avia-builder-el-3  avia-builder-el-no-sibling  first flex_column_div av-zero-column-padding  '     ><p>\n<style type=\"text\/css\" data-created_by=\"avia_inline_auto\" id=\"style-css-av-1k8w3-bbc41fe81eb437a11fb9789786fdfd6a\">\n#top .av-special-heading.av-1k8w3-bbc41fe81eb437a11fb9789786fdfd6a{\npadding-bottom:10px;\n}\nbody .av-special-heading.av-1k8w3-bbc41fe81eb437a11fb9789786fdfd6a .av-special-heading-tag .heading-char{\nfont-size:25px;\n}\n.av-special-heading.av-1k8w3-bbc41fe81eb437a11fb9789786fdfd6a .av-subheading{\nfont-size:15px;\n}\n<\/style>\n<div  class='av-special-heading av-1k8w3-bbc41fe81eb437a11fb9789786fdfd6a av-special-heading-h1 blockquote modern-quote  avia-builder-el-4  el_before_av_textblock  avia-builder-el-first '><h1 class='av-special-heading-tag'  itemprop=\"headline\"  >Katalog produkt\u00f3w online<\/h1><div class=\"special-heading-border\"><div class=\"special-heading-inner-border\"><\/div><\/div><\/div><br \/>\n<section  class='av_textblock_section av-1ja59f-620f506e392432cedb1347bf45faea8b '   itemscope=\"itemscope\" itemtype=\"https:\/\/schema.org\/CreativeWork\" ><div class='avia_textblock'  itemprop=\"text\" ><p>Poniewa\u017c produkty stanowi\u0105 rdze\u0144 Twojej firmy, katalog produkt\u00f3w jest g\u0142\u00f3wnym modu\u0142em SMARTB2B.<br \/>\nJest to centralne miejsce do zarz\u0105dzania i prezentowania klientom wszelkich informacji dotycz\u0105cych asortymentu.<\/p>\n<p>Przygotowali\u015bmy wst\u0119pnie zdefiniowane pola z danymi standardowymi &#8211; nazwa, zbi\u00f3r, opis, opis, opakowanie (z wieloma jednostkami opakowania, wymiarami i wag\u0105 ka\u017cdego typu opakowania, wieloma kodami EAN), informacje gwarancyjne, kod taryfowy i kraj pochodzenia. Katalog produkt\u00f3w mo\u017ce by\u0107 rozszerzony tak, aby zawiera\u0142 wszystkie atrybuty produkt\u00f3w specyficzne dla Pa\u0144stwa produkt\u00f3w.<\/p>\n<p>Wszystkie teksty &#8211; nazwy i opisy &#8211; mo\u017cna przet\u0142umaczy\u0107 na wiele j\u0119zyk\u00f3w, a SMARTB2BB przedstawi klientom wszystkie informacje w najbardziej odpowiednim j\u0119zyku.<\/p>\n<p>Wszystkie produkty w SMARTB2B s\u0105 u\u0142o\u017cone w wielopoziomowe kategorie, kt\u00f3re powinny by\u0107 zgodne z hierarchi\u0105 produkt\u00f3w w istniej\u0105cych katalogach i cennikach. Wszystkie produkty mo\u017cna przyporz\u0105dkowa\u0107 do wielu kategorii, a przez ustawienie uprawnie\u0144 do ka\u017cdej kategorii mo\u017cna ograniczy\u0107 klient\u00f3w do wy\u015bwietlania tylko cz\u0119\u015bci asortymentu zgodnie z ich warunkami handlowymi.<\/p>\n<\/div><\/section><br \/>\n<div  class='hr av-1du1uj-630b87059221c6c60cfb5c1735d40835 hr-default  avia-builder-el-6  el_after_av_textblock  el_before_av_heading '><span class='hr-inner '><span class=\"hr-inner-style\"><\/span><\/span><\/div><br \/>\n\n<style type=\"text\/css\" data-created_by=\"avia_inline_auto\" id=\"style-css-av-as5yr-9a71b9a7427bddfe9d2824b99b80b491\">\n#top .av-special-heading.av-as5yr-9a71b9a7427bddfe9d2824b99b80b491{\npadding-bottom:10px;\n}\nbody .av-special-heading.av-as5yr-9a71b9a7427bddfe9d2824b99b80b491 .av-special-heading-tag .heading-char{\nfont-size:25px;\n}\n.av-special-heading.av-as5yr-9a71b9a7427bddfe9d2824b99b80b491 .av-subheading{\nfont-size:15px;\n}\n<\/style>\n<div  class='av-special-heading av-as5yr-9a71b9a7427bddfe9d2824b99b80b491 av-special-heading-h1 blockquote modern-quote  avia-builder-el-7  el_after_av_hr  el_before_av_textblock '><h1 class='av-special-heading-tag'  itemprop=\"headline\"  >System sk\u0142adania zam\u00f3wie\u0144<\/h1><div class=\"special-heading-border\"><div class=\"special-heading-inner-border\"><\/div><\/div><\/div><br \/>\n<section  class='av_textblock_section av-11sh1v-f2189ae36ef05bc8af8883238d2ec734 '   itemscope=\"itemscope\" itemtype=\"https:\/\/schema.org\/CreativeWork\" ><div class='avia_textblock'  itemprop=\"text\" ><p>Systemy zamawiania SMARTB2B s\u0105 centraln\u0105 lokalizacj\u0105 sprzeda\u017cy.<\/p>\n<h3>Dla Twoich klient\u00f3w<\/h3>\n<p>Dla Pa\u0144stwa klient\u00f3w jest to kombinacja rozwi\u0105za\u0144 stosowanych w nowoczesnych, przyjaznych dla u\u017cytkownika sklepach internetowych oraz funkcji przeznaczonych dla biznesu &#8211; wszystko to przyczynia si\u0119 do stworzenia systemu, kt\u00f3ry jest bardzo wygodny w obs\u0142udze i dostarcza wszelkich niezb\u0119dnych informacji podczas sk\u0142adania zam\u00f3wienia.<\/p>\n<p>Zamiast pracowa\u0107 z wieloma dostarczonymi wcze\u015bniej dokumentami &#8211; katalogiem, cennikiem, aktualnymi dzia\u0142aniami, wykazem produkt\u00f3w wycofanych, informacjami o stanach magazynowych, danymi logistycznymi produkt\u00f3w &#8211; klient posiada wszystkie te informacje w jednym miejscu, dzi\u0119ki czemu zna ju\u017c cen\u0119 zakupu (w tym wszystkie obowi\u0105zuj\u0105ce zni\u017cki), dost\u0119pno\u015b\u0107 zamawianych produkt\u00f3w oraz spodziewan\u0105 wag\u0119 i wielko\u015b\u0107 zam\u00f3wienia.<\/p>\n<p>Dla klient\u00f3w za granic\u0105 &#8211; poza oferowanymi przez Pa\u0144stwa cenami &#8211; poka\u017cemy dla wygody ich cen\u0119 orientacyjn\u0105 w ich lokalnej walucie wed\u0142ug codziennie aktualizowanych kurs\u00f3w przeliczeniowych, tak aby mogli oni \u0142atwo oszacowa\u0107 warto\u015b\u0107 lub koszt ka\u017cdego produktu lub zam\u00f3wienia.<\/p>\n<h3>Dla Ciebie<\/h3>\n<p>Dla Pa\u0144stwa, systemy zamawiania, to platforma, na kt\u00f3rej mo\u017cna zarz\u0105dza\u0107 wszystkimi cennikami i rabatami.<\/p>\n<p>Stworzyli\u015bmy jak najbardziej elastyczny system, w kt\u00f3rym mo\u017cna w dowolny spos\u00f3b organizowa\u0107 warunki handlowe swoich klient\u00f3w. Uwzgl\u0119dniono wszystkie mo\u017cliwe schematy cennik\u00f3w i rabat\u00f3w &#8211; proste cenniki, cenniki zakupowe oparte na SRP z ustalonymi rabatowymi, degresywnymi cennikami na podstawie zam\u00f3wionych ilo\u015bci.<\/p>\n<p>Kampanie promocyjne mog\u0105 by\u0107 prowadzone w oparciu o ceny netto lub zni\u017cki na bie\u017c\u0105ce ceny zakupu, przy spe\u0142nieniu warunk\u00f3w koniecznych do zastosowania rabatu.<\/p>\n<p>Je\u015bli Tw\u00f3j system ERP nie jest tak elastyczny, mo\u017cesz u\u017cy\u0107 SMARTB2B do skonfigurowania kampanii, a klienci sk\u0142adaj\u0105cy zam\u00f3wienia otrzymaj\u0105 wszystkie stosowne zni\u017cki zgodnie z tym, co widz\u0105 w portalu klienta.<\/p>\n<p>Mo\u017cesz ustawi\u0107 do trzech cen dla ka\u017cdego klienta &#8211; opr\u00f3cz ceny zakupu, mo\u017cesz przedstawi\u0107 dodatkowe ceny takie jak sugerowane ceny detaliczne lub fabryczne ceny FOB. Ka\u017cda z tych cen mo\u017ce by\u0107 w innej walucie, wi\u0119c podczas sprzeda\u017cy za granic\u0105 mo\u017cna sugerowa\u0107 swoim klientom ceny na ich lokalnym rynku w ich lokalnej walucie.<\/p>\n<p>Je\u015bli Twoi klienci s\u0105 zobowi\u0105zani do z\u0142o\u017cenia zam\u00f3wienia w formie pe\u0142nych karton\u00f3w, minimalnych ilo\u015bci lub minimalnej warto\u015bci zam\u00f3wienia &#8211; nasz system b\u0119dzie egzekwowa\u0142 wszystkie zasady.<\/p>\n<\/div><\/section><\/p><\/div><\/div><\/div><\/div><!-- close content main div --><\/div><\/div><div id='av_section_3'  class='avia-section av-byr7-ba91ce86558350dee89314f909615c12 alternate_color avia-section-default avia-no-shadow  avia-builder-el-9  el_after_av_section  avia-builder-el-last  avia-bg-style-scroll container_wrap fullsize'  ><div class='container av-section-cont-open' ><div class='template-page content  av-content-full alpha units'><div class='post-entry post-entry-type-page post-entry-1101'><div class='entry-content-wrapper clearfix'>\n\n<style type=\"text\/css\" data-created_by=\"avia_inline_auto\" id=\"style-css-av-swk2r-a2341beaeed6825fc3c95222b4d7ad0e\">\n#top .av-special-heading.av-swk2r-a2341beaeed6825fc3c95222b4d7ad0e{\npadding-bottom:10px;\n}\nbody .av-special-heading.av-swk2r-a2341beaeed6825fc3c95222b4d7ad0e .av-special-heading-tag .heading-char{\nfont-size:25px;\n}\n.av-special-heading.av-swk2r-a2341beaeed6825fc3c95222b4d7ad0e .av-subheading{\nfont-size:15px;\n}\n<\/style>\n<div  class='av-special-heading av-swk2r-a2341beaeed6825fc3c95222b4d7ad0e av-special-heading-h2 blockquote modern-quote  avia-builder-el-10  el_before_av_textblock  avia-builder-el-first '><h2 class='av-special-heading-tag'  itemprop=\"headline\"  >Integracja z ERP<\/h2><div class=\"special-heading-border\"><div class=\"special-heading-inner-border\"><\/div><\/div><\/div>\n<section  class='av_textblock_section av-iybgz-572f6a75536a48c71380d97b4eb00a3f '   itemscope=\"itemscope\" itemtype=\"https:\/\/schema.org\/CreativeWork\" ><div class='avia_textblock'  itemprop=\"text\" ><p>SMARTB2B mo\u017ce pracowa\u0107 z komunikacj\u0105 lub bez komunikacji z systemem ERP zachowuj\u0105c wi\u0119kszo\u015b\u0107 funkcji.<\/p>\n<p>Je\u015bli pracujesz bez wymiany danych, musisz wprowadzi\u0107 wszystkie dane produktu &#8211; edytuj\u0105c je wewn\u0105trz SMARTB2B lub importuj\u0105c pliki XLS. Zam\u00f3wienia z\u0142o\u017cone przez Pa\u0144stwa klienta zostan\u0105 przes\u0142ane do Pa\u0144stwa poczt\u0105 elektroniczn\u0105.<br \/>\nPoziomy zapas\u00f3w musz\u0105 by\u0107 aktualizowane r\u0119cznie poprzez za\u0142adowanie XLS wyeksportowanego z systemu ERP. Workflow i zaakceptowany format pliku zostan\u0105 przygotowane specjalnie w celu przyspieszenia procesu.<\/p>\n<p>Interfejs podstawowy &#8211; tylko do odczytu &#8211; umo\u017cliwia automatyczne aktualizacje katalogu produkt\u00f3w wraz z informacjami z systemu komputerowego. Poziomy zapas\u00f3w b\u0119d\u0105 aktualizowane do kilku razy na godzin\u0119, a wszystkie nowe produkty b\u0119d\u0105 automatycznie wy\u015bwietlane edytorowi w celu ich uporz\u0105dkowania w odpowiednich kategoriach.<\/p>\n<p>Pe\u0142na wsp\u00f3\u0142praca z zapisem dost\u0119pu do systemu komputerowego b\u0119dzie przynie\u015b\u0107 wszystkie z\u0142o\u017cone zam\u00f3wienia jako Zam\u00f3wienia sprzeda\u017cy bezpo\u015brednio do ERP gotowy do dalszego przetwarzania.<\/p>\n<\/div><\/section>\n\n<style type=\"text\/css\" data-created_by=\"avia_inline_auto\" id=\"style-css-av-gm6x7-a1e3c9380aad0cbd127d2e37a68d6ce1\">\n#top .av-special-heading.av-gm6x7-a1e3c9380aad0cbd127d2e37a68d6ce1{\npadding-bottom:10px;\n}\nbody .av-special-heading.av-gm6x7-a1e3c9380aad0cbd127d2e37a68d6ce1 .av-special-heading-tag .heading-char{\nfont-size:25px;\n}\n.av-special-heading.av-gm6x7-a1e3c9380aad0cbd127d2e37a68d6ce1 .av-subheading{\nfont-size:15px;\n}\n<\/style>\n<div  class='av-special-heading av-gm6x7-a1e3c9380aad0cbd127d2e37a68d6ce1 av-special-heading-h2 blockquote modern-quote  avia-builder-el-12  el_after_av_textblock  el_before_av_textblock '><h2 class='av-special-heading-tag'  itemprop=\"headline\"  >Integracja przez API<\/h2><div class=\"special-heading-border\"><div class=\"special-heading-inner-border\"><\/div><\/div><\/div>\n<section  class='av_textblock_section av-7xh7f-948607743438b09fa62cb0069ee5f343 '   itemscope=\"itemscope\" itemtype=\"https:\/\/schema.org\/CreativeWork\" ><div class='avia_textblock'  itemprop=\"text\" ><p>Interfejs API umo\u017cliwia systemom komputerowym Pa\u0144stwa klient\u00f3w bezpo\u015bredni\u0105 komunikacj\u0119 z SMARTB2B automatycznie pobieraj\u0105c dane o produktach, od\u015bwie\u017caj\u0105c dost\u0119pno\u015b\u0107 produkt\u00f3w w sklepie internetowym klienta itp.<\/p>\n<\/div><\/section>\n<\/p>\n","protected":false},"excerpt":{"rendered":"","protected":false},"author":1,"featured_media":0,"parent":1056,"menu_order":0,"comment_status":"closed","ping_status":"closed","template":"","meta":{"footnotes":""},"yoast_head":"<!-- This site is optimized with the Yoast SEO plugin v22.6 - https:\/\/yoast.com\/wordpress\/plugins\/seo\/ -->\n<title>B2B e-commerce - SmartB2B<\/title>\n<meta name=\"robots\" content=\"index, follow, max-snippet:-1, max-image-preview:large, max-video-preview:-1\" \/>\n<link rel=\"canonical\" href=\"https:\/\/www.smartb2b.eu\/pl\/funkcje\/b2b-e-commerce\/\" \/>\n<meta property=\"og:locale\" content=\"pl_PL\" \/>\n<meta property=\"og:type\" content=\"article\" \/>\n<meta property=\"og:title\" content=\"B2B e-commerce - SmartB2B\" \/>\n<meta property=\"og:url\" content=\"https:\/\/www.smartb2b.eu\/pl\/funkcje\/b2b-e-commerce\/\" \/>\n<meta property=\"og:site_name\" content=\"SmartB2B\" \/>\n<meta property=\"article:modified_time\" content=\"2018-07-20T15:33:48+00:00\" \/>\n<meta name=\"twitter:card\" content=\"summary_large_image\" \/>\n<meta name=\"twitter:label1\" content=\"Szacowany czas czytania\" \/>\n\t<meta name=\"twitter:data1\" content=\"8 minut\" \/>\n<script type=\"application\/ld+json\" class=\"yoast-schema-graph\">{\"@context\":\"https:\/\/schema.org\",\"@graph\":[{\"@type\":\"WebPage\",\"@id\":\"https:\/\/www.smartb2b.eu\/pl\/funkcje\/b2b-e-commerce\/\",\"url\":\"https:\/\/www.smartb2b.eu\/pl\/funkcje\/b2b-e-commerce\/\",\"name\":\"B2B e-commerce - SmartB2B\",\"isPartOf\":{\"@id\":\"https:\/\/www.smartb2b.eu\/#website\"},\"datePublished\":\"2018-03-03T23:12:38+00:00\",\"dateModified\":\"2018-07-20T15:33:48+00:00\",\"breadcrumb\":{\"@id\":\"https:\/\/www.smartb2b.eu\/pl\/funkcje\/b2b-e-commerce\/#breadcrumb\"},\"inLanguage\":\"pl-PL\",\"potentialAction\":[{\"@type\":\"ReadAction\",\"target\":[\"https:\/\/www.smartb2b.eu\/pl\/funkcje\/b2b-e-commerce\/\"]}]},{\"@type\":\"BreadcrumbList\",\"@id\":\"https:\/\/www.smartb2b.eu\/pl\/funkcje\/b2b-e-commerce\/#breadcrumb\",\"itemListElement\":[{\"@type\":\"ListItem\",\"position\":1,\"name\":\"Home\",\"item\":\"https:\/\/www.smartb2b.eu\/pl\/\"},{\"@type\":\"ListItem\",\"position\":2,\"name\":\"Funkcje\",\"item\":\"https:\/\/www.smartb2b.eu\/pl\/funkcje\/\"},{\"@type\":\"ListItem\",\"position\":3,\"name\":\"B2B e-commerce\"}]},{\"@type\":\"WebSite\",\"@id\":\"https:\/\/www.smartb2b.eu\/#website\",\"url\":\"https:\/\/www.smartb2b.eu\/\",\"name\":\"SmartB2B\",\"description\":\"advanced customer portal and more\",\"potentialAction\":[{\"@type\":\"SearchAction\",\"target\":{\"@type\":\"EntryPoint\",\"urlTemplate\":\"https:\/\/www.smartb2b.eu\/?s={search_term_string}\"},\"query-input\":\"required name=search_term_string\"}],\"inLanguage\":\"pl-PL\"}]}<\/script>\n<!-- \/ Yoast SEO plugin. -->","yoast_head_json":{"title":"B2B e-commerce - SmartB2B","robots":{"index":"index","follow":"follow","max-snippet":"max-snippet:-1","max-image-preview":"max-image-preview:large","max-video-preview":"max-video-preview:-1"},"canonical":"https:\/\/www.smartb2b.eu\/pl\/funkcje\/b2b-e-commerce\/","og_locale":"pl_PL","og_type":"article","og_title":"B2B e-commerce - SmartB2B","og_url":"https:\/\/www.smartb2b.eu\/pl\/funkcje\/b2b-e-commerce\/","og_site_name":"SmartB2B","article_modified_time":"2018-07-20T15:33:48+00:00","twitter_card":"summary_large_image","twitter_misc":{"Szacowany czas czytania":"8 minut"},"schema":{"@context":"https:\/\/schema.org","@graph":[{"@type":"WebPage","@id":"https:\/\/www.smartb2b.eu\/pl\/funkcje\/b2b-e-commerce\/","url":"https:\/\/www.smartb2b.eu\/pl\/funkcje\/b2b-e-commerce\/","name":"B2B e-commerce - SmartB2B","isPartOf":{"@id":"https:\/\/www.smartb2b.eu\/#website"},"datePublished":"2018-03-03T23:12:38+00:00","dateModified":"2018-07-20T15:33:48+00:00","breadcrumb":{"@id":"https:\/\/www.smartb2b.eu\/pl\/funkcje\/b2b-e-commerce\/#breadcrumb"},"inLanguage":"pl-PL","potentialAction":[{"@type":"ReadAction","target":["https:\/\/www.smartb2b.eu\/pl\/funkcje\/b2b-e-commerce\/"]}]},{"@type":"BreadcrumbList","@id":"https:\/\/www.smartb2b.eu\/pl\/funkcje\/b2b-e-commerce\/#breadcrumb","itemListElement":[{"@type":"ListItem","position":1,"name":"Home","item":"https:\/\/www.smartb2b.eu\/pl\/"},{"@type":"ListItem","position":2,"name":"Funkcje","item":"https:\/\/www.smartb2b.eu\/pl\/funkcje\/"},{"@type":"ListItem","position":3,"name":"B2B e-commerce"}]},{"@type":"WebSite","@id":"https:\/\/www.smartb2b.eu\/#website","url":"https:\/\/www.smartb2b.eu\/","name":"SmartB2B","description":"advanced customer portal and more","potentialAction":[{"@type":"SearchAction","target":{"@type":"EntryPoint","urlTemplate":"https:\/\/www.smartb2b.eu\/?s={search_term_string}"},"query-input":"required name=search_term_string"}],"inLanguage":"pl-PL"}]}},"_links":{"self":[{"href":"https:\/\/www.smartb2b.eu\/pl\/wp-json\/wp\/v2\/pages\/1101"}],"collection":[{"href":"https:\/\/www.smartb2b.eu\/pl\/wp-json\/wp\/v2\/pages"}],"about":[{"href":"https:\/\/www.smartb2b.eu\/pl\/wp-json\/wp\/v2\/types\/page"}],"author":[{"embeddable":true,"href":"https:\/\/www.smartb2b.eu\/pl\/wp-json\/wp\/v2\/users\/1"}],"replies":[{"embeddable":true,"href":"https:\/\/www.smartb2b.eu\/pl\/wp-json\/wp\/v2\/comments?post=1101"}],"version-history":[{"count":20,"href":"https:\/\/www.smartb2b.eu\/pl\/wp-json\/wp\/v2\/pages\/1101\/revisions"}],"predecessor-version":[{"id":2235,"href":"https:\/\/www.smartb2b.eu\/pl\/wp-json\/wp\/v2\/pages\/1101\/revisions\/2235"}],"up":[{"embeddable":true,"href":"https:\/\/www.smartb2b.eu\/pl\/wp-json\/wp\/v2\/pages\/1056"}],"wp:attachment":[{"href":"https:\/\/www.smartb2b.eu\/pl\/wp-json\/wp\/v2\/media?parent=1101"}],"curies":[{"name":"wp","href":"https:\/\/api.w.org\/{rel}","templated":true}]}}