{"id":1115,"date":"2018-03-04T01:13:56","date_gmt":"2018-03-04T00:13:56","guid":{"rendered":"https:\/\/www.smartb2b.eu\/funkcje\/media-files-library\/"},"modified":"2018-03-15T16:10:32","modified_gmt":"2018-03-15T15:10:32","slug":"biblioteka-zdjec-i-plikow","status":"publish","type":"page","link":"https:\/\/www.smartb2b.eu\/pl\/funkcje\/biblioteka-zdjec-i-plikow\/","title":{"rendered":"Biblioteka Zdj\u0119\u0107 i Plik\u00f3w"},"content":{"rendered":"\n<style type=\"text\/css\" data-created_by=\"avia_inline_auto\" id=\"style-css-av-av_section-e841e1273711dcc381e96eb6ad778c66\">\n.avia-section.av-av_section-e841e1273711dcc381e96eb6ad778c66{\nbackground-color:#00695c;\nbackground-image:unset;\n}\n<\/style>\n<div id='av_section_1'  class='avia-section av-av_section-e841e1273711dcc381e96eb6ad778c66 main_color avia-section-default avia-no-shadow  avia-builder-el-0  el_before_av_section  avia-builder-el-first  avia-bg-style-scroll container_wrap fullsize'  ><div class='container av-section-cont-open' ><main  role=\"main\" itemprop=\"mainContentOfPage\"  class='template-page content  av-content-full alpha units'><div class='post-entry post-entry-type-page post-entry-1115'><div class='entry-content-wrapper clearfix'>\n\n<style type=\"text\/css\" data-created_by=\"avia_inline_auto\" id=\"style-css-av-av_heading-5935d9024218976d47f6ed62fba9bc2f\">\n#top .av-special-heading.av-av_heading-5935d9024218976d47f6ed62fba9bc2f{\npadding-bottom:10px;\ncolor:#ffffff;\nfont-size:54px;\n}\nbody .av-special-heading.av-av_heading-5935d9024218976d47f6ed62fba9bc2f .av-special-heading-tag .heading-char{\nfont-size:25px;\n}\n#top #wrap_all .av-special-heading.av-av_heading-5935d9024218976d47f6ed62fba9bc2f .av-special-heading-tag{\nfont-size:54px;\n}\n.av-special-heading.av-av_heading-5935d9024218976d47f6ed62fba9bc2f .special-heading-inner-border{\nborder-color:#ffffff;\n}\n.av-special-heading.av-av_heading-5935d9024218976d47f6ed62fba9bc2f .av-subheading{\nfont-size:15px;\n}\n\n@media only screen and (min-width: 480px) and (max-width: 767px){ \n#top #wrap_all .av-special-heading.av-av_heading-5935d9024218976d47f6ed62fba9bc2f .av-special-heading-tag{\nfont-size:0.8em;\n}\n}\n\n@media only screen and (max-width: 479px){ \n#top #wrap_all .av-special-heading.av-av_heading-5935d9024218976d47f6ed62fba9bc2f .av-special-heading-tag{\nfont-size:0.8em;\n}\n}\n<\/style>\n<div  class='av-special-heading av-av_heading-5935d9024218976d47f6ed62fba9bc2f av-special-heading-h1 custom-color-heading blockquote modern-quote  avia-builder-el-1  avia-builder-el-no-sibling  av-inherit-size'><h1 class='av-special-heading-tag'  itemprop=\"headline\"  >Biblioteka Zdj\u0119\u0107 i Plik\u00f3w<\/h1><div class=\"special-heading-border\"><div class=\"special-heading-inner-border\"><\/div><\/div><\/div>\n<\/div><\/div><\/main><!-- close content main element --><\/div><\/div>\n<style type=\"text\/css\" data-created_by=\"avia_inline_auto\" id=\"style-css-av-av_section-82a919514b879e1d42acc377c3ab0410\">\n.avia-section.av-av_section-82a919514b879e1d42acc377c3ab0410{\nbackground-color:#ffffff;\nbackground-image:unset;\n}\n<\/style>\n<div id='av_section_2'  class='avia-section av-av_section-82a919514b879e1d42acc377c3ab0410 main_color avia-section-default avia-no-shadow  avia-builder-el-2  el_after_av_section  avia-builder-el-last  avia-bg-style-scroll container_wrap fullsize'  ><div class='container av-section-cont-open' ><div class='template-page content  av-content-full alpha units'><div class='post-entry post-entry-type-page post-entry-1115'><div class='entry-content-wrapper clearfix'>\n\n<style type=\"text\/css\" data-created_by=\"avia_inline_auto\" id=\"style-css-av-av_one_full-067e06d5e089010f1a808aa90af8d264\">\n.flex_column.av-av_one_full-067e06d5e089010f1a808aa90af8d264{\nborder-radius:0px 0px 0px 0px;\npadding:0 0 0 0;\n}\n<\/style>\n<div  class='flex_column av-av_one_full-067e06d5e089010f1a808aa90af8d264 av_one_full  avia-builder-el-3  avia-builder-el-no-sibling  first flex_column_div av-zero-column-padding  '     ><section  class='av_textblock_section av-av_textblock-2bd894dbf2e4bf2c4acf98ce4fbf94aa '   itemscope=\"itemscope\" itemtype=\"https:\/\/schema.org\/CreativeWork\" ><div class='avia_textblock'  itemprop=\"text\" ><p>Wysy\u0142anie p\u0142yt CD ze zdj\u0119ciami, przekazywanie pendrive&#8217;\u00f3w podczas spotka\u0144, przesy\u0142anie szybko wygasaj\u0105cych link\u00f3w do folder\u00f3w internetowych to nie s\u0105 dobre sposoby na dystrybucj\u0119 zdj\u0119\u0107, film\u00f3w, PDF-\u00f3w i innych plik\u00f3w do Twoich klient\u00f3w. SMARTB2B pozwala mie\u0107 jedn\u0105 lokalizacj\u0119, w kt\u00f3rej Twoi klienci odnajd\u0105 wszystko &#8211; od zdj\u0119\u0107 produktowych, poprzez certyfikaty, instrukcje obs\u0142ugi i katalogi, a\u017c po gotowe bannery do u\u017cycia na ich stronach internetowych.<\/p>\n<p>Podej\u015bcie skupiaj\u0105ce si\u0119 na produktach pozwoli Ci na zarz\u0105dzanie swoim zbiorem plik\u00f3w i pokazywanie klientom tylko tych, kt\u00f3re s\u0105 dla nich dost\u0119pne &#8211; nowe zdj\u0119cia pojawi\u0105 si\u0119 zaraz po og\u0142oszeniu nowego produktu i znikn\u0105 klientom z oczu, gdy tylko produkt zako\u0144czy sw\u00f3j cykl \u017cycia.<\/p>\n<\/div><\/section><\/div>\n<\/p>\n","protected":false},"excerpt":{"rendered":"","protected":false},"author":1,"featured_media":0,"parent":1056,"menu_order":2,"comment_status":"closed","ping_status":"closed","template":"","meta":{"footnotes":""},"yoast_head":"<!-- This site is optimized with the Yoast SEO plugin v22.6 - https:\/\/yoast.com\/wordpress\/plugins\/seo\/ -->\n<title>Biblioteka Zdj\u0119\u0107 i Plik\u00f3w - SmartB2B<\/title>\n<meta name=\"robots\" content=\"index, follow, max-snippet:-1, max-image-preview:large, max-video-preview:-1\" \/>\n<link rel=\"canonical\" href=\"https:\/\/www.smartb2b.eu\/pl\/funkcje\/biblioteka-zdjec-i-plikow\/\" \/>\n<meta property=\"og:locale\" content=\"pl_PL\" \/>\n<meta property=\"og:type\" content=\"article\" \/>\n<meta property=\"og:title\" content=\"Biblioteka Zdj\u0119\u0107 i Plik\u00f3w - SmartB2B\" \/>\n<meta property=\"og:url\" content=\"https:\/\/www.smartb2b.eu\/pl\/funkcje\/biblioteka-zdjec-i-plikow\/\" \/>\n<meta property=\"og:site_name\" content=\"SmartB2B\" \/>\n<meta property=\"article:modified_time\" content=\"2018-03-15T15:10:32+00:00\" \/>\n<meta name=\"twitter:card\" content=\"summary_large_image\" \/>\n<meta name=\"twitter:label1\" content=\"Szacowany czas czytania\" \/>\n\t<meta name=\"twitter:data1\" content=\"2 minuty\" \/>\n<script type=\"application\/ld+json\" class=\"yoast-schema-graph\">{\"@context\":\"https:\/\/schema.org\",\"@graph\":[{\"@type\":\"WebPage\",\"@id\":\"https:\/\/www.smartb2b.eu\/pl\/funkcje\/biblioteka-zdjec-i-plikow\/\",\"url\":\"https:\/\/www.smartb2b.eu\/pl\/funkcje\/biblioteka-zdjec-i-plikow\/\",\"name\":\"Biblioteka Zdj\u0119\u0107 i Plik\u00f3w - SmartB2B\",\"isPartOf\":{\"@id\":\"https:\/\/www.smartb2b.eu\/#website\"},\"datePublished\":\"2018-03-04T00:13:56+00:00\",\"dateModified\":\"2018-03-15T15:10:32+00:00\",\"breadcrumb\":{\"@id\":\"https:\/\/www.smartb2b.eu\/pl\/funkcje\/biblioteka-zdjec-i-plikow\/#breadcrumb\"},\"inLanguage\":\"pl-PL\",\"potentialAction\":[{\"@type\":\"ReadAction\",\"target\":[\"https:\/\/www.smartb2b.eu\/pl\/funkcje\/biblioteka-zdjec-i-plikow\/\"]}]},{\"@type\":\"BreadcrumbList\",\"@id\":\"https:\/\/www.smartb2b.eu\/pl\/funkcje\/biblioteka-zdjec-i-plikow\/#breadcrumb\",\"itemListElement\":[{\"@type\":\"ListItem\",\"position\":1,\"name\":\"Home\",\"item\":\"https:\/\/www.smartb2b.eu\/pl\/\"},{\"@type\":\"ListItem\",\"position\":2,\"name\":\"Funkcje\",\"item\":\"https:\/\/www.smartb2b.eu\/pl\/funkcje\/\"},{\"@type\":\"ListItem\",\"position\":3,\"name\":\"Biblioteka Zdj\u0119\u0107 i Plik\u00f3w\"}]},{\"@type\":\"WebSite\",\"@id\":\"https:\/\/www.smartb2b.eu\/#website\",\"url\":\"https:\/\/www.smartb2b.eu\/\",\"name\":\"SmartB2B\",\"description\":\"advanced customer portal and more\",\"potentialAction\":[{\"@type\":\"SearchAction\",\"target\":{\"@type\":\"EntryPoint\",\"urlTemplate\":\"https:\/\/www.smartb2b.eu\/?s={search_term_string}\"},\"query-input\":\"required name=search_term_string\"}],\"inLanguage\":\"pl-PL\"}]}<\/script>\n<!-- \/ Yoast SEO plugin. -->","yoast_head_json":{"title":"Biblioteka Zdj\u0119\u0107 i Plik\u00f3w - SmartB2B","robots":{"index":"index","follow":"follow","max-snippet":"max-snippet:-1","max-image-preview":"max-image-preview:large","max-video-preview":"max-video-preview:-1"},"canonical":"https:\/\/www.smartb2b.eu\/pl\/funkcje\/biblioteka-zdjec-i-plikow\/","og_locale":"pl_PL","og_type":"article","og_title":"Biblioteka Zdj\u0119\u0107 i Plik\u00f3w - SmartB2B","og_url":"https:\/\/www.smartb2b.eu\/pl\/funkcje\/biblioteka-zdjec-i-plikow\/","og_site_name":"SmartB2B","article_modified_time":"2018-03-15T15:10:32+00:00","twitter_card":"summary_large_image","twitter_misc":{"Szacowany czas czytania":"2 minuty"},"schema":{"@context":"https:\/\/schema.org","@graph":[{"@type":"WebPage","@id":"https:\/\/www.smartb2b.eu\/pl\/funkcje\/biblioteka-zdjec-i-plikow\/","url":"https:\/\/www.smartb2b.eu\/pl\/funkcje\/biblioteka-zdjec-i-plikow\/","name":"Biblioteka Zdj\u0119\u0107 i Plik\u00f3w - SmartB2B","isPartOf":{"@id":"https:\/\/www.smartb2b.eu\/#website"},"datePublished":"2018-03-04T00:13:56+00:00","dateModified":"2018-03-15T15:10:32+00:00","breadcrumb":{"@id":"https:\/\/www.smartb2b.eu\/pl\/funkcje\/biblioteka-zdjec-i-plikow\/#breadcrumb"},"inLanguage":"pl-PL","potentialAction":[{"@type":"ReadAction","target":["https:\/\/www.smartb2b.eu\/pl\/funkcje\/biblioteka-zdjec-i-plikow\/"]}]},{"@type":"BreadcrumbList","@id":"https:\/\/www.smartb2b.eu\/pl\/funkcje\/biblioteka-zdjec-i-plikow\/#breadcrumb","itemListElement":[{"@type":"ListItem","position":1,"name":"Home","item":"https:\/\/www.smartb2b.eu\/pl\/"},{"@type":"ListItem","position":2,"name":"Funkcje","item":"https:\/\/www.smartb2b.eu\/pl\/funkcje\/"},{"@type":"ListItem","position":3,"name":"Biblioteka Zdj\u0119\u0107 i Plik\u00f3w"}]},{"@type":"WebSite","@id":"https:\/\/www.smartb2b.eu\/#website","url":"https:\/\/www.smartb2b.eu\/","name":"SmartB2B","description":"advanced customer portal and more","potentialAction":[{"@type":"SearchAction","target":{"@type":"EntryPoint","urlTemplate":"https:\/\/www.smartb2b.eu\/?s={search_term_string}"},"query-input":"required name=search_term_string"}],"inLanguage":"pl-PL"}]}},"_links":{"self":[{"href":"https:\/\/www.smartb2b.eu\/pl\/wp-json\/wp\/v2\/pages\/1115"}],"collection":[{"href":"https:\/\/www.smartb2b.eu\/pl\/wp-json\/wp\/v2\/pages"}],"about":[{"href":"https:\/\/www.smartb2b.eu\/pl\/wp-json\/wp\/v2\/types\/page"}],"author":[{"embeddable":true,"href":"https:\/\/www.smartb2b.eu\/pl\/wp-json\/wp\/v2\/users\/1"}],"replies":[{"embeddable":true,"href":"https:\/\/www.smartb2b.eu\/pl\/wp-json\/wp\/v2\/comments?post=1115"}],"version-history":[{"count":8,"href":"https:\/\/www.smartb2b.eu\/pl\/wp-json\/wp\/v2\/pages\/1115\/revisions"}],"predecessor-version":[{"id":1344,"href":"https:\/\/www.smartb2b.eu\/pl\/wp-json\/wp\/v2\/pages\/1115\/revisions\/1344"}],"up":[{"embeddable":true,"href":"https:\/\/www.smartb2b.eu\/pl\/wp-json\/wp\/v2\/pages\/1056"}],"wp:attachment":[{"href":"https:\/\/www.smartb2b.eu\/pl\/wp-json\/wp\/v2\/media?parent=1115"}],"curies":[{"name":"wp","href":"https:\/\/api.w.org\/{rel}","templated":true}]}}