{"id":1117,"date":"2018-03-04T01:14:20","date_gmt":"2018-03-04T00:14:20","guid":{"rendered":"https:\/\/www.smartb2b.eu\/funkcje\/product-information-manager\/"},"modified":"2018-03-15T16:09:13","modified_gmt":"2018-03-15T15:09:13","slug":"menedzer-informacji-o-produktach","status":"publish","type":"page","link":"https:\/\/www.smartb2b.eu\/pl\/funkcje\/menedzer-informacji-o-produktach\/","title":{"rendered":"Mened\u017cer Informacji o Produktach"},"content":{"rendered":"\n<style type=\"text\/css\" data-created_by=\"avia_inline_auto\" id=\"style-css-av-av_section-f9b6a7987e33239a8bdf4af435c4babc\">\n.avia-section.av-av_section-f9b6a7987e33239a8bdf4af435c4babc{\nbackground-color:#0a0a0a;\nbackground-image:unset;\n}\n<\/style>\n<div id='av_section_1'  class='avia-section av-av_section-f9b6a7987e33239a8bdf4af435c4babc main_color avia-section-default avia-no-shadow  avia-builder-el-0  el_before_av_section  avia-builder-el-first  avia-bg-style-scroll container_wrap fullsize'  ><div class='container av-section-cont-open' ><main  role=\"main\" itemprop=\"mainContentOfPage\"  class='template-page content  av-content-full alpha units'><div class='post-entry post-entry-type-page post-entry-1117'><div class='entry-content-wrapper clearfix'>\n\n<style type=\"text\/css\" data-created_by=\"avia_inline_auto\" id=\"style-css-av-av_heading-29492743ead943506146d1c9fd3c95e9\">\n#top .av-special-heading.av-av_heading-29492743ead943506146d1c9fd3c95e9{\npadding-bottom:10px;\ncolor:#ffffff;\nfont-size:54px;\n}\nbody .av-special-heading.av-av_heading-29492743ead943506146d1c9fd3c95e9 .av-special-heading-tag .heading-char{\nfont-size:25px;\n}\n#top #wrap_all .av-special-heading.av-av_heading-29492743ead943506146d1c9fd3c95e9 .av-special-heading-tag{\nfont-size:54px;\n}\n.av-special-heading.av-av_heading-29492743ead943506146d1c9fd3c95e9 .special-heading-inner-border{\nborder-color:#ffffff;\n}\n.av-special-heading.av-av_heading-29492743ead943506146d1c9fd3c95e9 .av-subheading{\nfont-size:20px;\n}\n\n@media only screen and (min-width: 480px) and (max-width: 767px){ \n#top #wrap_all .av-special-heading.av-av_heading-29492743ead943506146d1c9fd3c95e9 .av-special-heading-tag{\nfont-size:0.8em;\n}\n}\n\n@media only screen and (max-width: 479px){ \n#top #wrap_all .av-special-heading.av-av_heading-29492743ead943506146d1c9fd3c95e9 .av-special-heading-tag{\nfont-size:0.8em;\n}\n}\n<\/style>\n<div  class='av-special-heading av-av_heading-29492743ead943506146d1c9fd3c95e9 av-special-heading-h1 custom-color-heading blockquote modern-quote  avia-builder-el-1  avia-builder-el-no-sibling  av-inherit-size'><h1 class='av-special-heading-tag'  itemprop=\"headline\"  >Mened\u017cer Informacji o Produktach<\/h1><div class='av_custom_color av-subheading av-subheading_below'><p>Ju\u017c Wkr\u00f3tce<\/p>\n<\/div><div class=\"special-heading-border\"><div class=\"special-heading-inner-border\"><\/div><\/div><\/div>\n<\/div><\/div><\/main><!-- close content main element --><\/div><\/div>\n<style type=\"text\/css\" data-created_by=\"avia_inline_auto\" id=\"style-css-av-av_section-82a919514b879e1d42acc377c3ab0410\">\n.avia-section.av-av_section-82a919514b879e1d42acc377c3ab0410{\nbackground-color:#ffffff;\nbackground-image:unset;\n}\n<\/style>\n<div id='av_section_2'  class='avia-section av-av_section-82a919514b879e1d42acc377c3ab0410 main_color avia-section-default avia-no-shadow  avia-builder-el-2  el_after_av_section  avia-builder-el-last  avia-bg-style-scroll container_wrap fullsize'  ><div class='container av-section-cont-open' ><div class='template-page content  av-content-full alpha units'><div class='post-entry post-entry-type-page post-entry-1117'><div class='entry-content-wrapper clearfix'>\n\n<style type=\"text\/css\" data-created_by=\"avia_inline_auto\" id=\"style-css-av-av_one_full-067e06d5e089010f1a808aa90af8d264\">\n.flex_column.av-av_one_full-067e06d5e089010f1a808aa90af8d264{\nborder-radius:0px 0px 0px 0px;\npadding:0 0 0 0;\n}\n<\/style>\n<div  class='flex_column av-av_one_full-067e06d5e089010f1a808aa90af8d264 av_one_full  avia-builder-el-3  avia-builder-el-no-sibling  first flex_column_div av-zero-column-padding  '     ><section  class='av_textblock_section av-av_textblock-2bd894dbf2e4bf2c4acf98ce4fbf94aa '   itemscope=\"itemscope\" itemtype=\"https:\/\/schema.org\/CreativeWork\" ><div class='avia_textblock'  itemprop=\"text\" ><p>Opr\u00f3cz przedstawiania klientom informacji o Twoim asortymencie, SMARTB2B b\u0119dzie pe\u0142noprawnym mened\u017cerem informacji o produktach wspieraj\u0105cym niestandardowe atrybuty wszelkiego rodzaju. Umo\u017cliwia zarz\u0105dzanie wszystkimi informacjami o produkcie od momentu jego stworzenia a\u017c do ca\u0142kowitego zako\u0144czenia jego dystrybucji.<\/p>\n<p>R\u00f3\u017cne oddzia\u0142y Twojej firmy mog\u0105 wsp\u00f3\u0142pracowa\u0107, zachowuj\u0105c wszystkie niezb\u0119dne dane potrzebne do rozwoju produktu, jego wytwarzania, logistyki, magazynowania, sprzeda\u017cy i us\u0142ug\u00a0posprzeda\u017cowych w jednej, centralnej lokalizacji.<\/p>\n<p>Mo\u017cliwo\u015bci eksportowe i importowe systemu SMARTB2B u\u0142atwiaj\u0105 wymian\u0119 danych o produktach z Twoimi systemami ERP, WMS, a tak\u017ce systemami innych firm i klient\u00f3w.<\/p>\n<\/div><\/section><\/div>\n<\/p>\n","protected":false},"excerpt":{"rendered":"","protected":false},"author":1,"featured_media":0,"parent":1056,"menu_order":1,"comment_status":"closed","ping_status":"closed","template":"","meta":{"footnotes":""},"yoast_head":"<!-- This site is optimized with the Yoast SEO plugin v22.6 - https:\/\/yoast.com\/wordpress\/plugins\/seo\/ -->\n<title>Mened\u017cer Informacji o Produktach - SmartB2B<\/title>\n<meta name=\"robots\" content=\"index, follow, max-snippet:-1, max-image-preview:large, max-video-preview:-1\" \/>\n<link rel=\"canonical\" href=\"https:\/\/www.smartb2b.eu\/pl\/funkcje\/menedzer-informacji-o-produktach\/\" \/>\n<meta property=\"og:locale\" content=\"pl_PL\" \/>\n<meta property=\"og:type\" content=\"article\" \/>\n<meta property=\"og:title\" content=\"Mened\u017cer Informacji o Produktach - SmartB2B\" \/>\n<meta property=\"og:url\" content=\"https:\/\/www.smartb2b.eu\/pl\/funkcje\/menedzer-informacji-o-produktach\/\" \/>\n<meta property=\"og:site_name\" content=\"SmartB2B\" \/>\n<meta property=\"article:modified_time\" content=\"2018-03-15T15:09:13+00:00\" \/>\n<meta name=\"twitter:card\" content=\"summary_large_image\" \/>\n<meta name=\"twitter:label1\" content=\"Szacowany czas czytania\" \/>\n\t<meta name=\"twitter:data1\" content=\"2 minuty\" \/>\n<script type=\"application\/ld+json\" class=\"yoast-schema-graph\">{\"@context\":\"https:\/\/schema.org\",\"@graph\":[{\"@type\":\"WebPage\",\"@id\":\"https:\/\/www.smartb2b.eu\/pl\/funkcje\/menedzer-informacji-o-produktach\/\",\"url\":\"https:\/\/www.smartb2b.eu\/pl\/funkcje\/menedzer-informacji-o-produktach\/\",\"name\":\"Mened\u017cer Informacji o Produktach - SmartB2B\",\"isPartOf\":{\"@id\":\"https:\/\/www.smartb2b.eu\/#website\"},\"datePublished\":\"2018-03-04T00:14:20+00:00\",\"dateModified\":\"2018-03-15T15:09:13+00:00\",\"breadcrumb\":{\"@id\":\"https:\/\/www.smartb2b.eu\/pl\/funkcje\/menedzer-informacji-o-produktach\/#breadcrumb\"},\"inLanguage\":\"pl-PL\",\"potentialAction\":[{\"@type\":\"ReadAction\",\"target\":[\"https:\/\/www.smartb2b.eu\/pl\/funkcje\/menedzer-informacji-o-produktach\/\"]}]},{\"@type\":\"BreadcrumbList\",\"@id\":\"https:\/\/www.smartb2b.eu\/pl\/funkcje\/menedzer-informacji-o-produktach\/#breadcrumb\",\"itemListElement\":[{\"@type\":\"ListItem\",\"position\":1,\"name\":\"Home\",\"item\":\"https:\/\/www.smartb2b.eu\/pl\/\"},{\"@type\":\"ListItem\",\"position\":2,\"name\":\"Funkcje\",\"item\":\"https:\/\/www.smartb2b.eu\/pl\/funkcje\/\"},{\"@type\":\"ListItem\",\"position\":3,\"name\":\"Mened\u017cer Informacji o Produktach\"}]},{\"@type\":\"WebSite\",\"@id\":\"https:\/\/www.smartb2b.eu\/#website\",\"url\":\"https:\/\/www.smartb2b.eu\/\",\"name\":\"SmartB2B\",\"description\":\"advanced customer portal and more\",\"potentialAction\":[{\"@type\":\"SearchAction\",\"target\":{\"@type\":\"EntryPoint\",\"urlTemplate\":\"https:\/\/www.smartb2b.eu\/?s={search_term_string}\"},\"query-input\":\"required name=search_term_string\"}],\"inLanguage\":\"pl-PL\"}]}<\/script>\n<!-- \/ Yoast SEO plugin. -->","yoast_head_json":{"title":"Mened\u017cer Informacji o Produktach - SmartB2B","robots":{"index":"index","follow":"follow","max-snippet":"max-snippet:-1","max-image-preview":"max-image-preview:large","max-video-preview":"max-video-preview:-1"},"canonical":"https:\/\/www.smartb2b.eu\/pl\/funkcje\/menedzer-informacji-o-produktach\/","og_locale":"pl_PL","og_type":"article","og_title":"Mened\u017cer Informacji o Produktach - SmartB2B","og_url":"https:\/\/www.smartb2b.eu\/pl\/funkcje\/menedzer-informacji-o-produktach\/","og_site_name":"SmartB2B","article_modified_time":"2018-03-15T15:09:13+00:00","twitter_card":"summary_large_image","twitter_misc":{"Szacowany czas czytania":"2 minuty"},"schema":{"@context":"https:\/\/schema.org","@graph":[{"@type":"WebPage","@id":"https:\/\/www.smartb2b.eu\/pl\/funkcje\/menedzer-informacji-o-produktach\/","url":"https:\/\/www.smartb2b.eu\/pl\/funkcje\/menedzer-informacji-o-produktach\/","name":"Mened\u017cer Informacji o Produktach - SmartB2B","isPartOf":{"@id":"https:\/\/www.smartb2b.eu\/#website"},"datePublished":"2018-03-04T00:14:20+00:00","dateModified":"2018-03-15T15:09:13+00:00","breadcrumb":{"@id":"https:\/\/www.smartb2b.eu\/pl\/funkcje\/menedzer-informacji-o-produktach\/#breadcrumb"},"inLanguage":"pl-PL","potentialAction":[{"@type":"ReadAction","target":["https:\/\/www.smartb2b.eu\/pl\/funkcje\/menedzer-informacji-o-produktach\/"]}]},{"@type":"BreadcrumbList","@id":"https:\/\/www.smartb2b.eu\/pl\/funkcje\/menedzer-informacji-o-produktach\/#breadcrumb","itemListElement":[{"@type":"ListItem","position":1,"name":"Home","item":"https:\/\/www.smartb2b.eu\/pl\/"},{"@type":"ListItem","position":2,"name":"Funkcje","item":"https:\/\/www.smartb2b.eu\/pl\/funkcje\/"},{"@type":"ListItem","position":3,"name":"Mened\u017cer Informacji o Produktach"}]},{"@type":"WebSite","@id":"https:\/\/www.smartb2b.eu\/#website","url":"https:\/\/www.smartb2b.eu\/","name":"SmartB2B","description":"advanced customer portal and more","potentialAction":[{"@type":"SearchAction","target":{"@type":"EntryPoint","urlTemplate":"https:\/\/www.smartb2b.eu\/?s={search_term_string}"},"query-input":"required name=search_term_string"}],"inLanguage":"pl-PL"}]}},"_links":{"self":[{"href":"https:\/\/www.smartb2b.eu\/pl\/wp-json\/wp\/v2\/pages\/1117"}],"collection":[{"href":"https:\/\/www.smartb2b.eu\/pl\/wp-json\/wp\/v2\/pages"}],"about":[{"href":"https:\/\/www.smartb2b.eu\/pl\/wp-json\/wp\/v2\/types\/page"}],"author":[{"embeddable":true,"href":"https:\/\/www.smartb2b.eu\/pl\/wp-json\/wp\/v2\/users\/1"}],"replies":[{"embeddable":true,"href":"https:\/\/www.smartb2b.eu\/pl\/wp-json\/wp\/v2\/comments?post=1117"}],"version-history":[{"count":15,"href":"https:\/\/www.smartb2b.eu\/pl\/wp-json\/wp\/v2\/pages\/1117\/revisions"}],"predecessor-version":[{"id":1342,"href":"https:\/\/www.smartb2b.eu\/pl\/wp-json\/wp\/v2\/pages\/1117\/revisions\/1342"}],"up":[{"embeddable":true,"href":"https:\/\/www.smartb2b.eu\/pl\/wp-json\/wp\/v2\/pages\/1056"}],"wp:attachment":[{"href":"https:\/\/www.smartb2b.eu\/pl\/wp-json\/wp\/v2\/media?parent=1117"}],"curies":[{"name":"wp","href":"https:\/\/api.w.org\/{rel}","templated":true}]}}