{"id":1130,"date":"2018-03-04T01:15:53","date_gmt":"2018-03-04T00:15:53","guid":{"rendered":"https:\/\/www.smartb2b.eu\/funkcje\/order-taking-tool\/"},"modified":"2018-07-16T20:06:46","modified_gmt":"2018-07-16T19:06:46","slug":"system-przyjmowania-zamowien","status":"publish","type":"page","link":"https:\/\/www.smartb2b.eu\/pl\/funkcje\/system-przyjmowania-zamowien\/","title":{"rendered":"System Przyjmowania Zam\u00f3wie\u0144"},"content":{"rendered":"\n<style type=\"text\/css\" data-created_by=\"avia_inline_auto\" id=\"style-css-av-121nj8-199e55ff6785a7063bcd236be4188e2f\">\n.avia-section.av-121nj8-199e55ff6785a7063bcd236be4188e2f{\nbackground-color:#558b2f;\nbackground-image:unset;\n}\n<\/style>\n<div id='av_section_1'  class='avia-section av-121nj8-199e55ff6785a7063bcd236be4188e2f main_color avia-section-default avia-no-shadow  avia-builder-el-0  el_before_av_section  avia-builder-el-first  avia-bg-style-scroll container_wrap fullsize'  ><div class='container av-section-cont-open' ><main  role=\"main\" itemprop=\"mainContentOfPage\"  class='template-page content  av-content-full alpha units'><div class='post-entry post-entry-type-page post-entry-1130'><div class='entry-content-wrapper clearfix'>\n\n<style type=\"text\/css\" data-created_by=\"avia_inline_auto\" id=\"style-css-av-y3ulg-75e811f2ac4998e9ceb139531540dd02\">\n#top .av-special-heading.av-y3ulg-75e811f2ac4998e9ceb139531540dd02{\npadding-bottom:10px;\ncolor:#ffffff;\nfont-size:54px;\n}\nbody .av-special-heading.av-y3ulg-75e811f2ac4998e9ceb139531540dd02 .av-special-heading-tag .heading-char{\nfont-size:25px;\n}\n#top #wrap_all .av-special-heading.av-y3ulg-75e811f2ac4998e9ceb139531540dd02 .av-special-heading-tag{\nfont-size:54px;\n}\n.av-special-heading.av-y3ulg-75e811f2ac4998e9ceb139531540dd02 .special-heading-inner-border{\nborder-color:#ffffff;\n}\n.av-special-heading.av-y3ulg-75e811f2ac4998e9ceb139531540dd02 .av-subheading{\nfont-size:15px;\n}\n\n@media only screen and (min-width: 480px) and (max-width: 767px){ \n#top #wrap_all .av-special-heading.av-y3ulg-75e811f2ac4998e9ceb139531540dd02 .av-special-heading-tag{\nfont-size:0.8em;\n}\n}\n\n@media only screen and (max-width: 479px){ \n#top #wrap_all .av-special-heading.av-y3ulg-75e811f2ac4998e9ceb139531540dd02 .av-special-heading-tag{\nfont-size:0.8em;\n}\n}\n<\/style>\n<div  class='av-special-heading av-y3ulg-75e811f2ac4998e9ceb139531540dd02 av-special-heading-h1 custom-color-heading blockquote modern-quote  avia-builder-el-1  avia-builder-el-no-sibling  av-inherit-size'><h1 class='av-special-heading-tag'  itemprop=\"headline\"  >System Przyjmowania Zam\u00f3wie\u0144<\/h1><div class='av_custom_color av-subheading av-subheading_below'><p>Ju\u017c Wkr\u00f3tce<\/p>\n<\/div><div class=\"special-heading-border\"><div class=\"special-heading-inner-border\"><\/div><\/div><\/div>\n\n<\/div><\/div><\/main><!-- close content main element --><\/div><\/div>\n<style type=\"text\/css\" data-created_by=\"avia_inline_auto\" id=\"style-css-av-rnpcc-d264748d6be016ad5f32271b1700846b\">\n.avia-section.av-rnpcc-d264748d6be016ad5f32271b1700846b{\nbackground-color:#ffffff;\nbackground-image:unset;\n}\n<\/style>\n<div id='av_section_2'  class='avia-section av-rnpcc-d264748d6be016ad5f32271b1700846b main_color avia-section-default avia-no-shadow  avia-builder-el-2  el_after_av_section  avia-builder-el-last  avia-bg-style-scroll container_wrap fullsize'  ><div class='container av-section-cont-open' ><div class='template-page content  av-content-full alpha units'><div class='post-entry post-entry-type-page post-entry-1130'><div class='entry-content-wrapper clearfix'>\n\n<style type=\"text\/css\" data-created_by=\"avia_inline_auto\" id=\"style-css-av-m5ib8-15fcde763f28aff1e354cead32823ff3\">\n.flex_column.av-m5ib8-15fcde763f28aff1e354cead32823ff3{\nborder-radius:0px 0px 0px 0px;\npadding:0 0 0 0;\n}\n<\/style>\n<div  class='flex_column av-m5ib8-15fcde763f28aff1e354cead32823ff3 av_one_full  avia-builder-el-3  avia-builder-el-no-sibling  first flex_column_div av-zero-column-padding  '     ><p>\n<style type=\"text\/css\" data-created_by=\"avia_inline_auto\" id=\"style-css-av-hh31g-88854a962000a2c626dcddd113595e67\">\n#top .av-special-heading.av-hh31g-88854a962000a2c626dcddd113595e67{\npadding-bottom:10px;\n}\nbody .av-special-heading.av-hh31g-88854a962000a2c626dcddd113595e67 .av-special-heading-tag .heading-char{\nfont-size:25px;\n}\n.av-special-heading.av-hh31g-88854a962000a2c626dcddd113595e67 .av-subheading{\nfont-size:15px;\n}\n<\/style>\n<div  class='av-special-heading av-hh31g-88854a962000a2c626dcddd113595e67 av-special-heading-h1 blockquote modern-quote  avia-builder-el-4  el_before_av_textblock  avia-builder-el-first '><h1 class='av-special-heading-tag'  itemprop=\"headline\"  >Tryb Offline<\/h1><div class=\"special-heading-border\"><div class=\"special-heading-inner-border\"><\/div><\/div><\/div><br \/>\n<section  class='av_textblock_section av-anv3w-e02410567b586d76ba54ca6384ef4921 '   itemscope=\"itemscope\" itemtype=\"https:\/\/schema.org\/CreativeWork\" ><div class='avia_textblock'  itemprop=\"text\" ><p>Twoi przedstawiciele handlowi mog\u0105 u\u017cywa\u0107 SMATRB2B do przyjmowania zam\u00f3wie\u0144 gdy odwiedzaj\u0105 klient\u00f3w lub podczas targ\u00f3w.<\/p>\n<p>W celu zapewnienia maksymalnej dost\u0119pno\u015bci u\u017cytkownicy mog\u0105 w\u0142\u0105czy\u0107 tryb offline, gdy pe\u0142ny katalog zostanie pobrany i zachowany na laptopie lub tablecie. Nawet je\u015bli klient znajduje si\u0119 w podziemnym magazynie czy te\u017c targi odbywaj\u0105 si\u0119 w budynku, w kt\u00f3rym sygna\u0142 jest zak\u0142\u00f3cony, brak \u0142\u0105czno\u015bci z internetem nie b\u0119dzie problemem przy prezentowaniu oferty czy przyjmowaniu zam\u00f3wienia.<\/p>\n<p>Wszystkie zam\u00f3wienia i notatki zbierane od klient\u00f3w b\u0119d\u0105 automatycznie wgrywane do systemu, gdy tylko komunikacja z serwerem SMARTB2B b\u0119dzie zn\u00f3w mo\u017cliwa.<\/p>\n<\/div><\/section><\/p><\/div>\n\n","protected":false},"excerpt":{"rendered":"","protected":false},"author":1,"featured_media":0,"parent":1056,"menu_order":7,"comment_status":"closed","ping_status":"closed","template":"","meta":{"footnotes":""},"yoast_head":"<!-- This site is optimized with the Yoast SEO plugin v22.6 - https:\/\/yoast.com\/wordpress\/plugins\/seo\/ -->\n<title>System Przyjmowania Zam\u00f3wie\u0144 - SmartB2B<\/title>\n<meta name=\"robots\" content=\"index, follow, max-snippet:-1, max-image-preview:large, max-video-preview:-1\" \/>\n<link rel=\"canonical\" href=\"https:\/\/www.smartb2b.eu\/pl\/funkcje\/system-przyjmowania-zamowien\/\" \/>\n<meta property=\"og:locale\" content=\"pl_PL\" \/>\n<meta property=\"og:type\" content=\"article\" \/>\n<meta property=\"og:title\" content=\"System Przyjmowania Zam\u00f3wie\u0144 - SmartB2B\" \/>\n<meta property=\"og:url\" content=\"https:\/\/www.smartb2b.eu\/pl\/funkcje\/system-przyjmowania-zamowien\/\" \/>\n<meta property=\"og:site_name\" content=\"SmartB2B\" \/>\n<meta property=\"article:modified_time\" content=\"2018-07-16T19:06:46+00:00\" \/>\n<meta name=\"twitter:card\" content=\"summary_large_image\" \/>\n<meta name=\"twitter:label1\" content=\"Szacowany czas czytania\" \/>\n\t<meta name=\"twitter:data1\" content=\"3 minuty\" \/>\n<script type=\"application\/ld+json\" class=\"yoast-schema-graph\">{\"@context\":\"https:\/\/schema.org\",\"@graph\":[{\"@type\":\"WebPage\",\"@id\":\"https:\/\/www.smartb2b.eu\/pl\/funkcje\/system-przyjmowania-zamowien\/\",\"url\":\"https:\/\/www.smartb2b.eu\/pl\/funkcje\/system-przyjmowania-zamowien\/\",\"name\":\"System Przyjmowania Zam\u00f3wie\u0144 - SmartB2B\",\"isPartOf\":{\"@id\":\"https:\/\/www.smartb2b.eu\/#website\"},\"datePublished\":\"2018-03-04T00:15:53+00:00\",\"dateModified\":\"2018-07-16T19:06:46+00:00\",\"breadcrumb\":{\"@id\":\"https:\/\/www.smartb2b.eu\/pl\/funkcje\/system-przyjmowania-zamowien\/#breadcrumb\"},\"inLanguage\":\"pl-PL\",\"potentialAction\":[{\"@type\":\"ReadAction\",\"target\":[\"https:\/\/www.smartb2b.eu\/pl\/funkcje\/system-przyjmowania-zamowien\/\"]}]},{\"@type\":\"BreadcrumbList\",\"@id\":\"https:\/\/www.smartb2b.eu\/pl\/funkcje\/system-przyjmowania-zamowien\/#breadcrumb\",\"itemListElement\":[{\"@type\":\"ListItem\",\"position\":1,\"name\":\"Home\",\"item\":\"https:\/\/www.smartb2b.eu\/pl\/\"},{\"@type\":\"ListItem\",\"position\":2,\"name\":\"Funkcje\",\"item\":\"https:\/\/www.smartb2b.eu\/pl\/funkcje\/\"},{\"@type\":\"ListItem\",\"position\":3,\"name\":\"System Przyjmowania Zam\u00f3wie\u0144\"}]},{\"@type\":\"WebSite\",\"@id\":\"https:\/\/www.smartb2b.eu\/#website\",\"url\":\"https:\/\/www.smartb2b.eu\/\",\"name\":\"SmartB2B\",\"description\":\"advanced customer portal and more\",\"potentialAction\":[{\"@type\":\"SearchAction\",\"target\":{\"@type\":\"EntryPoint\",\"urlTemplate\":\"https:\/\/www.smartb2b.eu\/?s={search_term_string}\"},\"query-input\":\"required name=search_term_string\"}],\"inLanguage\":\"pl-PL\"}]}<\/script>\n<!-- \/ Yoast SEO plugin. -->","yoast_head_json":{"title":"System Przyjmowania Zam\u00f3wie\u0144 - SmartB2B","robots":{"index":"index","follow":"follow","max-snippet":"max-snippet:-1","max-image-preview":"max-image-preview:large","max-video-preview":"max-video-preview:-1"},"canonical":"https:\/\/www.smartb2b.eu\/pl\/funkcje\/system-przyjmowania-zamowien\/","og_locale":"pl_PL","og_type":"article","og_title":"System Przyjmowania Zam\u00f3wie\u0144 - SmartB2B","og_url":"https:\/\/www.smartb2b.eu\/pl\/funkcje\/system-przyjmowania-zamowien\/","og_site_name":"SmartB2B","article_modified_time":"2018-07-16T19:06:46+00:00","twitter_card":"summary_large_image","twitter_misc":{"Szacowany czas czytania":"3 minuty"},"schema":{"@context":"https:\/\/schema.org","@graph":[{"@type":"WebPage","@id":"https:\/\/www.smartb2b.eu\/pl\/funkcje\/system-przyjmowania-zamowien\/","url":"https:\/\/www.smartb2b.eu\/pl\/funkcje\/system-przyjmowania-zamowien\/","name":"System Przyjmowania Zam\u00f3wie\u0144 - SmartB2B","isPartOf":{"@id":"https:\/\/www.smartb2b.eu\/#website"},"datePublished":"2018-03-04T00:15:53+00:00","dateModified":"2018-07-16T19:06:46+00:00","breadcrumb":{"@id":"https:\/\/www.smartb2b.eu\/pl\/funkcje\/system-przyjmowania-zamowien\/#breadcrumb"},"inLanguage":"pl-PL","potentialAction":[{"@type":"ReadAction","target":["https:\/\/www.smartb2b.eu\/pl\/funkcje\/system-przyjmowania-zamowien\/"]}]},{"@type":"BreadcrumbList","@id":"https:\/\/www.smartb2b.eu\/pl\/funkcje\/system-przyjmowania-zamowien\/#breadcrumb","itemListElement":[{"@type":"ListItem","position":1,"name":"Home","item":"https:\/\/www.smartb2b.eu\/pl\/"},{"@type":"ListItem","position":2,"name":"Funkcje","item":"https:\/\/www.smartb2b.eu\/pl\/funkcje\/"},{"@type":"ListItem","position":3,"name":"System Przyjmowania Zam\u00f3wie\u0144"}]},{"@type":"WebSite","@id":"https:\/\/www.smartb2b.eu\/#website","url":"https:\/\/www.smartb2b.eu\/","name":"SmartB2B","description":"advanced customer portal and more","potentialAction":[{"@type":"SearchAction","target":{"@type":"EntryPoint","urlTemplate":"https:\/\/www.smartb2b.eu\/?s={search_term_string}"},"query-input":"required name=search_term_string"}],"inLanguage":"pl-PL"}]}},"_links":{"self":[{"href":"https:\/\/www.smartb2b.eu\/pl\/wp-json\/wp\/v2\/pages\/1130"}],"collection":[{"href":"https:\/\/www.smartb2b.eu\/pl\/wp-json\/wp\/v2\/pages"}],"about":[{"href":"https:\/\/www.smartb2b.eu\/pl\/wp-json\/wp\/v2\/types\/page"}],"author":[{"embeddable":true,"href":"https:\/\/www.smartb2b.eu\/pl\/wp-json\/wp\/v2\/users\/1"}],"replies":[{"embeddable":true,"href":"https:\/\/www.smartb2b.eu\/pl\/wp-json\/wp\/v2\/comments?post=1130"}],"version-history":[{"count":21,"href":"https:\/\/www.smartb2b.eu\/pl\/wp-json\/wp\/v2\/pages\/1130\/revisions"}],"predecessor-version":[{"id":1398,"href":"https:\/\/www.smartb2b.eu\/pl\/wp-json\/wp\/v2\/pages\/1130\/revisions\/1398"}],"up":[{"embeddable":true,"href":"https:\/\/www.smartb2b.eu\/pl\/wp-json\/wp\/v2\/pages\/1056"}],"wp:attachment":[{"href":"https:\/\/www.smartb2b.eu\/pl\/wp-json\/wp\/v2\/media?parent=1130"}],"curies":[{"name":"wp","href":"https:\/\/api.w.org\/{rel}","templated":true}]}}